{"id":7072,"date":"2025-09-01T03:14:36","date_gmt":"2025-09-01T03:14:36","guid":{"rendered":"https:\/\/ledrhythm.com\/?post_type=product&#038;p=7072"},"modified":"2026-01-30T02:20:58","modified_gmt":"2026-01-30T02:20:58","slug":"classic-outdoor-led-post-top-light-yard","status":"publish","type":"product","link":"https:\/\/ledrhythm.com\/fr\/product\/classic-outdoor-led-post-top-light-yard","title":{"rendered":"Luminaire classique \u00e0 LED pour poteau"},"content":{"rendered":"","protected":false},"excerpt":{"rendered":"<p>\u201cLe luminaire LED \u201d Cloud II \u00bb pour poteau pr\u00e9sente un design classique qui offre non seulement un \u00e9clairage lumineux et s\u00fbr, mais aussi un effet d\u00e9coratif, am\u00e9liorant ainsi l'esth\u00e9tique du paysage ext\u00e9rieur. Il peut \u00eatre install\u00e9 au sommet d'un poteau ou sur un poteau simple \u00e0 double bras. La lentille en verre contr\u00f4le avec pr\u00e9cision la direction du faisceau vers le bas et assure une distribution uniforme de la lumi\u00e8re, r\u00e9duisant efficacement l'\u00e9blouissement. Le bo\u00eetier en aluminium et la protection IP66 permettent de r\u00e9sister facilement \u00e0 diverses conditions m\u00e9t\u00e9orologiques ext\u00e9rieures. Des options de gradation et de contr\u00f4le intelligent multiples sont fournies pour am\u00e9liorer l'efficacit\u00e9 \u00e9nerg\u00e9tique et faciliter la gestion. La CCT est s\u00e9lectionnable entre le jaune chaud et le blanc.<\/p>\n<h4>Caract\u00e9ristiques du produit<\/h4>\n<ol>\n<li>20W,30W,40W,50W,60W,80W,100W<\/li>\n<li>Bo\u00eetier en aluminium moul\u00e9 sous pression<\/li>\n<li>Apparence classique<\/li>\n<li>Protection contre les surtensions de 10KV, IP66<\/li>\n<li>Gradation et contr\u00f4le intelligent<\/li>\n<\/ol>","protected":false},"featured_media":7074,"template":"","meta":{"_acf_changed":false,"_kadence_starter_templates_imported_post":false,"_kad_post_transparent":"default","_kad_post_title":"","_kad_post_layout":"default","_kad_post_sidebar_id":"","_kad_post_content_style":"default","_kad_post_vertical_padding":"default","_kad_post_feature":"","_kad_post_feature_position":"","_kad_post_header":false,"_kad_post_footer":false},"product_brand":[],"product_cat":[44],"product_tag":[],"class_list":{"0":"post-7072","1":"product","2":"type-product","3":"status-publish","4":"has-post-thumbnail","6":"product_cat-led-post-top-lights","8":"first","9":"instock","10":"shipping-taxable","11":"product-type-simple","12":"entry","13":"content-bg","14":"loop-entry"},"acf":[],"_links":{"self":[{"href":"https:\/\/ledrhythm.com\/fr\/wp-json\/wp\/v2\/product\/7072","targetHints":{"allow":["GET"]}}],"collection":[{"href":"https:\/\/ledrhythm.com\/fr\/wp-json\/wp\/v2\/product"}],"about":[{"href":"https:\/\/ledrhythm.com\/fr\/wp-json\/wp\/v2\/types\/product"}],"wp:featuredmedia":[{"embeddable":true,"href":"https:\/\/ledrhythm.com\/fr\/wp-json\/wp\/v2\/media\/7074"}],"wp:attachment":[{"href":"https:\/\/ledrhythm.com\/fr\/wp-json\/wp\/v2\/media?parent=7072"}],"wp:term":[{"taxonomy":"product_brand","embeddable":true,"href":"https:\/\/ledrhythm.com\/fr\/wp-json\/wp\/v2\/product_brand?post=7072"},{"taxonomy":"product_cat","embeddable":true,"href":"https:\/\/ledrhythm.com\/fr\/wp-json\/wp\/v2\/product_cat?post=7072"},{"taxonomy":"product_tag","embeddable":true,"href":"https:\/\/ledrhythm.com\/fr\/wp-json\/wp\/v2\/product_tag?post=7072"}],"curies":[{"name":"wp","href":"https:\/\/api.w.org\/{rel}","templated":true}]}}