{"id":7031,"date":"2025-08-28T09:03:58","date_gmt":"2025-08-28T09:03:58","guid":{"rendered":"https:\/\/ledrhythm.com\/?post_type=product&#038;p=7031"},"modified":"2025-11-28T07:28:56","modified_gmt":"2025-11-28T07:28:56","slug":"super-bright-led-flood-light-stadiums-ports","status":"publish","type":"product","link":"https:\/\/ledrhythm.com\/fr\/product\/super-bright-led-flood-light-stadiums-ports","title":{"rendered":"Projecteur LED super lumineux pour les stades et les ports"},"content":{"rendered":"","protected":false},"excerpt":{"rendered":"<p>Projecteurs \u00e0 LED haute puissance et haut rendement lumineux, chaque module est de 300W et le maximum de 1500W, le flux lumineux est sup\u00e9rieur \u00e0 22 5000 lumens. Six angles de rayonnement sont disponibles pour s'adapter \u00e0 diff\u00e9rentes hauteurs et minimiser la pollution lumineuse et l'\u00e9blouissement. L'IRC jusqu'\u00e0 90+ est con\u00e7u pour cr\u00e9er une exp\u00e9rience visuelle douce, naturelle et r\u00e9aliste. Son cadre monobloc pr\u00e9sente une excellente r\u00e9sistance aux chocs et a \u00e9t\u00e9 test\u00e9 aux vibrations 3G, ce qui garantit qu'il ne se desserre pas lorsqu'il est install\u00e9 sur des poteaux de grande hauteur. Avec un indice de protection IP66 et une gradation de 0 \u00e0 10 V, il est disponible en deux options de conception diff\u00e9rentes, adapt\u00e9es aux grands espaces. <a href=\"https:\/\/ledrhythm.com\/fr\/led-stadium-arena-lights\/\" target=\"_blank\" rel=\"noopener\">stades<\/a>, <a href=\"https:\/\/ledrhythm.com\/fr\/port-lighting\/\" target=\"_blank\" rel=\"noopener\">\u00e9clairage des ports<\/a>et autres.<\/p>\n<h4>Caract\u00e9ristiques du produit<\/h4>\n<ul>\n<li>300W, 600W, 900W, 1200W, 1500W<\/li>\n<li>Angle de rayonnement : 10\u00b0\u300120\u00b0\u300140\u00b0\u300160\u00b0\u300190\u00b0\u3001Asymmetric 50\u00b0<\/li>\n<li>Efficacit\u00e9 lumineuse 150lm\/W+<\/li>\n<li>Gradation 0-10V et contr\u00f4le intelligent<\/li>\n<li>Conception du bo\u00eetier d'alimentation \u00e0 d\u00e9gagement rapide<\/li>\n<\/ul>","protected":false},"featured_media":7035,"template":"","meta":{"_acf_changed":false,"_kadence_starter_templates_imported_post":false,"_kad_post_transparent":"default","_kad_post_title":"","_kad_post_layout":"default","_kad_post_sidebar_id":"","_kad_post_content_style":"default","_kad_post_vertical_padding":"default","_kad_post_feature":"","_kad_post_feature_position":"","_kad_post_header":false,"_kad_post_footer":false},"product_brand":[],"product_cat":[42],"product_tag":[],"class_list":{"0":"post-7031","1":"product","2":"type-product","3":"status-publish","4":"has-post-thumbnail","6":"product_cat-flood-lighting","8":"first","9":"instock","10":"shipping-taxable","11":"product-type-simple","12":"entry","13":"content-bg","14":"loop-entry"},"acf":[],"_links":{"self":[{"href":"https:\/\/ledrhythm.com\/fr\/wp-json\/wp\/v2\/product\/7031","targetHints":{"allow":["GET"]}}],"collection":[{"href":"https:\/\/ledrhythm.com\/fr\/wp-json\/wp\/v2\/product"}],"about":[{"href":"https:\/\/ledrhythm.com\/fr\/wp-json\/wp\/v2\/types\/product"}],"wp:featuredmedia":[{"embeddable":true,"href":"https:\/\/ledrhythm.com\/fr\/wp-json\/wp\/v2\/media\/7035"}],"wp:attachment":[{"href":"https:\/\/ledrhythm.com\/fr\/wp-json\/wp\/v2\/media?parent=7031"}],"wp:term":[{"taxonomy":"product_brand","embeddable":true,"href":"https:\/\/ledrhythm.com\/fr\/wp-json\/wp\/v2\/product_brand?post=7031"},{"taxonomy":"product_cat","embeddable":true,"href":"https:\/\/ledrhythm.com\/fr\/wp-json\/wp\/v2\/product_cat?post=7031"},{"taxonomy":"product_tag","embeddable":true,"href":"https:\/\/ledrhythm.com\/fr\/wp-json\/wp\/v2\/product_tag?post=7031"}],"curies":[{"name":"wp","href":"https:\/\/api.w.org\/{rel}","templated":true}]}}