{"id":6461,"date":"2025-08-08T07:53:03","date_gmt":"2025-08-08T07:53:03","guid":{"rendered":"https:\/\/ledrhythm.com\/?post_type=product&#038;p=6461"},"modified":"2025-12-03T08:31:35","modified_gmt":"2025-12-03T08:31:35","slug":"led-sports-court-smart-flood-light-lens-modular","status":"publish","type":"product","link":"https:\/\/ledrhythm.com\/fr\/product\/led-sports-court-smart-flood-light-lens-modular","title":{"rendered":"Projecteur modulaire \u00e0 LED pour le sport avec lentille"},"content":{"rendered":"","protected":false},"excerpt":{"rendered":"<p>\"Galileo\" est l'un de nos meilleurs \u00e9clairages LED. Chaque module a une puissance de 300W et peut supporter jusqu'\u00e0 trois modules de 900W. Il est dot\u00e9 d'un dissipateur thermique en aluminium de grande surface \u00e0 l'arri\u00e8re pour un refroidissement ind\u00e9pendant. Deux m\u00e9thodes de distribution de la lumi\u00e8re sont disponibles : le r\u00e9flecteur et la lentille de pr\u00e9cision. La lentille offre diff\u00e9rents angles de rayonnement et un excellent contr\u00f4le de l'\u00e9blouissement. Sa conception vise \u00e0 fournir un \u00e9clairage au sol plus uniforme, une exp\u00e9rience visuelle plus douce et moins d'\u00e9blouissement. Le support de montage r\u00e9glable permet une plus grande flexibilit\u00e9 d'installation. Il peut r\u00e9pondre \u00e0 la plupart des besoins en int\u00e9rieur ou en ext\u00e9rieur. <a href=\"https:\/\/ledrhythm.com\/fr\/led-sports-lighting\/\" target=\"_blank\" rel=\"noopener\">\u00e9clairage sportif<\/a> normes.<\/p>\n<h4>Caract\u00e9ristiques du produit<\/h4>\n<ol>\n<li>300W, 600W, 900W<\/li>\n<li>Angle de rayonnement : 24\u00b0, 40\u00b0, 60\u00b0, 50\u00b0 asym\u00e9trique<\/li>\n<li>IP66, mat\u00e9riau enti\u00e8rement en aluminium<\/li>\n<li>Distribution pr\u00e9cise de la lumi\u00e8re et excellent contr\u00f4le de l'\u00e9blouissement<\/li>\n<li>Prise en charge des modes d'entra\u00eenement, de comp\u00e9tition et de nettoyage<\/li>\n<li>Syst\u00e8me de contr\u00f4le intelligent, gradation par zones<\/li>\n<\/ol>","protected":false},"featured_media":6455,"template":"","meta":{"_acf_changed":false,"_kadence_starter_templates_imported_post":false,"_kad_post_transparent":"default","_kad_post_title":"","_kad_post_layout":"default","_kad_post_sidebar_id":"","_kad_post_content_style":"default","_kad_post_vertical_padding":"default","_kad_post_feature":"","_kad_post_feature_position":"","_kad_post_header":false,"_kad_post_footer":false},"product_brand":[],"product_cat":[42],"product_tag":[],"class_list":{"0":"post-6461","1":"product","2":"type-product","3":"status-publish","4":"has-post-thumbnail","6":"product_cat-flood-lighting","8":"first","9":"instock","10":"shipping-taxable","11":"product-type-simple","12":"entry","13":"content-bg","14":"loop-entry"},"acf":[],"_links":{"self":[{"href":"https:\/\/ledrhythm.com\/fr\/wp-json\/wp\/v2\/product\/6461","targetHints":{"allow":["GET"]}}],"collection":[{"href":"https:\/\/ledrhythm.com\/fr\/wp-json\/wp\/v2\/product"}],"about":[{"href":"https:\/\/ledrhythm.com\/fr\/wp-json\/wp\/v2\/types\/product"}],"wp:featuredmedia":[{"embeddable":true,"href":"https:\/\/ledrhythm.com\/fr\/wp-json\/wp\/v2\/media\/6455"}],"wp:attachment":[{"href":"https:\/\/ledrhythm.com\/fr\/wp-json\/wp\/v2\/media?parent=6461"}],"wp:term":[{"taxonomy":"product_brand","embeddable":true,"href":"https:\/\/ledrhythm.com\/fr\/wp-json\/wp\/v2\/product_brand?post=6461"},{"taxonomy":"product_cat","embeddable":true,"href":"https:\/\/ledrhythm.com\/fr\/wp-json\/wp\/v2\/product_cat?post=6461"},{"taxonomy":"product_tag","embeddable":true,"href":"https:\/\/ledrhythm.com\/fr\/wp-json\/wp\/v2\/product_tag?post=6461"}],"curies":[{"name":"wp","href":"https:\/\/api.w.org\/{rel}","templated":true}]}}