{"id":5327,"date":"2025-06-10T08:17:53","date_gmt":"2025-06-10T08:17:53","guid":{"rendered":"https:\/\/ledrhythm.com\/?post_type=product&#038;p=5327"},"modified":"2025-11-17T00:59:09","modified_gmt":"2025-11-17T00:59:09","slug":"2ft-led-wet-location-light-fixtures","status":"publish","type":"product","link":"https:\/\/ledrhythm.com\/fr\/product\/2ft-led-wet-location-light-fixtures","title":{"rendered":"2ft Tri Proof LED Wet Location Light Fixture (luminaire \u00e0 LED \u00e0 l'\u00e9preuve de l'eau)"},"content":{"rendered":"","protected":false},"excerpt":{"rendered":"<p>Il s'agit d'une petite lampe LED tri-proof con\u00e7ue sp\u00e9cifiquement pour l'\u00e9clairage interne des \u00e9oliennes. Comme elle ne mesure que 2 pieds, elle peut \u00e9galement \u00eatre utilis\u00e9e pour l'\u00e9clairage de petits espaces dans les zones humides. La structure enti\u00e8rement scell\u00e9e en mat\u00e9riau PC lui conf\u00e8re un indice de r\u00e9sistance \u00e0 la poussi\u00e8re et \u00e0 l'eau IP65, et fournit une lumi\u00e8re plus homog\u00e8ne et plus douce. Il peut r\u00e9sister \u00e0 de fortes vibrations et \u00e0 la corrosion par les embruns sal\u00e9s des zones c\u00f4ti\u00e8res. Tout en \u00e9conomisant l'\u00e9nergie 50% par rapport aux lampes traditionnelles, elle conserve une dur\u00e9e de vie de plus de 50 000 heures. L'installation est plus simple et plus rapide, c'est le premier choix pour l'\u00e9clairage dans les endroits humides avec un espace limit\u00e9.<\/p>\n<h4>Caract\u00e9ristiques du produit<\/h4>\n<ol>\n<li>Standard 18W, longueur 2 pieds<\/li>\n<li>Protection IP65, r\u00e9sistant \u00e0 la corrosion<\/li>\n<li>Le reniflard permet d'\u00e9quilibrer la pression d'air interne et externe.<\/li>\n<li>Installation facile\uff0c conception int\u00e9gr\u00e9e<\/li>\n<li>Indice de rendu des couleurs &gt; 80, faible \u00e9blouissement<\/li>\n<\/ol>","protected":false},"featured_media":6859,"template":"","meta":{"_acf_changed":false,"_kadence_starter_templates_imported_post":false,"_kad_post_transparent":"default","_kad_post_title":"","_kad_post_layout":"default","_kad_post_sidebar_id":"","_kad_post_content_style":"default","_kad_post_vertical_padding":"default","_kad_post_feature":"","_kad_post_feature_position":"","_kad_post_header":false,"_kad_post_footer":false},"product_brand":[],"product_cat":[20,132],"product_tag":[],"class_list":{"0":"post-5327","1":"product","2":"type-product","3":"status-publish","4":"has-post-thumbnail","6":"product_cat-wind-energy-lighting","7":"product_cat-tri-proof-lighting","9":"first","10":"instock","11":"shipping-taxable","12":"product-type-simple","13":"entry","14":"content-bg","15":"loop-entry"},"acf":[],"_links":{"self":[{"href":"https:\/\/ledrhythm.com\/fr\/wp-json\/wp\/v2\/product\/5327","targetHints":{"allow":["GET"]}}],"collection":[{"href":"https:\/\/ledrhythm.com\/fr\/wp-json\/wp\/v2\/product"}],"about":[{"href":"https:\/\/ledrhythm.com\/fr\/wp-json\/wp\/v2\/types\/product"}],"wp:featuredmedia":[{"embeddable":true,"href":"https:\/\/ledrhythm.com\/fr\/wp-json\/wp\/v2\/media\/6859"}],"wp:attachment":[{"href":"https:\/\/ledrhythm.com\/fr\/wp-json\/wp\/v2\/media?parent=5327"}],"wp:term":[{"taxonomy":"product_brand","embeddable":true,"href":"https:\/\/ledrhythm.com\/fr\/wp-json\/wp\/v2\/product_brand?post=5327"},{"taxonomy":"product_cat","embeddable":true,"href":"https:\/\/ledrhythm.com\/fr\/wp-json\/wp\/v2\/product_cat?post=5327"},{"taxonomy":"product_tag","embeddable":true,"href":"https:\/\/ledrhythm.com\/fr\/wp-json\/wp\/v2\/product_tag?post=5327"}],"curies":[{"name":"wp","href":"https:\/\/api.w.org\/{rel}","templated":true}]}}