{"id":4570,"date":"2025-04-24T08:12:37","date_gmt":"2025-04-24T08:12:37","guid":{"rendered":"https:\/\/ledrhythm.com\/?post_type=product&#038;p=4570"},"modified":"2025-11-12T07:08:50","modified_gmt":"2025-11-12T07:08:50","slug":"high-temp-industrial-led-flood-light","status":"publish","type":"product","link":"https:\/\/ledrhythm.com\/fr\/product\/high-temp-industrial-led-flood-light","title":{"rendered":"65\u2103 Feu de circulation LED \u00e0 haute temp\u00e9rature"},"content":{"rendered":"","protected":false},"excerpt":{"rendered":"<p>Ce projecteur LED haute temp\u00e9rature est fabriqu\u00e9 \u00e0 partir d'un mat\u00e9riau de haute qualit\u00e9. <a href=\"https:\/\/ledrhythm.com\/fr\/product\/large-industrial-outdoor-flood-lighting-work-parking-lot-lighting\/\" target=\"_blank\" rel=\"noopener\">lumi\u00e8re d'inondation standard \"Slim\u2162\".<\/a>. Son bo\u00eetier est en aluminium moul\u00e9 sous pression avec un plus grand dissipateur de chaleur, combin\u00e9 avec un pilote plus r\u00e9sistant \u00e0 la chaleur, et s\u00e9pare le pilote du corps de la lampe, assurant un fonctionnement stable \u00e0 des temp\u00e9ratures ambiantes allant jusqu'\u00e0 65\u00b0C. Contrairement \u00e0 <a href=\"https:\/\/ledrhythm.com\/fr\/product\/diamond-industrial-led-high-bay-lighting-75-high-temp-lights\/\" target=\"_blank\" rel=\"noopener\">\u00e9clairage de la baie haute temp\u00e9rature<\/a>Gr\u00e2ce \u00e0 son indice de protection IP66\/IK08 et \u00e0 son support de montage flexible, ce projecteur convient non seulement \u00e0 une utilisation en int\u00e9rieur, mais aussi \u00e0 des applications ext\u00e9rieures difficiles en raison de la chaleur. L'angle de rayonnement de 120\u00b0 assure une couverture lumineuse plus large et plus uniforme. Prise en charge de la gradation 0-10V pour une meilleure efficacit\u00e9 \u00e9nerg\u00e9tique.<\/p>\n<h4>Caract\u00e9ristiques du produit<\/h4>\n<ol>\n<li>80W,100W,120W,150W,200W<\/li>\n<li>Efficacit\u00e9 lumineuse 150lm\/W+<\/li>\n<li>R\u00e9siste \u00e0 une temp\u00e9rature ambiante de 65\u2103<\/li>\n<li>Excellentes performances en mati\u00e8re de r\u00e9sistance \u00e0 la chaleur et de dissipation de la chaleur<\/li>\n<li>\u00c9tanch\u00e9it\u00e9 IP66 et protection contre les surtensions 10KV<\/li>\n<li>Gradation 0-10V en option<\/li>\n<\/ol>","protected":false},"featured_media":6854,"template":"","meta":{"_acf_changed":false,"_kadence_starter_templates_imported_post":false,"_kad_post_transparent":"default","_kad_post_title":"","_kad_post_layout":"default","_kad_post_sidebar_id":"","_kad_post_content_style":"default","_kad_post_vertical_padding":"default","_kad_post_feature":"","_kad_post_feature_position":"","_kad_post_header":false,"_kad_post_footer":false},"product_brand":[],"product_cat":[145,42],"product_tag":[],"class_list":{"0":"post-4570","1":"product","2":"type-product","3":"status-publish","4":"has-post-thumbnail","6":"product_cat-high-temp-lighting","7":"product_cat-flood-lighting","9":"first","10":"instock","11":"downloadable","12":"virtual","13":"product-type-simple","14":"entry","15":"content-bg","16":"loop-entry"},"acf":[],"_links":{"self":[{"href":"https:\/\/ledrhythm.com\/fr\/wp-json\/wp\/v2\/product\/4570","targetHints":{"allow":["GET"]}}],"collection":[{"href":"https:\/\/ledrhythm.com\/fr\/wp-json\/wp\/v2\/product"}],"about":[{"href":"https:\/\/ledrhythm.com\/fr\/wp-json\/wp\/v2\/types\/product"}],"wp:featuredmedia":[{"embeddable":true,"href":"https:\/\/ledrhythm.com\/fr\/wp-json\/wp\/v2\/media\/6854"}],"wp:attachment":[{"href":"https:\/\/ledrhythm.com\/fr\/wp-json\/wp\/v2\/media?parent=4570"}],"wp:term":[{"taxonomy":"product_brand","embeddable":true,"href":"https:\/\/ledrhythm.com\/fr\/wp-json\/wp\/v2\/product_brand?post=4570"},{"taxonomy":"product_cat","embeddable":true,"href":"https:\/\/ledrhythm.com\/fr\/wp-json\/wp\/v2\/product_cat?post=4570"},{"taxonomy":"product_tag","embeddable":true,"href":"https:\/\/ledrhythm.com\/fr\/wp-json\/wp\/v2\/product_tag?post=4570"}],"curies":[{"name":"wp","href":"https:\/\/api.w.org\/{rel}","templated":true}]}}