{"id":4566,"date":"2025-04-21T08:36:06","date_gmt":"2025-04-21T08:36:06","guid":{"rendered":"https:\/\/ledrhythm.com\/?post_type=product&#038;p=4566"},"modified":"2025-11-27T09:04:52","modified_gmt":"2025-11-27T09:04:52","slug":"outdoor-waterproof-led-flood-light-ip66","status":"publish","type":"product","link":"https:\/\/ledrhythm.com\/fr\/product\/outdoor-waterproof-led-flood-light-ip66","title":{"rendered":"Projecteur LED d'ext\u00e9rieur \u00e9tanche IP66"},"content":{"rendered":"","protected":false},"excerpt":{"rendered":"<p>Le corps de la lampe est fin et robuste. Le bo\u00eetier et le support de montage sont en aluminium moul\u00e9 sous pression, ce qui lui conf\u00e8re une forte r\u00e9sistance \u00e0 la corrosion tout en assurant une dissipation efficace de la chaleur. L'indice d'\u00e9tanch\u00e9it\u00e9 IP66 permet de r\u00e9pondre aux normes des projecteurs industriels \u00e0 LED pour l'ext\u00e9rieur. Lentille en verre clair standard et faisceaux \u00e9troits et larges s\u00e9lectionnables, pour un \u00e9clairage uniforme et confortable. La puissance varie de 30 \u00e0 200 W, avec un gradateur 0-10 V et un capteur intelligent en option, ce qui signifie qu'il peut r\u00e9pondre aux besoins d'\u00e9clairage de tous les types d'espaces, des petits jardins aux entr\u00e9es de garage en passant par les zones plus vastes.<\/p>\n<h4>Caract\u00e9ristiques du produit<\/h4>\n<ol>\n<li>30W,40W,50W,60W,80W,100W,150W,200W<\/li>\n<li>Angles de rayonnement 60\u00b0, 90\u00b0, 120\u00b0.<\/li>\n<li>Compatible avec plusieurs syst\u00e8mes de contr\u00f4le intelligents<\/li>\n<li>Dur\u00e9e de vie standard sup\u00e9rieure \u00e0 50 000 heures<\/li>\n<li>Conception SMD haute performance<\/li>\n<\/ol>","protected":false},"featured_media":6918,"template":"","meta":{"_acf_changed":false,"_kadence_starter_templates_imported_post":false,"_kad_post_transparent":"default","_kad_post_title":"","_kad_post_layout":"default","_kad_post_sidebar_id":"","_kad_post_content_style":"default","_kad_post_vertical_padding":"default","_kad_post_feature":"","_kad_post_feature_position":"","_kad_post_header":false,"_kad_post_footer":false},"product_brand":[],"product_cat":[42],"product_tag":[],"class_list":{"0":"post-4566","1":"product","2":"type-product","3":"status-publish","4":"has-post-thumbnail","6":"product_cat-flood-lighting","8":"first","9":"instock","10":"downloadable","11":"virtual","12":"product-type-simple","13":"entry","14":"content-bg","15":"loop-entry"},"acf":[],"_links":{"self":[{"href":"https:\/\/ledrhythm.com\/fr\/wp-json\/wp\/v2\/product\/4566","targetHints":{"allow":["GET"]}}],"collection":[{"href":"https:\/\/ledrhythm.com\/fr\/wp-json\/wp\/v2\/product"}],"about":[{"href":"https:\/\/ledrhythm.com\/fr\/wp-json\/wp\/v2\/types\/product"}],"wp:featuredmedia":[{"embeddable":true,"href":"https:\/\/ledrhythm.com\/fr\/wp-json\/wp\/v2\/media\/6918"}],"wp:attachment":[{"href":"https:\/\/ledrhythm.com\/fr\/wp-json\/wp\/v2\/media?parent=4566"}],"wp:term":[{"taxonomy":"product_brand","embeddable":true,"href":"https:\/\/ledrhythm.com\/fr\/wp-json\/wp\/v2\/product_brand?post=4566"},{"taxonomy":"product_cat","embeddable":true,"href":"https:\/\/ledrhythm.com\/fr\/wp-json\/wp\/v2\/product_cat?post=4566"},{"taxonomy":"product_tag","embeddable":true,"href":"https:\/\/ledrhythm.com\/fr\/wp-json\/wp\/v2\/product_tag?post=4566"}],"curies":[{"name":"wp","href":"https:\/\/api.w.org\/{rel}","templated":true}]}}