{"id":4527,"date":"2025-04-14T07:53:18","date_gmt":"2025-04-14T07:53:18","guid":{"rendered":"https:\/\/ledrhythm.com\/?post_type=product&#038;p=4527"},"modified":"2026-03-23T07:15:29","modified_gmt":"2026-03-23T07:15:29","slug":"diamond-industrial-led-high-bay-lighting-75-high-temp-lights","status":"publish","type":"product","link":"https:\/\/ledrhythm.com\/fr\/product\/diamond-industrial-led-high-bay-lighting-75-high-temp-lights","title":{"rendered":"Lampe LED High Bay 75\u2103 \u00e0 haute temp\u00e9rature"},"content":{"rendered":"","protected":false},"excerpt":{"rendered":"<p>Cette lampe LED \u00e0 grande hauteur peut fonctionner 24 heures sur 24 et 7 jours sur 7 \u00e0 des temp\u00e9ratures ambiantes \u00e9lev\u00e9es de 75\u00b0C, sans affecter la qualit\u00e9 et la dur\u00e9e de vie de l'\u00e9clairage. Par rapport \u00e0 nos lampes \"<a href=\"https:\/\/ledrhythm.com\/fr\/product\/round-led-high-bay-light-high-power-lumen\/\" target=\"_blank\" rel=\"noopener\">Diamant I<\/a>\"Les mat\u00e9riaux et le circuit d'attaque ont \u00e9t\u00e9 am\u00e9lior\u00e9s, la r\u00e9sistance \u00e0 la chaleur et la dissipation de la chaleur structurelle seront sup\u00e9rieures. Il s'agit de l'un des meilleurs produits de notre gamme de produits. <a href=\"https:\/\/ledrhythm.com\/fr\/categories\/high-temp-lighting\/\" target=\"_blank\" rel=\"noopener\">s\u00e9rie LED haute temp\u00e9rature<\/a>. Nous avons abandonn\u00e9 l'alimentation encombrante et longue des lampes LED traditionnelles \u00e0 haute temp\u00e9rature, en utilisant notre propre pilote, qui est plus petit et plus r\u00e9sistant \u00e0 la chaleur. IP65, quatre m\u00e9thodes d'installation possibles, angles de rayonnement de 120\u00b0, large couverture lumineuse. Il convient \u00e0 l'\u00e9clairage des usines et des ateliers expos\u00e9s \u00e0 une chaleur soutenue.<\/p>\n<h4>Caract\u00e9ristiques du produit<\/h4>\n<ul>\n<li>80W, 100W, 120W, 150W, 180W<\/li>\n<li>R\u00e9siste \u00e0 une temp\u00e9rature ambiante de 75\u2103<\/li>\n<li>Temp\u00e9rature de couleur 1800K (haute p\u00e9n\u00e9tration) - 6500K<\/li>\n<li>Un refroidissement efficace r\u00e9duit la temp\u00e9rature de l'appareil de 40%.<\/li>\n<li>Moulage sous pression int\u00e9gr\u00e9 de qualit\u00e9 a\u00e9rospatiale, augmentation de la r\u00e9sistance 300%.<\/li>\n<li>Technologie de gradation 0-10V<\/li>\n<\/ul>","protected":false},"featured_media":6861,"template":"","meta":{"_acf_changed":false,"_kadence_starter_templates_imported_post":false,"_kad_post_transparent":"default","_kad_post_title":"","_kad_post_layout":"default","_kad_post_sidebar_id":"","_kad_post_content_style":"default","_kad_post_vertical_padding":"default","_kad_post_feature":"","_kad_post_feature_position":"","_kad_post_header":false,"_kad_post_footer":false},"product_brand":[],"product_cat":[41,145],"product_tag":[],"class_list":{"0":"post-4527","1":"product","2":"type-product","3":"status-publish","4":"has-post-thumbnail","6":"product_cat-high-bay-lighting","7":"product_cat-high-temp-lighting","9":"first","10":"instock","11":"downloadable","12":"virtual","13":"product-type-simple","14":"entry","15":"content-bg","16":"loop-entry"},"acf":[],"_links":{"self":[{"href":"https:\/\/ledrhythm.com\/fr\/wp-json\/wp\/v2\/product\/4527","targetHints":{"allow":["GET"]}}],"collection":[{"href":"https:\/\/ledrhythm.com\/fr\/wp-json\/wp\/v2\/product"}],"about":[{"href":"https:\/\/ledrhythm.com\/fr\/wp-json\/wp\/v2\/types\/product"}],"wp:featuredmedia":[{"embeddable":true,"href":"https:\/\/ledrhythm.com\/fr\/wp-json\/wp\/v2\/media\/6861"}],"wp:attachment":[{"href":"https:\/\/ledrhythm.com\/fr\/wp-json\/wp\/v2\/media?parent=4527"}],"wp:term":[{"taxonomy":"product_brand","embeddable":true,"href":"https:\/\/ledrhythm.com\/fr\/wp-json\/wp\/v2\/product_brand?post=4527"},{"taxonomy":"product_cat","embeddable":true,"href":"https:\/\/ledrhythm.com\/fr\/wp-json\/wp\/v2\/product_cat?post=4527"},{"taxonomy":"product_tag","embeddable":true,"href":"https:\/\/ledrhythm.com\/fr\/wp-json\/wp\/v2\/product_tag?post=4527"}],"curies":[{"name":"wp","href":"https:\/\/api.w.org\/{rel}","templated":true}]}}