{"id":3287,"date":"2025-03-28T07:37:57","date_gmt":"2025-03-28T07:37:57","guid":{"rendered":"https:\/\/ledrhythm.com\/products\/wholesale-led-high-bay-lightsfor-a-large-industrial-area-or-a-smaller-commercial-space"},"modified":"2025-11-17T08:58:26","modified_gmt":"2025-11-17T08:58:26","slug":"round-led-high-bay-light-high-power-lumen","status":"publish","type":"product","link":"https:\/\/ledrhythm.com\/fr\/product\/round-led-high-bay-light-high-power-lumen","title":{"rendered":"Feu de grande hauteur \u00e0 LED rondes, haute puissance et lumen"},"content":{"rendered":"","protected":false},"excerpt":{"rendered":"<p>Ce luminaire LED rond de grande hauteur est notre mod\u00e8le le plus classique. Il offre une puissance et un rendement lumineux \u00e9lev\u00e9s, jusqu'\u00e0 400 W et 60 000 lm, et peut remplacer diverses sources lumineuses traditionnelles. Il poss\u00e8de une excellente r\u00e9sistance \u00e0 la corrosion, une bonne dissipation de la chaleur et un indice de protection IP66 contre l'eau et la poussi\u00e8re, ainsi qu'une grande vari\u00e9t\u00e9 d'accessoires. <a href=\"https:\/\/ledrhythm.com\/fr\/news\/how-to-look-at-the-beam-angle-of-outdoor-floodlights.html\/\" target=\"_blank\" rel=\"noopener\">angle du faisceau<\/a> et des m\u00e9thodes de montage. Diff\u00e9rents abat-jour peuvent \u00eatre s\u00e9lectionn\u00e9s pour contr\u00f4ler la lumi\u00e8re. Sa lumi\u00e8re sera plus uniforme et moins \u00e9blouissante, avec un indice de rendu des couleurs sup\u00e9rieur \u00e0 80, voire 90. Il convient donc \u00e0 un large \u00e9ventail d'applications, y compris une grande vari\u00e9t\u00e9 d'\u00e9clairages d'int\u00e9rieur. <a href=\"https:\/\/ledrhythm.com\/fr\/led-industrial-lighting\/\" target=\"_blank\" rel=\"noopener\">zones industrielles<\/a> et <a href=\"https:\/\/ledrhythm.com\/fr\/led-sports-lighting\/\" target=\"_blank\" rel=\"noopener\">\u00e9clairage sportif<\/a>.<\/p>\n<h4>Caract\u00e9ristiques du produit<\/h4>\n<ol>\n<li>80W,100W,120W,150W,200W,240W,300W,400W<\/li>\n<li>Angle du faisceau : 45\u00b0, 60\u00b0, 80\u00b0, 90\u00b0 et 120\u00b0.<\/li>\n<li>Alliage d'aluminium A380 moul\u00e9 sous pression \u00e0 haute intensit\u00e9 ADC12<\/li>\n<li>CRI&gt;80 &amp; IP66<\/li>\n<li>Technologie de gradation 0-10V<\/li>\n<\/ol>","protected":false},"featured_media":9233,"template":"","meta":{"_acf_changed":false,"_kadence_starter_templates_imported_post":false,"_kad_post_transparent":"default","_kad_post_title":"","_kad_post_layout":"default","_kad_post_sidebar_id":"","_kad_post_content_style":"default","_kad_post_vertical_padding":"default","_kad_post_feature":"","_kad_post_feature_position":"","_kad_post_header":false,"_kad_post_footer":false},"product_brand":[],"product_cat":[41],"product_tag":[],"class_list":{"0":"post-3287","1":"product","2":"type-product","3":"status-publish","4":"has-post-thumbnail","6":"product_cat-high-bay-lighting","8":"first","9":"instock","10":"downloadable","11":"virtual","12":"product-type-simple","13":"entry","14":"content-bg","15":"loop-entry"},"acf":[],"_links":{"self":[{"href":"https:\/\/ledrhythm.com\/fr\/wp-json\/wp\/v2\/product\/3287","targetHints":{"allow":["GET"]}}],"collection":[{"href":"https:\/\/ledrhythm.com\/fr\/wp-json\/wp\/v2\/product"}],"about":[{"href":"https:\/\/ledrhythm.com\/fr\/wp-json\/wp\/v2\/types\/product"}],"wp:featuredmedia":[{"embeddable":true,"href":"https:\/\/ledrhythm.com\/fr\/wp-json\/wp\/v2\/media\/9233"}],"wp:attachment":[{"href":"https:\/\/ledrhythm.com\/fr\/wp-json\/wp\/v2\/media?parent=3287"}],"wp:term":[{"taxonomy":"product_brand","embeddable":true,"href":"https:\/\/ledrhythm.com\/fr\/wp-json\/wp\/v2\/product_brand?post=3287"},{"taxonomy":"product_cat","embeddable":true,"href":"https:\/\/ledrhythm.com\/fr\/wp-json\/wp\/v2\/product_cat?post=3287"},{"taxonomy":"product_tag","embeddable":true,"href":"https:\/\/ledrhythm.com\/fr\/wp-json\/wp\/v2\/product_tag?post=3287"}],"curies":[{"name":"wp","href":"https:\/\/api.w.org\/{rel}","templated":true}]}}