{"id":3282,"date":"2025-03-28T07:37:51","date_gmt":"2025-03-28T07:37:51","guid":{"rendered":"https:\/\/ledrhythm.com\/products\/high-temperature-high-bay-light"},"modified":"2025-10-31T01:05:18","modified_gmt":"2025-10-31T01:05:18","slug":"diamond-i-pro-high-temperature-high-bay-light","status":"publish","type":"product","link":"https:\/\/ledrhythm.com\/fr\/product\/diamond-i-pro-high-temperature-high-bay-light","title":{"rendered":"Lampe LED High Bay 65\u2103 \u00e0 haute temp\u00e9rature"},"content":{"rendered":"","protected":false},"excerpt":{"rendered":"<p>Combinant les performances de la baie LED et de la r\u00e9sistance \u00e0 la chaleur en un seul appareil d'\u00e9clairage, il peut fonctionner \u00e0 long terme \u00e0 des temp\u00e9ratures ambiantes de 65\u00b0C. Le pilote et le corps de la lampe ont un espace de dissipation de la chaleur, et les composants internes utilisent des puces LED r\u00e9sistantes \u00e0 la chaleur, des lentilles en verre et des fils en silicone. Par rapport \u00e0 nos <a href=\"https:\/\/ledrhythm.com\/fr\/product\/diamond-industrial-led-high-bay-lighting-75-high-temp-lights\/\" target=\"_blank\" rel=\"noopener\">Lampe \u00e0 rayonnement \u00e0 75\u00b0C<\/a>Ce projecteur est dot\u00e9 d'un driver plus petit et plus l\u00e9ger. Associ\u00e9 \u00e0 des dissipateurs thermiques en aluminium moul\u00e9 sous pression de grande surface, il am\u00e9liore la stabilit\u00e9 de l'\u00e9clairage et la dur\u00e9e de vie standard de plus de 50 000 heures dans les zones \u00e0 haute temp\u00e9rature. La temp\u00e9rature de couleur peut \u00eatre s\u00e9lectionn\u00e9e entre 1800K et 6500K, et le montage suspendu ou sur support est possible. Il convient \u00e0 divers ateliers ou zones de travail difficiles. <a href=\"https:\/\/ledrhythm.com\/fr\/led-factory-lights\/\" target=\"_blank\" rel=\"noopener\">\u00e9clairage d'usine<\/a>.<\/p>\n<h4>Caract\u00e9ristiques du produit<\/h4>\n<ul>\n<li>80W, 100W, 120W, 150W, 200W<\/li>\n<li>R\u00e9siste \u00e0 une temp\u00e9rature ambiante de 65\u2103<\/li>\n<li>Temp\u00e9rature de couleur 1800K (haute p\u00e9n\u00e9tration) - 6500K<\/li>\n<li>IP65 : \u00e9tanche \u00e0 l'eau, \u00e0 la poussi\u00e8re et \u00e0 la corrosion<\/li>\n<li>Diff\u00e9rents angles de rayonnement et gradation 0-10V<\/li>\n<\/ul>","protected":false},"featured_media":6856,"template":"","meta":{"_acf_changed":false,"_kadence_starter_templates_imported_post":false,"_kad_post_transparent":"default","_kad_post_title":"","_kad_post_layout":"default","_kad_post_sidebar_id":"","_kad_post_content_style":"default","_kad_post_vertical_padding":"default","_kad_post_feature":"","_kad_post_feature_position":"","_kad_post_header":false,"_kad_post_footer":false},"product_brand":[],"product_cat":[41,145],"product_tag":[],"class_list":{"0":"post-3282","1":"product","2":"type-product","3":"status-publish","4":"has-post-thumbnail","6":"product_cat-high-bay-lighting","7":"product_cat-high-temp-lighting","9":"first","10":"instock","11":"downloadable","12":"virtual","13":"product-type-simple","14":"entry","15":"content-bg","16":"loop-entry"},"acf":[],"_links":{"self":[{"href":"https:\/\/ledrhythm.com\/fr\/wp-json\/wp\/v2\/product\/3282","targetHints":{"allow":["GET"]}}],"collection":[{"href":"https:\/\/ledrhythm.com\/fr\/wp-json\/wp\/v2\/product"}],"about":[{"href":"https:\/\/ledrhythm.com\/fr\/wp-json\/wp\/v2\/types\/product"}],"wp:featuredmedia":[{"embeddable":true,"href":"https:\/\/ledrhythm.com\/fr\/wp-json\/wp\/v2\/media\/6856"}],"wp:attachment":[{"href":"https:\/\/ledrhythm.com\/fr\/wp-json\/wp\/v2\/media?parent=3282"}],"wp:term":[{"taxonomy":"product_brand","embeddable":true,"href":"https:\/\/ledrhythm.com\/fr\/wp-json\/wp\/v2\/product_brand?post=3282"},{"taxonomy":"product_cat","embeddable":true,"href":"https:\/\/ledrhythm.com\/fr\/wp-json\/wp\/v2\/product_cat?post=3282"},{"taxonomy":"product_tag","embeddable":true,"href":"https:\/\/ledrhythm.com\/fr\/wp-json\/wp\/v2\/product_tag?post=3282"}],"curies":[{"name":"wp","href":"https:\/\/api.w.org\/{rel}","templated":true}]}}