{"id":3276,"date":"2025-03-28T07:37:44","date_gmt":"2025-03-28T07:37:44","guid":{"rendered":"https:\/\/ledrhythm.com\/products\/linear-low-bay-lighting"},"modified":"2025-11-21T02:41:36","modified_gmt":"2025-11-21T02:41:36","slug":"4ft-linear-led-high-bay-lights-indoor-industrial","status":"publish","type":"product","link":"https:\/\/ledrhythm.com\/fr\/product\/4ft-linear-led-high-bay-lights-indoor-industrial","title":{"rendered":"Luminaire lin\u00e9aire \u00e0 DEL de 1,2 m avec d\u00e9tecteur de mouvement"},"content":{"rendered":"","protected":false},"excerpt":{"rendered":"<p>L'\u00e9clairage LED lin\u00e9aire de 4 pieds adopte une structure en t\u00f4le int\u00e9gr\u00e9e, et le compartiment d'alimentation est dot\u00e9 d'une fen\u00eatre de dissipation de la chaleur, offrant ainsi d'excellentes performances en mati\u00e8re de dissipation de la chaleur. <a href=\"https:\/\/ledrhythm.com\/fr\/news\/motion-sensor-lights-and-security-light.html\/\" target=\"_blank\" rel=\"noopener\">D\u00e9tecteur de mouvement<\/a> en option, dispose d'une large gamme de tensions, <a href=\"https:\/\/ledrhythm.com\/fr\/news\/how-long-do-led-lights-last-industrial-and-home-led.html\/\" target=\"_blank\" rel=\"noopener\">dur\u00e9e de vie standard<\/a> 50000-100000 heures. Le diffuseur en PC de 4 pieds assorti fournit non seulement une lumi\u00e8re uniforme et contr\u00f4le efficacement l'\u00e9blouissement, mais r\u00e9siste \u00e9galement \u00e0 la d\u00e9formation et n'est pas facile \u00e0 briser. Il peut \u00eatre mont\u00e9 au plafond ou sur le mur, ce qui le rend adapt\u00e9 \u00e0 divers environnements int\u00e9rieurs avec des plafonds hauts, tels que les magasins, les salles de sport et les salles de r\u00e9union. <a href=\"https:\/\/ledrhythm.com\/fr\/led-warehouse-lighting\/\" target=\"_blank\" rel=\"noopener\">\u00e9clairage des entrep\u00f4ts<\/a>.<\/p>\n<h4>Caract\u00e9ristiques du produit<\/h4>\n<ol>\n<li>60W, 80W, 100W, 120W, 150W<\/li>\n<li>Bo\u00eetier en t\u00f4le int\u00e9gr\u00e9<\/li>\n<li>Installation et entretien faciles<\/li>\n<li>Efficacit\u00e9 lumineuse 150lm\/W+<\/li>\n<li>Indice de rendu des couleurs sup\u00e9rieur \u00e0 80<\/li>\n<li>D\u00e9tecteur de mouvement et gradation intelligente<\/li>\n<\/ol>","protected":false},"featured_media":6865,"template":"","meta":{"_acf_changed":false,"_kadence_starter_templates_imported_post":false,"_kad_post_transparent":"default","_kad_post_title":"","_kad_post_layout":"default","_kad_post_sidebar_id":"","_kad_post_content_style":"default","_kad_post_vertical_padding":"default","_kad_post_feature":"","_kad_post_feature_position":"","_kad_post_header":false,"_kad_post_footer":false},"product_brand":[],"product_cat":[131,41],"product_tag":[],"class_list":{"0":"post-3276","1":"product","2":"type-product","3":"status-publish","4":"has-post-thumbnail","6":"product_cat-linear-lighting","7":"product_cat-high-bay-lighting","9":"first","10":"instock","11":"downloadable","12":"virtual","13":"product-type-simple","14":"entry","15":"content-bg","16":"loop-entry"},"acf":[],"_links":{"self":[{"href":"https:\/\/ledrhythm.com\/fr\/wp-json\/wp\/v2\/product\/3276","targetHints":{"allow":["GET"]}}],"collection":[{"href":"https:\/\/ledrhythm.com\/fr\/wp-json\/wp\/v2\/product"}],"about":[{"href":"https:\/\/ledrhythm.com\/fr\/wp-json\/wp\/v2\/types\/product"}],"wp:featuredmedia":[{"embeddable":true,"href":"https:\/\/ledrhythm.com\/fr\/wp-json\/wp\/v2\/media\/6865"}],"wp:attachment":[{"href":"https:\/\/ledrhythm.com\/fr\/wp-json\/wp\/v2\/media?parent=3276"}],"wp:term":[{"taxonomy":"product_brand","embeddable":true,"href":"https:\/\/ledrhythm.com\/fr\/wp-json\/wp\/v2\/product_brand?post=3276"},{"taxonomy":"product_cat","embeddable":true,"href":"https:\/\/ledrhythm.com\/fr\/wp-json\/wp\/v2\/product_cat?post=3276"},{"taxonomy":"product_tag","embeddable":true,"href":"https:\/\/ledrhythm.com\/fr\/wp-json\/wp\/v2\/product_tag?post=3276"}],"curies":[{"name":"wp","href":"https:\/\/api.w.org\/{rel}","templated":true}]}}