{"id":3271,"date":"2025-03-28T07:37:37","date_gmt":"2025-03-28T07:37:37","guid":{"rendered":"https:\/\/ledrhythm.com\/products\/industrial-linear-lighting-led"},"modified":"2025-11-21T02:26:12","modified_gmt":"2025-11-21T02:26:12","slug":"modular-linear-high-bay-led-lights-for-hallway-and-shop","status":"publish","type":"product","link":"https:\/\/ledrhythm.com\/fr\/product\/modular-linear-high-bay-led-lights-for-hallway-and-shop","title":{"rendered":"Luminaire modulaire LED High Bay - 60W par module"},"content":{"rendered":"","protected":false},"excerpt":{"rendered":"<p>Cet \u00e9clairage LED de grande hauteur pr\u00e9sente une conception modulaire lin\u00e9aire, avec chaque module de 60W et supportant quatre modules jusqu'\u00e0 240W, fournissant une sortie totale de 36 000 lumens. Il est \u00e9tanche \u00e0 l'eau et \u00e0 la poussi\u00e8re selon la norme IP65 et offre une grande vari\u00e9t\u00e9 d'angles de rayonnement, du plus \u00e9troit au plus large. Il est id\u00e9al pour l'\u00e9clairage lin\u00e9aire dans les zones industrielles int\u00e9rieures ou les porches semi-ext\u00e9rieurs. Vous pouvez \u00e9galement utiliser votre t\u00e9l\u00e9phone portable\/tablette pour contr\u00f4ler sans fil l'allumage, l'extinction et la gradation par le biais du r\u00e9seau Wifi Zigbee, et vous pouvez contr\u00f4ler avec pr\u00e9cision un ou plusieurs dispositifs d'\u00e9clairage dans une certaine zone. Il peut \u00eatre mont\u00e9 en surface ou suspendu.<\/p>\n<h4>Caract\u00e9ristiques du produit<\/h4>\n<ol>\n<li>60W, 120W, 180W, 240W<\/li>\n<li>Contr\u00f4le intelligent, gradation 0-10V<\/li>\n<li>Conception lin\u00e9aire modulaire<\/li>\n<li>IP65 et protection contre les surtensions de 4KV<\/li>\n<li>Angles de faisceau 15\u00b0, 40\u00b0, 60\u00b0, 70*30\u00b0, 49*21\u00b0, 90\u00b0<\/li>\n<li>Bo\u00eetier en alliage d'aluminium extrud\u00e9 \u00e0 haute r\u00e9sistance<\/li>\n<li>Puce LED haute densit\u00e9 pour une meilleure uniformit\u00e9<\/li>\n<\/ol>","protected":false},"featured_media":6864,"template":"","meta":{"_acf_changed":false,"_kadence_starter_templates_imported_post":false,"_kad_post_transparent":"default","_kad_post_title":"","_kad_post_layout":"default","_kad_post_sidebar_id":"","_kad_post_content_style":"default","_kad_post_vertical_padding":"default","_kad_post_feature":"","_kad_post_feature_position":"","_kad_post_header":false,"_kad_post_footer":false},"product_brand":[],"product_cat":[41,131],"product_tag":[],"class_list":{"0":"post-3271","1":"product","2":"type-product","3":"status-publish","4":"has-post-thumbnail","6":"product_cat-high-bay-lighting","7":"product_cat-linear-lighting","9":"first","10":"instock","11":"downloadable","12":"virtual","13":"product-type-simple","14":"entry","15":"content-bg","16":"loop-entry"},"acf":[],"_links":{"self":[{"href":"https:\/\/ledrhythm.com\/fr\/wp-json\/wp\/v2\/product\/3271","targetHints":{"allow":["GET"]}}],"collection":[{"href":"https:\/\/ledrhythm.com\/fr\/wp-json\/wp\/v2\/product"}],"about":[{"href":"https:\/\/ledrhythm.com\/fr\/wp-json\/wp\/v2\/types\/product"}],"wp:featuredmedia":[{"embeddable":true,"href":"https:\/\/ledrhythm.com\/fr\/wp-json\/wp\/v2\/media\/6864"}],"wp:attachment":[{"href":"https:\/\/ledrhythm.com\/fr\/wp-json\/wp\/v2\/media?parent=3271"}],"wp:term":[{"taxonomy":"product_brand","embeddable":true,"href":"https:\/\/ledrhythm.com\/fr\/wp-json\/wp\/v2\/product_brand?post=3271"},{"taxonomy":"product_cat","embeddable":true,"href":"https:\/\/ledrhythm.com\/fr\/wp-json\/wp\/v2\/product_cat?post=3271"},{"taxonomy":"product_tag","embeddable":true,"href":"https:\/\/ledrhythm.com\/fr\/wp-json\/wp\/v2\/product_tag?post=3271"}],"curies":[{"name":"wp","href":"https:\/\/api.w.org\/{rel}","templated":true}]}}