{"id":3266,"date":"2025-03-28T07:37:31","date_gmt":"2025-03-28T07:37:31","guid":{"rendered":"https:\/\/ledrhythm.com\/products\/40w60w80w100w120w-1200mm-anticorrosive-led-tri-proof-light-suppiler-in-china"},"modified":"2025-11-13T07:09:47","modified_gmt":"2025-11-13T07:09:47","slug":"2-4ft-vapor-proof-light-fixture-motion-sensor","status":"publish","type":"product","link":"https:\/\/ledrhythm.com\/fr\/product\/2-4ft-vapor-proof-light-fixture-motion-sensor","title":{"rendered":"Luminaire LED anti-vapeur de 2, 4 ou 5 pieds avec d\u00e9tecteur de mouvement"},"content":{"rendered":"","protected":false},"excerpt":{"rendered":"<p>\"Venus I\" est un luminaire LED \u00e0 l'\u00e9preuve de la vapeur plus complet. Conception lin\u00e9aire et disponible en longueurs de 2, 4 et 5 pieds. Indice d'\u00e9tanch\u00e9it\u00e9 et de protection contre la poussi\u00e8re IP66\/IP69K, pouvant r\u00e9sister \u00e0 des jets d'eau \u00e0 haute pression. Le robuste couvercle en PC r\u00e9siste \u00e0 la corrosion caus\u00e9e par divers gaz et liquides. Combin\u00e9 \u00e0 l'excellent couvercle arri\u00e8re en alliage d'aluminium pour la dissipation de la chaleur, il forme une structure enti\u00e8rement scell\u00e9e et offre une r\u00e9sistance aux chocs IK10.<\/p>\n<p>Puissance maximale de 150 W, \u00e9galement appel\u00e9e \u00e9clairage LED \u00e9tanche \u00e0 la vapeur \u00e0 grande baie, offrant un rendement lumineux \u00e9lev\u00e9 et stable, m\u00eame dans des environnements vastes et difficiles, une lumi\u00e8re uniforme et un faible \u00e9blouissement. Prise en charge de l'\u00e9clairage intelligent <a href=\"https:\/\/ledrhythm.com\/fr\/news\/motion-sensor-lights-and-security-light.html\/\" target=\"_blank\" rel=\"noopener\">capteurs de mouvement<\/a> et la gradation 0-10V. Le reniflard standard \u00e9quilibre la pression d'air interne et externe, \u00e9vitant la condensation et la d\u00e9faillance des joints. Mise \u00e0 niveau \"<a href=\"https:\/\/ledrhythm.com\/fr\/product\/venus-%e2%85%b0-pro-vapor-tight-led-light-fixture-high-temp-tri-proof-lighting\/\" target=\"_blank\" rel=\"noopener\">Venus Pro<\/a>\"r\u00e9sistent \u00e0 des temp\u00e9ratures ambiantes allant jusqu'\u00e0 75\u2103.<\/p>\n<h4>Caract\u00e9ristiques du produit<\/h4>\n<ol>\n<li>40W, 60W, 80W, 100W, 120W, 150W<\/li>\n<li>IP66\/IP69K et IK10<\/li>\n<li>Structure enti\u00e8rement \u00e9tanche et tr\u00e8s r\u00e9sistante<\/li>\n<li>Angle de rayonnement de 120\u00b0, uniforme, sans \u00e9blouissement<\/li>\n<li>D\u00e9tecteurs de mouvement et gradation 0-10V<\/li>\n<\/ol>","protected":false},"featured_media":6925,"template":"","meta":{"_acf_changed":false,"_kadence_starter_templates_imported_post":false,"_kad_post_transparent":"default","_kad_post_title":"","_kad_post_layout":"default","_kad_post_sidebar_id":"","_kad_post_content_style":"default","_kad_post_vertical_padding":"default","_kad_post_feature":"","_kad_post_feature_position":"","_kad_post_header":false,"_kad_post_footer":false},"product_brand":[],"product_cat":[132],"product_tag":[],"class_list":{"0":"post-3266","1":"product","2":"type-product","3":"status-publish","4":"has-post-thumbnail","6":"product_cat-tri-proof-lighting","8":"first","9":"instock","10":"downloadable","11":"virtual","12":"product-type-simple","13":"entry","14":"content-bg","15":"loop-entry"},"acf":[],"_links":{"self":[{"href":"https:\/\/ledrhythm.com\/fr\/wp-json\/wp\/v2\/product\/3266","targetHints":{"allow":["GET"]}}],"collection":[{"href":"https:\/\/ledrhythm.com\/fr\/wp-json\/wp\/v2\/product"}],"about":[{"href":"https:\/\/ledrhythm.com\/fr\/wp-json\/wp\/v2\/types\/product"}],"wp:featuredmedia":[{"embeddable":true,"href":"https:\/\/ledrhythm.com\/fr\/wp-json\/wp\/v2\/media\/6925"}],"wp:attachment":[{"href":"https:\/\/ledrhythm.com\/fr\/wp-json\/wp\/v2\/media?parent=3266"}],"wp:term":[{"taxonomy":"product_brand","embeddable":true,"href":"https:\/\/ledrhythm.com\/fr\/wp-json\/wp\/v2\/product_brand?post=3266"},{"taxonomy":"product_cat","embeddable":true,"href":"https:\/\/ledrhythm.com\/fr\/wp-json\/wp\/v2\/product_cat?post=3266"},{"taxonomy":"product_tag","embeddable":true,"href":"https:\/\/ledrhythm.com\/fr\/wp-json\/wp\/v2\/product_tag?post=3266"}],"curies":[{"name":"wp","href":"https:\/\/api.w.org\/{rel}","templated":true}]}}