{"id":3261,"date":"2025-03-28T07:37:21","date_gmt":"2025-03-28T07:37:21","guid":{"rendered":"https:\/\/ledrhythm.com\/products\/20w30w40w-high-temperature-and-low-bay-lighting-solutions"},"modified":"2026-03-10T08:13:00","modified_gmt":"2026-03-10T08:13:00","slug":"venus-%e2%85%b0-pro-vapor-tight-led-light-fixture-high-temp-tri-proof-lighting","status":"publish","type":"product","link":"https:\/\/ledrhythm.com\/fr\/product\/venus-%e2%85%b0-pro-vapor-tight-led-light-fixture-high-temp-tri-proof-lighting","title":{"rendered":"Luminaire LED lin\u00e9aire \u00e9tanche \u00e0 la vapeur 75\u2103 High Temp"},"content":{"rendered":"","protected":false},"excerpt":{"rendered":"<p>Il s'agit d'un luminaire LED \u00e9tanche \u00e0 la vapeur qui peut supporter des temp\u00e9ratures ambiantes de 75\u2103. Le corps du luminaire est extr\u00eamement robuste et pr\u00e9sente une excellente dissipation de la chaleur, il b\u00e9n\u00e9ficie de plusieurs indices de protection, notamment IP66\/IP69K et IK10, et il est r\u00e9sistant \u00e0 la corrosion. L'utilisation d'une puissance d'entra\u00eenement plus r\u00e9sistante \u00e0 la chaleur est essentielle pour assurer une stabilit\u00e9 \u00e0 long terme dans les zones \u00e0 haute temp\u00e9rature. Il est con\u00e7u pour assurer une longue dur\u00e9e de vie, une faible maintenance et une grande efficacit\u00e9 dans les environnements difficiles. La conception lin\u00e9aire de 2\/4ft le rend plus avantageux que les autres produits de la gamme. <a href=\"https:\/\/ledrhythm.com\/fr\/product\/diamond-industrial-led-high-bay-lighting-75-high-temp-lights\/\" target=\"_blank\" rel=\"noopener\">types de baies haute temp\u00e9rature<\/a> dans un espace r\u00e9duit et chaud. Montage au plafond ou suspension en option, largement utilis\u00e9 dans les zones industrielles et commerciales.<\/p>\n<h4>Caract\u00e9ristiques du produit<\/h4>\n<ol>\n<li>40W, 60W, 75W, 100W<\/li>\n<li>R\u00e9siste \u00e0 une temp\u00e9rature ambiante de 75\u2103<\/li>\n<li>Enti\u00e8rement scell\u00e9, r\u00e9sistant \u00e0 la vapeur<\/li>\n<li>Protection IP66\/IP69K et IK10<\/li>\n<li>PC haute intensit\u00e9 et aluminium extrud\u00e9<\/li>\n<li>Variable de 0 \u00e0 10 V<\/li>\n<\/ol>","protected":false},"featured_media":6928,"template":"","meta":{"_acf_changed":false,"_kadence_starter_templates_imported_post":false,"_kad_post_transparent":"default","_kad_post_title":"","_kad_post_layout":"default","_kad_post_sidebar_id":"","_kad_post_content_style":"default","_kad_post_vertical_padding":"default","_kad_post_feature":"","_kad_post_feature_position":"","_kad_post_header":false,"_kad_post_footer":false},"product_brand":[],"product_cat":[132,145],"product_tag":[],"class_list":{"0":"post-3261","1":"product","2":"type-product","3":"status-publish","4":"has-post-thumbnail","6":"product_cat-tri-proof-lighting","7":"product_cat-high-temp-lighting","9":"first","10":"instock","11":"downloadable","12":"virtual","13":"product-type-simple","14":"entry","15":"content-bg","16":"loop-entry"},"acf":[],"_links":{"self":[{"href":"https:\/\/ledrhythm.com\/fr\/wp-json\/wp\/v2\/product\/3261","targetHints":{"allow":["GET"]}}],"collection":[{"href":"https:\/\/ledrhythm.com\/fr\/wp-json\/wp\/v2\/product"}],"about":[{"href":"https:\/\/ledrhythm.com\/fr\/wp-json\/wp\/v2\/types\/product"}],"wp:featuredmedia":[{"embeddable":true,"href":"https:\/\/ledrhythm.com\/fr\/wp-json\/wp\/v2\/media\/6928"}],"wp:attachment":[{"href":"https:\/\/ledrhythm.com\/fr\/wp-json\/wp\/v2\/media?parent=3261"}],"wp:term":[{"taxonomy":"product_brand","embeddable":true,"href":"https:\/\/ledrhythm.com\/fr\/wp-json\/wp\/v2\/product_brand?post=3261"},{"taxonomy":"product_cat","embeddable":true,"href":"https:\/\/ledrhythm.com\/fr\/wp-json\/wp\/v2\/product_cat?post=3261"},{"taxonomy":"product_tag","embeddable":true,"href":"https:\/\/ledrhythm.com\/fr\/wp-json\/wp\/v2\/product_tag?post=3261"}],"curies":[{"name":"wp","href":"https:\/\/api.w.org\/{rel}","templated":true}]}}