{"id":3251,"date":"2025-03-28T07:37:09","date_gmt":"2025-03-28T07:37:09","guid":{"rendered":"https:\/\/ledrhythm.com\/products\/how-much-does-a-smart-street-light-cost"},"modified":"2025-12-05T08:55:10","modified_gmt":"2025-12-05T08:55:10","slug":"smart-outdoor-led-street-light-for-40-300w","status":"publish","type":"product","link":"https:\/\/ledrhythm.com\/fr\/product\/smart-outdoor-led-street-light-for-40-300w","title":{"rendered":"Lampadaire LED d'ext\u00e9rieur intelligent pour 40W-300W"},"content":{"rendered":"","protected":false},"excerpt":{"rendered":"<p>\"Moon\u2162\" outdoor smart <a href=\"https:\/\/ledrhythm.com\/fr\/categories\/led-street-lights\/\" target=\"_blank\" rel=\"noopener\">Eclairage public LED<\/a> est le produit le plus innovant et le plus durable de notre gamme de produits. <a href=\"https:\/\/ledrhythm.com\/fr\/led-public-lighting\/\" target=\"_blank\" rel=\"noopener\">l'\u00e9clairage public<\/a>. Le luminaire peut \u00eatre \u00e9quip\u00e9 d'une cellule photo\u00e9lectrique et de prises NEMA\/Zhaga sur le dessus, ce qui permet un contr\u00f4le intelligent tel que la gradation et le d\u00e9tecteur automatique. Le mat\u00e9riau en aluminium moul\u00e9 sous pression avec rev\u00eatement anticorrosion r\u00e9siste facilement aux conditions climatiques ext\u00e9rieures les plus rudes. La surface lisse emp\u00eache l'accumulation de poussi\u00e8re, d'insectes et de feuilles. La conception \u00e0 encliquetage permet d'ouvrir sans outil le couvercle arri\u00e8re pour l'inspecter. L'indice CCT peut descendre jusqu'\u00e0 1800-2200K, ce qui le rend plus respectueux des animaux. Plusieurs angles pr\u00e9cis de distribution de la lumi\u00e8re permettent de r\u00e9pondre aux besoins des diff\u00e9rentes zones ou des diff\u00e9rents groupes d'utilisateurs. <a href=\"https:\/\/ledrhythm.com\/fr\/led-street-roadway-lighting\/\" target=\"_blank\" rel=\"noopener\">\u00e9clairage routier<\/a> besoins.<\/p>\n<h4>Caract\u00e9ristiques du produit<\/h4>\n<ol>\n<li>40W, 60W, 80W, 100W, 120W, 150W, 200W, 240W, 300W<\/li>\n<li>Photocellule, prise NEMA et prise Zhaga en option<\/li>\n<li>IP66, IK09, protection contre les surtensions 10KV\/20KV<\/li>\n<li>Rev\u00eatement par poudre r\u00e9sistant \u00e0 la corrosion d'une \u00e9paisseur minimale de 3 mm<\/li>\n<li>La base de montage prend en charge les positions horizontales et verticales<\/li>\n<\/ol>","protected":false},"featured_media":6923,"template":"","meta":{"_acf_changed":false,"_kadence_starter_templates_imported_post":false,"_kad_post_transparent":"default","_kad_post_title":"","_kad_post_layout":"default","_kad_post_sidebar_id":"","_kad_post_content_style":"default","_kad_post_vertical_padding":"default","_kad_post_feature":"","_kad_post_feature_position":"","_kad_post_header":false,"_kad_post_footer":false},"product_brand":[],"product_cat":[44,148],"product_tag":[],"class_list":{"0":"post-3251","1":"product","2":"type-product","3":"status-publish","4":"has-post-thumbnail","6":"product_cat-led-post-top-lights","7":"product_cat-led-street-lights","9":"first","10":"instock","11":"downloadable","12":"virtual","13":"product-type-simple","14":"entry","15":"content-bg","16":"loop-entry"},"acf":[],"_links":{"self":[{"href":"https:\/\/ledrhythm.com\/fr\/wp-json\/wp\/v2\/product\/3251","targetHints":{"allow":["GET"]}}],"collection":[{"href":"https:\/\/ledrhythm.com\/fr\/wp-json\/wp\/v2\/product"}],"about":[{"href":"https:\/\/ledrhythm.com\/fr\/wp-json\/wp\/v2\/types\/product"}],"wp:featuredmedia":[{"embeddable":true,"href":"https:\/\/ledrhythm.com\/fr\/wp-json\/wp\/v2\/media\/6923"}],"wp:attachment":[{"href":"https:\/\/ledrhythm.com\/fr\/wp-json\/wp\/v2\/media?parent=3251"}],"wp:term":[{"taxonomy":"product_brand","embeddable":true,"href":"https:\/\/ledrhythm.com\/fr\/wp-json\/wp\/v2\/product_brand?post=3251"},{"taxonomy":"product_cat","embeddable":true,"href":"https:\/\/ledrhythm.com\/fr\/wp-json\/wp\/v2\/product_cat?post=3251"},{"taxonomy":"product_tag","embeddable":true,"href":"https:\/\/ledrhythm.com\/fr\/wp-json\/wp\/v2\/product_tag?post=3251"}],"curies":[{"name":"wp","href":"https:\/\/api.w.org\/{rel}","templated":true}]}}