{"id":3246,"date":"2025-03-28T07:37:01","date_gmt":"2025-03-28T07:37:01","guid":{"rendered":"https:\/\/ledrhythm.com\/products\/project-specific-led-garden-lights"},"modified":"2025-12-06T08:44:05","modified_gmt":"2025-12-06T08:44:05","slug":"modern-outdoor-led-post-light-pole-hoisting","status":"publish","type":"product","link":"https:\/\/ledrhythm.com\/fr\/product\/modern-outdoor-led-post-light-pole-hoisting","title":{"rendered":"Lampe d'ext\u00e9rieur moderne \u00e0 LED pour montage sur poteau et levage"},"content":{"rendered":"","protected":false},"excerpt":{"rendered":"<p>Le lampadaire ext\u00e9rieur \u00e0 LED pr\u00e9sente un design moderne et minimaliste, et prend en charge quatre m\u00e9thodes d'installation diff\u00e9rentes, ce qui peut apporter un attrait visuel \u00e0 la zone d'application. Nous contr\u00f4lons strictement la projection de la lumi\u00e8re vers le bas et offrons trois angles de faisceau s\u00e9lectionnables pour \u00e9viter la pollution lumineuse et obtenir une couverture globale uniforme et douce. Construites en aluminium moul\u00e9 sous pression, elles offrent une excellente dissipation de la chaleur et une protection IP66\/IK08 contre la poussi\u00e8re, l'eau et la corrosion. D'une puissance allant de 20 \u00e0 100 W, ils constituent un bon choix pour l'\u00e9clairage paysager et l'\u00e9clairage fonctionnel des routes.<\/p>\n<h4>Caract\u00e9ristiques du produit<\/h4>\n<ol>\n<li>20W,30W,40W,50W,60W,80W,100W<\/li>\n<li>Bo\u00eetier en aluminium moul\u00e9 sous pression<\/li>\n<li>3 installations de poteaux d'\u00e9clairage et 1 levage<\/li>\n<li>Protection contre les surtensions 10 \/20KV, IP66\/IK08<\/li>\n<li>Gradation 0-10V en option<\/li>\n<li>Anti-corrosion, contr\u00f4le pr\u00e9cis de la lumi\u00e8re, faible \u00e9blouissement<\/li>\n<\/ol>","protected":false},"featured_media":7098,"template":"","meta":{"_acf_changed":false,"_kadence_starter_templates_imported_post":false,"_kad_post_transparent":"default","_kad_post_title":"","_kad_post_layout":"default","_kad_post_sidebar_id":"","_kad_post_content_style":"default","_kad_post_vertical_padding":"default","_kad_post_feature":"","_kad_post_feature_position":"","_kad_post_header":false,"_kad_post_footer":false},"product_brand":[],"product_cat":[44],"product_tag":[],"class_list":{"0":"post-3246","1":"product","2":"type-product","3":"status-publish","4":"has-post-thumbnail","6":"product_cat-led-post-top-lights","8":"first","9":"instock","10":"downloadable","11":"virtual","12":"product-type-simple","13":"entry","14":"content-bg","15":"loop-entry"},"acf":[],"_links":{"self":[{"href":"https:\/\/ledrhythm.com\/fr\/wp-json\/wp\/v2\/product\/3246","targetHints":{"allow":["GET"]}}],"collection":[{"href":"https:\/\/ledrhythm.com\/fr\/wp-json\/wp\/v2\/product"}],"about":[{"href":"https:\/\/ledrhythm.com\/fr\/wp-json\/wp\/v2\/types\/product"}],"wp:featuredmedia":[{"embeddable":true,"href":"https:\/\/ledrhythm.com\/fr\/wp-json\/wp\/v2\/media\/7098"}],"wp:attachment":[{"href":"https:\/\/ledrhythm.com\/fr\/wp-json\/wp\/v2\/media?parent=3246"}],"wp:term":[{"taxonomy":"product_brand","embeddable":true,"href":"https:\/\/ledrhythm.com\/fr\/wp-json\/wp\/v2\/product_brand?post=3246"},{"taxonomy":"product_cat","embeddable":true,"href":"https:\/\/ledrhythm.com\/fr\/wp-json\/wp\/v2\/product_cat?post=3246"},{"taxonomy":"product_tag","embeddable":true,"href":"https:\/\/ledrhythm.com\/fr\/wp-json\/wp\/v2\/product_tag?post=3246"}],"curies":[{"name":"wp","href":"https:\/\/api.w.org\/{rel}","templated":true}]}}