{"id":3236,"date":"2025-03-28T07:36:47","date_gmt":"2025-03-28T07:36:47","guid":{"rendered":"https:\/\/ledrhythm.com\/products\/wholesale-led-high-bay-lights"},"modified":"2025-11-17T05:41:36","modified_gmt":"2025-11-17T05:41:36","slug":"high-bay-led-light-for-commercial-industrial","status":"publish","type":"product","link":"https:\/\/ledrhythm.com\/fr\/product\/high-bay-led-light-for-commercial-industrial","title":{"rendered":"\u00c9clairage LED intelligent pour grande hauteur \u00e0 usage commercial et industriel"},"content":{"rendered":"","protected":false},"excerpt":{"rendered":"<p>Il s'agit d'une lampe LED ronde UFO intelligente et polyvalente pour baie haute. Le CCT peut \u00eatre r\u00e9gl\u00e9 entre 3000K et 5000K, et la puissance peut \u00eatre r\u00e9gl\u00e9e entre 0 et le maximum. \u00c9quip\u00e9 de <a href=\"https:\/\/ledrhythm.com\/fr\/news\/motion-sensor-lights-and-security-light.html\/\" target=\"_blank\" rel=\"noopener\">capteur de mouvement intelligent<\/a> pour des \u00e9conomies d'\u00e9nergie suppl\u00e9mentaires. La version \u00e0 haut rendement peut produire jusqu'\u00e0 200 lm\/W. Elle peut \u00eatre connect\u00e9e \u00e0 l'alimentation de secours pour fournir un \u00e9clairage d'urgence en cas de coupure de courant. Peut \u00e9galement \u00eatre utilis\u00e9 dans les <a href=\"https:\/\/ledrhythm.com\/fr\/led-lights-for-walk-in-coolers-freezers\/\" target=\"_blank\" rel=\"noopener\">cong\u00e9lateurs walk in \u00e9clairage<\/a> jusqu'\u00e0 -40\u00b0C. En outre, le luminaire en hauteur peut \u00eatre orient\u00e9 vers le haut, ce qui permet d'obtenir un \u00e9clairage indirect par r\u00e9flexion au plafond avec un \u00e9blouissement extr\u00eamement faible, ce qui constitue un avantage significatif pour les applications en int\u00e9rieur. <a href=\"https:\/\/ledrhythm.com\/fr\/led-sports-lighting\/\" target=\"_blank\" rel=\"noopener\">\u00e9clairage sportif<\/a>.<\/p>\n<p>Toutes ces caract\u00e9ristiques sont s\u00e9lectionnables et permettent un montage suspendu, en surface ou sur support, une protection IP66 et un indice de rendu des couleurs de plus de 80. L'objectif est de r\u00e9pondre aux besoins d'\u00e9clairage de diverses applications industrielles et commerciales.<\/p>\n<h4>Caract\u00e9ristiques du produit<\/h4>\n<ol>\n<li>80W,100W,120W,150W,200W,240W<\/li>\n<li>Structure de dissipation de la chaleur en nid d'abeille, bonne<\/li>\n<li>Angles de rayonnement multiples, r\u00e9flexion diffuse, faible \u00e9blouissement<\/li>\n<li>D\u00e9tecteur de mouvement, alimentation de secours, options ultra-basse temp\u00e9rature<\/li>\n<li>La gradation 0-10V, la puissance et la temp\u00e9rature de couleur sont \u00e9galement r\u00e9glables.<\/li>\n<\/ol>","protected":false},"featured_media":9552,"template":"","meta":{"_acf_changed":false,"_kadence_starter_templates_imported_post":false,"_kad_post_transparent":"default","_kad_post_title":"","_kad_post_layout":"default","_kad_post_sidebar_id":"","_kad_post_content_style":"default","_kad_post_vertical_padding":"default","_kad_post_feature":"","_kad_post_feature_position":"","_kad_post_header":false,"_kad_post_footer":false},"product_brand":[],"product_cat":[41],"product_tag":[],"class_list":{"0":"post-3236","1":"product","2":"type-product","3":"status-publish","4":"has-post-thumbnail","6":"product_cat-high-bay-lighting","8":"first","9":"instock","10":"downloadable","11":"virtual","12":"product-type-simple","13":"entry","14":"content-bg","15":"loop-entry"},"acf":[],"_links":{"self":[{"href":"https:\/\/ledrhythm.com\/fr\/wp-json\/wp\/v2\/product\/3236","targetHints":{"allow":["GET"]}}],"collection":[{"href":"https:\/\/ledrhythm.com\/fr\/wp-json\/wp\/v2\/product"}],"about":[{"href":"https:\/\/ledrhythm.com\/fr\/wp-json\/wp\/v2\/types\/product"}],"wp:featuredmedia":[{"embeddable":true,"href":"https:\/\/ledrhythm.com\/fr\/wp-json\/wp\/v2\/media\/9552"}],"wp:attachment":[{"href":"https:\/\/ledrhythm.com\/fr\/wp-json\/wp\/v2\/media?parent=3236"}],"wp:term":[{"taxonomy":"product_brand","embeddable":true,"href":"https:\/\/ledrhythm.com\/fr\/wp-json\/wp\/v2\/product_brand?post=3236"},{"taxonomy":"product_cat","embeddable":true,"href":"https:\/\/ledrhythm.com\/fr\/wp-json\/wp\/v2\/product_cat?post=3236"},{"taxonomy":"product_tag","embeddable":true,"href":"https:\/\/ledrhythm.com\/fr\/wp-json\/wp\/v2\/product_tag?post=3236"}],"curies":[{"name":"wp","href":"https:\/\/api.w.org\/{rel}","templated":true}]}}