{"id":3231,"date":"2025-03-28T07:36:42","date_gmt":"2025-03-28T07:36:42","guid":{"rendered":"https:\/\/ledrhythm.com\/products\/ugr"},"modified":"2025-11-25T07:06:21","modified_gmt":"2025-11-25T07:06:21","slug":"linear-low-bay-led-light-low-glare","status":"publish","type":"product","link":"https:\/\/ledrhythm.com\/fr\/product\/linear-low-bay-led-light-low-glare","title":{"rendered":"Luminaire industriel et commercial \u00e0 LED de 4 pieds"},"content":{"rendered":"","protected":false},"excerpt":{"rendered":"<p>La structure est faite de t\u00f4le lin\u00e9aire et sa longueur est d'environ 4 pieds (3,8 ft). Il offre une grande efficacit\u00e9 lumineuse, avec une puissance allant de 80 \u00e0 150 W, et peut \u00eatre utilis\u00e9 pour l'\u00e9clairage des baies hautes ou basses. Il est \u00e9quip\u00e9 de trois m\u00e9thodes de distribution de la lumi\u00e8re : plaque de diffusion, plaque anti-\u00e9blouissement et lentille, permettant un contr\u00f4le pr\u00e9cis de la lumi\u00e8re, filtrant efficacement l'\u00e9blouissement et produisant une lumi\u00e8re uniforme et douce pour r\u00e9pondre \u00e0 divers besoins d'\u00e9clairage. Les trois m\u00e9thodes peuvent \u00eatre \u00e9quip\u00e9es de grilles anticollision pour prot\u00e9ger contre les impacts de balles.<\/p>\n<p>L'installation est simple et permet l'\u00e9pissage de plusieurs modules. Il convient \u00e0 diverses applications industrielles et commerciales d'\u00e9clairage lin\u00e9aire \u00e0 LED, telles que <a href=\"https:\/\/ledrhythm.com\/fr\/led-sports-lighting\/\" target=\"_blank\" rel=\"noopener\">terrains de sport<\/a>les entrep\u00f4ts, et <a href=\"https:\/\/ledrhythm.com\/fr\/led-garage-lighting\/\" target=\"_blank\" rel=\"noopener\">garages<\/a>, etc.<\/p>\n<h4>Caract\u00e9ristiques du produit<\/h4>\n<ol>\n<li>80W, 100W, 120W, 150W<\/li>\n<li>Efficacit\u00e9 lumineuse jusqu'\u00e0 170 lm\/W<\/li>\n<li>Lumi\u00e8re douce, faible \u00e9blouissement, anti-collision IK08<\/li>\n<li>Plaque de diffusion, plaque antireflet et lentille en option<\/li>\n<li>Variable de 0 \u00e0 10 V<\/li>\n<\/ol>","protected":false},"featured_media":6866,"template":"","meta":{"_acf_changed":false,"_kadence_starter_templates_imported_post":false,"_kad_post_transparent":"default","_kad_post_title":"","_kad_post_layout":"default","_kad_post_sidebar_id":"","_kad_post_content_style":"default","_kad_post_vertical_padding":"default","_kad_post_feature":"","_kad_post_feature_position":"","_kad_post_header":false,"_kad_post_footer":false},"product_brand":[],"product_cat":[131],"product_tag":[],"class_list":{"0":"post-3231","1":"product","2":"type-product","3":"status-publish","4":"has-post-thumbnail","6":"product_cat-linear-lighting","8":"first","9":"instock","10":"downloadable","11":"virtual","12":"product-type-simple","13":"entry","14":"content-bg","15":"loop-entry"},"acf":[],"_links":{"self":[{"href":"https:\/\/ledrhythm.com\/fr\/wp-json\/wp\/v2\/product\/3231","targetHints":{"allow":["GET"]}}],"collection":[{"href":"https:\/\/ledrhythm.com\/fr\/wp-json\/wp\/v2\/product"}],"about":[{"href":"https:\/\/ledrhythm.com\/fr\/wp-json\/wp\/v2\/types\/product"}],"wp:featuredmedia":[{"embeddable":true,"href":"https:\/\/ledrhythm.com\/fr\/wp-json\/wp\/v2\/media\/6866"}],"wp:attachment":[{"href":"https:\/\/ledrhythm.com\/fr\/wp-json\/wp\/v2\/media?parent=3231"}],"wp:term":[{"taxonomy":"product_brand","embeddable":true,"href":"https:\/\/ledrhythm.com\/fr\/wp-json\/wp\/v2\/product_brand?post=3231"},{"taxonomy":"product_cat","embeddable":true,"href":"https:\/\/ledrhythm.com\/fr\/wp-json\/wp\/v2\/product_cat?post=3231"},{"taxonomy":"product_tag","embeddable":true,"href":"https:\/\/ledrhythm.com\/fr\/wp-json\/wp\/v2\/product_tag?post=3231"}],"curies":[{"name":"wp","href":"https:\/\/api.w.org\/{rel}","templated":true}]}}