{"id":3212,"date":"2025-03-28T07:36:07","date_gmt":"2025-03-28T07:36:07","guid":{"rendered":"https:\/\/ledrhythm.com\/products\/professional-sports-mid-and-low-pole-lighting"},"modified":"2025-11-27T09:00:47","modified_gmt":"2025-11-27T09:00:47","slug":"slim-outside-led-flood-light","status":"publish","type":"product","link":"https:\/\/ledrhythm.com\/fr\/product\/slim-outside-led-flood-light","title":{"rendered":"100W-400W Slim Commercial LED Flood Light (Feu de croisement \u00e0 LED)"},"content":{"rendered":"","protected":false},"excerpt":{"rendered":"<p>Le projecteur commercial \u00e0 LED est con\u00e7u en aluminium moul\u00e9 sous pression de faible \u00e9paisseur, tout en pr\u00e9sentant une grande surface d'ailettes de dissipation thermique en aluminium pour dissiper rapidement la chaleur g\u00e9n\u00e9r\u00e9e pendant le fonctionnement. D'une puissance comprise entre 100 et 400 W, il offre deux m\u00e9thodes de distribution de la lumi\u00e8re : le r\u00e9flecteur et la lentille, et s\u00e9lectionne plusieurs angles de faisceau, ce qui permet un contr\u00f4le tr\u00e8s pr\u00e9cis de la lumi\u00e8re et garantit une grande uniformit\u00e9 et une lumi\u00e8re douce. Il est id\u00e9al pour les sc\u00e9narios exigeant une qualit\u00e9 d'\u00e9clairage \u00e9lev\u00e9e, tels que <a href=\"https:\/\/ledrhythm.com\/fr\/led-sports-lighting\/\" target=\"_blank\" rel=\"noopener\">\u00e9clairage sportif<\/a> ou commerciale <a href=\"https:\/\/ledrhythm.com\/fr\/led-area-lights\/\" target=\"_blank\" rel=\"noopener\">l'\u00e9clairage de la zone<\/a>. Le support de montage r\u00e9glable est \u00e9quip\u00e9 d'une \u00e9chelle, ce qui permet de r\u00e9gler avec pr\u00e9cision l'angle d'\u00e9clairage afin d'\u00e9viter tout gaspillage de lumi\u00e8re.<\/p>\n<h4>Caract\u00e9ristiques du produit<\/h4>\n<ol>\n<li>100W, 200W, 300W, 400W<\/li>\n<li>0-10V\/DALI 2 Gradation<\/li>\n<li>IP66, protection contre les surtensions de 10KV<\/li>\n<li>Haute efficacit\u00e9 et dur\u00e9e de vie de plus de 50 000 heures<\/li>\n<li>Design fin, aluminium moul\u00e9 sous pression \u00e0 haute r\u00e9sistance<\/li>\n<li>Les multiples conceptions optiques asym\u00e9triques r\u00e9duisent l'\u00e9blouissement et les d\u00e9bordements de lumi\u00e8re.<\/li>\n<\/ol>","protected":false},"featured_media":6919,"template":"","meta":{"_acf_changed":false,"_kadence_starter_templates_imported_post":false,"_kad_post_transparent":"default","_kad_post_title":"","_kad_post_layout":"default","_kad_post_sidebar_id":"","_kad_post_content_style":"default","_kad_post_vertical_padding":"default","_kad_post_feature":"","_kad_post_feature_position":"","_kad_post_header":false,"_kad_post_footer":false},"product_brand":[],"product_cat":[42],"product_tag":[],"class_list":{"0":"post-3212","1":"product","2":"type-product","3":"status-publish","4":"has-post-thumbnail","6":"product_cat-flood-lighting","8":"first","9":"instock","10":"downloadable","11":"virtual","12":"product-type-simple","13":"entry","14":"content-bg","15":"loop-entry"},"acf":[],"_links":{"self":[{"href":"https:\/\/ledrhythm.com\/fr\/wp-json\/wp\/v2\/product\/3212","targetHints":{"allow":["GET"]}}],"collection":[{"href":"https:\/\/ledrhythm.com\/fr\/wp-json\/wp\/v2\/product"}],"about":[{"href":"https:\/\/ledrhythm.com\/fr\/wp-json\/wp\/v2\/types\/product"}],"wp:featuredmedia":[{"embeddable":true,"href":"https:\/\/ledrhythm.com\/fr\/wp-json\/wp\/v2\/media\/6919"}],"wp:attachment":[{"href":"https:\/\/ledrhythm.com\/fr\/wp-json\/wp\/v2\/media?parent=3212"}],"wp:term":[{"taxonomy":"product_brand","embeddable":true,"href":"https:\/\/ledrhythm.com\/fr\/wp-json\/wp\/v2\/product_brand?post=3212"},{"taxonomy":"product_cat","embeddable":true,"href":"https:\/\/ledrhythm.com\/fr\/wp-json\/wp\/v2\/product_cat?post=3212"},{"taxonomy":"product_tag","embeddable":true,"href":"https:\/\/ledrhythm.com\/fr\/wp-json\/wp\/v2\/product_tag?post=3212"}],"curies":[{"name":"wp","href":"https:\/\/api.w.org\/{rel}","templated":true}]}}