{"id":3199,"date":"2025-03-28T07:35:40","date_gmt":"2025-03-28T07:35:40","guid":{"rendered":"https:\/\/ledrhythm.com\/products\/perfect-beam-angle-led-sports-flood-light"},"modified":"2025-12-01T09:08:42","modified_gmt":"2025-12-01T09:08:42","slug":"big-exterior-dimmable-led-flood-lights","status":"publish","type":"product","link":"https:\/\/ledrhythm.com\/fr\/product\/big-exterior-dimmable-led-flood-lights","title":{"rendered":"Feu d'ext\u00e9rieur Big LED Flood Light - 60W par module"},"content":{"rendered":"","protected":false},"excerpt":{"rendered":"<p>Conception modulaire de la source lumineuse, un module est de 60W, avec une puissance allant de 120W \u00e0 600W. Structure enti\u00e8rement en aluminium, c'est un v\u00e9ritable projecteur \u00e0 LED de grande taille, offrant un plus grand espace de dissipation de la chaleur. Il est \u00e9quip\u00e9 d'un compartiment ind\u00e9pendant pour l'alimentation du pilote, ce qui facilite la maintenance et n'est pas affect\u00e9 par la chaleur g\u00e9n\u00e9r\u00e9e par la puce LED. La grille m\u00e9tallique prot\u00e8ge la surface d'\u00e9mission de la lumi\u00e8re contre les chocs, r\u00e9duisant ainsi le risque de dommages. Le support de montage peut \u00eatre ajust\u00e9 \u00e0 360\u00b0. Convient pour l'\u00e9clairage dans <a href=\"https:\/\/ledrhythm.com\/fr\/led-stadium-arena-lights\/\" target=\"_blank\" rel=\"noopener\">stades<\/a>, <a href=\"https:\/\/ledrhythm.com\/fr\/led-parking-lot-lights\/\" target=\"_blank\" rel=\"noopener\">aires de stationnement<\/a>et d'autres grands espaces ext\u00e9rieurs.<\/p>\n<h4>Caract\u00e9ristiques du produit<\/h4>\n<ol>\n<li>120W, 180W, 240W, 360W, 480W, 600W<\/li>\n<li>Six angles de rayonnement, contr\u00f4le pr\u00e9cis de la lumi\u00e8re<\/li>\n<li>IP66 &amp; IK08, protection contre les surtensions de 10KV<\/li>\n<li>Bouclier et grille m\u00e9tallique en option<\/li>\n<li>Gradation 0-10V et DALI 2<\/li>\n<\/ol>","protected":false},"featured_media":9618,"template":"","meta":{"_acf_changed":false,"_kadence_starter_templates_imported_post":false,"_kad_post_transparent":"default","_kad_post_title":"","_kad_post_layout":"default","_kad_post_sidebar_id":"","_kad_post_content_style":"default","_kad_post_vertical_padding":"default","_kad_post_feature":"","_kad_post_feature_position":"","_kad_post_header":false,"_kad_post_footer":false},"product_brand":[],"product_cat":[42],"product_tag":[],"class_list":{"0":"post-3199","1":"product","2":"type-product","3":"status-publish","4":"has-post-thumbnail","6":"product_cat-flood-lighting","8":"first","9":"instock","10":"downloadable","11":"virtual","12":"product-type-simple","13":"entry","14":"content-bg","15":"loop-entry"},"acf":[],"_links":{"self":[{"href":"https:\/\/ledrhythm.com\/fr\/wp-json\/wp\/v2\/product\/3199","targetHints":{"allow":["GET"]}}],"collection":[{"href":"https:\/\/ledrhythm.com\/fr\/wp-json\/wp\/v2\/product"}],"about":[{"href":"https:\/\/ledrhythm.com\/fr\/wp-json\/wp\/v2\/types\/product"}],"wp:featuredmedia":[{"embeddable":true,"href":"https:\/\/ledrhythm.com\/fr\/wp-json\/wp\/v2\/media\/9618"}],"wp:attachment":[{"href":"https:\/\/ledrhythm.com\/fr\/wp-json\/wp\/v2\/media?parent=3199"}],"wp:term":[{"taxonomy":"product_brand","embeddable":true,"href":"https:\/\/ledrhythm.com\/fr\/wp-json\/wp\/v2\/product_brand?post=3199"},{"taxonomy":"product_cat","embeddable":true,"href":"https:\/\/ledrhythm.com\/fr\/wp-json\/wp\/v2\/product_cat?post=3199"},{"taxonomy":"product_tag","embeddable":true,"href":"https:\/\/ledrhythm.com\/fr\/wp-json\/wp\/v2\/product_tag?post=3199"}],"curies":[{"name":"wp","href":"https:\/\/api.w.org\/{rel}","templated":true}]}}