{"id":8551,"date":"2025-10-14T02:45:34","date_gmt":"2025-10-14T02:45:34","guid":{"rendered":"https:\/\/ledrhythm.com\/?page_id=8551"},"modified":"2025-10-15T05:06:51","modified_gmt":"2025-10-15T05:06:51","slug":"lighting-design","status":"publish","type":"page","link":"https:\/\/ledrhythm.com\/fr\/lighting-design","title":{"rendered":"Conception de l'\u00e9clairage"},"content":{"rendered":"<div data-elementor-type=\"wp-page\" data-elementor-id=\"8551\" class=\"elementor elementor-8551\" data-elementor-post-type=\"page\">\n\t\t\t\t<div class=\"elementor-element elementor-element-8af596a e-flex e-con-boxed e-con e-parent\" data-id=\"8af596a\" data-element_type=\"container\" data-e-type=\"container\" data-settings=\"{&quot;background_background&quot;:&quot;gradient&quot;}\">\n\t\t\t\t\t<div class=\"e-con-inner\">\n\t\t<div class=\"elementor-element elementor-element-f55a04b e-con-full e-flex e-con e-child\" data-id=\"f55a04b\" data-element_type=\"container\" data-e-type=\"container\">\n\t\t\t\t<div class=\"elementor-element elementor-element-df68d94 elementor-widget elementor-widget-heading\" data-id=\"df68d94\" data-element_type=\"widget\" data-e-type=\"widget\" data-widget_type=\"heading.default\">\n\t\t\t\t\t<h1 class=\"elementor-heading-title elementor-size-default\">Conception d'\u00e9clairages professionnels<\/h1>\t\t\t\t<\/div>\n\t\t\t\t<div class=\"elementor-element elementor-element-a5f9d30 elementor-widget elementor-widget-text-editor\" data-id=\"a5f9d30\" data-element_type=\"widget\" data-e-type=\"widget\" data-widget_type=\"text-editor.default\">\n\t\t\t\t\t\t\t\t\t<p>Fournir des services personnalis\u00e9s de conception d'\u00e9clairage pour divers projets, y compris des recommandations d'appareils, des simulations optiques et des simulations Dialux. Veillez \u00e0 ce que vos besoins et vos normes soient respect\u00e9s tout en r\u00e9duisant les co\u00fbts d'exploitation.<\/p>\t\t\t\t\t\t\t\t<\/div>\n\t\t<div class=\"elementor-element elementor-element-1ce8449 e-con-full e-flex e-con e-child\" data-id=\"1ce8449\" data-element_type=\"container\" data-e-type=\"container\">\n\t\t\t\t<div class=\"elementor-element elementor-element-37c9ab8 elementor-widget elementor-widget-button\" data-id=\"37c9ab8\" data-element_type=\"widget\" data-e-type=\"widget\" data-widget_type=\"button.default\">\n\t\t\t\t\t\t\t\t\t\t<a class=\"elementor-button elementor-button-link elementor-size-sm\" href=\"#elementor-action%3Aaction%3Dpopup%3Aopen%26settings%3DeyJpZCI6IjQ3NzQiLCJ0b2dnbGUiOmZhbHNlfQ%3D%3D\">\n\t\t\t\t\t\t<span class=\"elementor-button-content-wrapper\">\n\t\t\t\t\t\t\t\t\t<span class=\"elementor-button-text\">Obtenir un service<\/span>\n\t\t\t\t\t<\/span>\n\t\t\t\t\t<\/a>\n\t\t\t\t\t\t\t\t<\/div>\n\t\t\t\t<div class=\"elementor-element elementor-element-803ac0f elementor-widget elementor-widget-button\" data-id=\"803ac0f\" data-element_type=\"widget\" data-e-type=\"widget\" data-widget_type=\"button.default\">\n\t\t\t\t\t\t\t\t\t\t<a class=\"elementor-button elementor-button-link elementor-size-sm\" href=\"https:\/\/ledrhythm.com\/fr\/products\" target=\"_blank\">\n\t\t\t\t\t\t<span class=\"elementor-button-content-wrapper\">\n\t\t\t\t\t\t\t\t\t<span class=\"elementor-button-text\">Tous les produits<\/span>\n\t\t\t\t\t<\/span>\n\t\t\t\t\t<\/a>\n\t\t\t\t\t\t\t\t<\/div>\n\t\t\t\t<\/div>\n\t\t\t\t<\/div>\n\t\t<div class=\"elementor-element elementor-element-bf7efce e-con-full e-flex e-con e-child\" data-id=\"bf7efce\" data-element_type=\"container\" data-e-type=\"container\">\n\t\t\t\t<div class=\"elementor-element elementor-element-ebfa975 elementor-widget elementor-widget-text-editor\" data-id=\"ebfa975\" data-element_type=\"widget\" data-e-type=\"widget\" data-widget_type=\"text-editor.default\">\n\t\t\t\t\t\t\t\t\t<div style=\"width:100%; text-align:center;\">\n  <!-- \u7b2c\u4e00\u884c\uff0c\u4e24\u5f20\u56fe\u7247 -->\n  <div style=\"display:flex; justify-content:center; gap:20px; margin-bottom:20px;\">\n    <img decoding=\"async\" src=\"https:\/\/ledrhythm.com\/wp-content\/uploads\/2025\/10\/Warehouse-lighting-desgin.webp\" alt=\"Certificat 1\" style=\"max-width:260px; height:auto;\">\n    <img decoding=\"async\" src=\"https:\/\/ledrhythm.com\/wp-content\/uploads\/2025\/10\/Flood-Lighting-desgin.webp\" alt=\"Certificat 2\" style=\"max-width:260px; height:auto;\">\n  <\/div>\n\n  <!-- \u7b2c\u4e8c\u884c\uff0c\u4e00\u5f20\u56fe\u7247\uff08\u81ea\u52a8\u5c45\u4e2d\uff09 -->\n  <div style=\"display:flex; justify-content:center; gap:20px;\">\n    <img decoding=\"async\" src=\"https:\/\/ledrhythm.com\/wp-content\/uploads\/2025\/10\/barn-lighting-desgin.webp\" alt=\"Certificat 3\" style=\"max-width:300px; height:auto;\">\n  <\/div>\n<\/div>\n\t\t\t\t\t\t\t\t<\/div>\n\t\t\t\t<\/div>\n\t\t\t\t\t<\/div>\n\t\t\t\t<\/div>\n\t\t<div class=\"elementor-element elementor-element-542da3f e-flex e-con-boxed e-con e-parent\" data-id=\"542da3f\" data-element_type=\"container\" data-e-type=\"container\">\n\t\t\t\t\t<div class=\"e-con-inner\">\n\t\t\t\t<div class=\"elementor-element elementor-element-b1dee46 elementor-widget elementor-widget-text-editor\" data-id=\"b1dee46\" data-element_type=\"widget\" data-e-type=\"widget\" data-widget_type=\"text-editor.default\">\n\t\t\t\t\t\t\t\t\t<p>Chez LEDRHYTHM, nous ne fournissons pas seulement des produits LED, mais aussi des services professionnels de conception d'\u00e9clairage. Que vous ayez besoin d'un \u00e9clairage de base, d'un \u00e9clairage fonctionnel de qualit\u00e9 entrep\u00f4t ou d'un \u00e9clairage de niveau comp\u00e9tition (\u00e9clairage \u00e9lev\u00e9, uniformit\u00e9, faible \u00e9blouissement et efficacit\u00e9 \u00e9nerg\u00e9tique maximale), nous pouvons vous proposer une solution sur mesure.<\/p><p>Il suffit de fournir des informations de base sur le site, telles que la taille, la hauteur de montage, les sc\u00e9narios d'utilisation et les objectifs de conception, et notre \u00e9quipe d'ing\u00e9nieurs \u00e9laborera un rapport complet sur la conception de l'\u00e9clairage, y compris la s\u00e9lection des lampes LED, la disposition de l'installation, les diagrammes de simulation de l'\u00e9clairement (Dialux\/Relux) et les \u00e9valuations d'\u00e9conomie d'\u00e9nergie.<\/p><p>Nous disposons d'une gamme compl\u00e8te de produits LED couvrant les applications int\u00e9rieures et ext\u00e9rieures. La conception de l'\u00e9clairage comprend, entre autres, les \u00e9l\u00e9ments suivants<\/p><ul><li>Sites sportifs : courts de tennis, terrains de football, salles de basket-ball, de badminton et ar\u00e8nes multisports ;<\/li><li>Industriel et commercial : entrep\u00f4ts, centres logistiques, usines, ateliers et grands magasins ;<\/li><li>Zones publiques : routes, tunnels, parkings, ports et a\u00e9roports ;<\/li><li>Conception optique personnalis\u00e9e : applications sp\u00e9cialis\u00e9es n\u00e9cessitant une distribution de l'\u00e9clairage particuli\u00e8re, un traitement antireflet, une protection contre les chocs et une r\u00e9sistance \u00e0 la corrosion.<\/li><\/ul>\t\t\t\t\t\t\t\t<\/div>\n\t\t\t\t<div class=\"elementor-element elementor-element-7fa47a6 elementor-widget elementor-widget-image-gallery\" data-id=\"7fa47a6\" data-element_type=\"widget\" data-e-type=\"widget\" data-widget_type=\"image-gallery.default\">\n\t\t\t\t\t\t\t<div class=\"elementor-image-gallery\">\n\t\t\t<div id='gallery-1' class='gallery galleryid-8551 gallery-columns-2 gallery-size-full'><figure class='gallery-item'>\n\t\t\t<div class='gallery-icon landscape'>\n\t\t\t\t<a data-elementor-open-lightbox=\"yes\" data-elementor-lightbox-slideshow=\"7fa47a6\" data-elementor-lightbox-title=\"LEDRHYTHM-lighting-design\" data-e-action-hash=\"#elementor-action%3Aaction%3Dlightbox%26settings%3DeyJpZCI6ODU2NiwidXJsIjoiaHR0cHM6XC9cL2xlZHJoeXRobS5jb21cL3dwLWNvbnRlbnRcL3VwbG9hZHNcLzIwMjVcLzEwXC9sZWRyaHl0aG0tbGlnaHRpbmctZGVzaWduLndlYnAiLCJzbGlkZXNob3ciOiI3ZmE0N2E2In0%3D\" href='https:\/\/ledrhythm.com\/wp-content\/uploads\/2025\/10\/ledrhythm-lighting-design.webp'><img fetchpriority=\"high\" decoding=\"async\" width=\"1200\" height=\"635\" src=\"https:\/\/ledrhythm.com\/wp-content\/uploads\/2025\/10\/ledrhythm-lighting-design.webp\" class=\"attachment-full size-full\" alt=\"LEDRHYTHM conception de l&#039;\u00e9clairage\" srcset=\"https:\/\/ledrhythm.com\/wp-content\/uploads\/2025\/10\/ledrhythm-lighting-design.webp 1200w, https:\/\/ledrhythm.com\/wp-content\/uploads\/2025\/10\/ledrhythm-lighting-design-300x159.webp 300w, https:\/\/ledrhythm.com\/wp-content\/uploads\/2025\/10\/ledrhythm-lighting-design-1024x542.webp 1024w, https:\/\/ledrhythm.com\/wp-content\/uploads\/2025\/10\/ledrhythm-lighting-design-768x406.webp 768w, https:\/\/ledrhythm.com\/wp-content\/uploads\/2025\/10\/ledrhythm-lighting-design-18x10.webp 18w, https:\/\/ledrhythm.com\/wp-content\/uploads\/2025\/10\/ledrhythm-lighting-design-700x370.webp 700w\" sizes=\"(max-width: 1200px) 100vw, 1200px\" \/><\/a>\n\t\t\t<\/div><\/figure><figure class='gallery-item'>\n\t\t\t<div class='gallery-icon landscape'>\n\t\t\t\t<a data-elementor-open-lightbox=\"yes\" data-elementor-lightbox-slideshow=\"7fa47a6\" data-elementor-lightbox-title=\"sports-lighting-design\" data-e-action-hash=\"#elementor-action%3Aaction%3Dlightbox%26settings%3DeyJpZCI6ODU2NywidXJsIjoiaHR0cHM6XC9cL2xlZHJoeXRobS5jb21cL3dwLWNvbnRlbnRcL3VwbG9hZHNcLzIwMjVcLzEwXC9zcG9ydHMtbGlnaHRpbmctZGVzaWduLndlYnAiLCJzbGlkZXNob3ciOiI3ZmE0N2E2In0%3D\" href='https:\/\/ledrhythm.com\/wp-content\/uploads\/2025\/10\/sports-lighting-design.webp'><img decoding=\"async\" width=\"1076\" height=\"545\" src=\"https:\/\/ledrhythm.com\/wp-content\/uploads\/2025\/10\/sports-lighting-design.webp\" class=\"attachment-full size-full\" alt=\"conception de l&#039;\u00e9clairage sportif\" srcset=\"https:\/\/ledrhythm.com\/wp-content\/uploads\/2025\/10\/sports-lighting-design.webp 1076w, https:\/\/ledrhythm.com\/wp-content\/uploads\/2025\/10\/sports-lighting-design-300x152.webp 300w, https:\/\/ledrhythm.com\/wp-content\/uploads\/2025\/10\/sports-lighting-design-1024x519.webp 1024w, https:\/\/ledrhythm.com\/wp-content\/uploads\/2025\/10\/sports-lighting-design-768x389.webp 768w, https:\/\/ledrhythm.com\/wp-content\/uploads\/2025\/10\/sports-lighting-design-18x9.webp 18w, https:\/\/ledrhythm.com\/wp-content\/uploads\/2025\/10\/sports-lighting-design-700x355.webp 700w\" sizes=\"(max-width: 1076px) 100vw, 1076px\" \/><\/a>\n\t\t\t<\/div><\/figure>\n\t\t<\/div>\n\t\t<\/div>\n\t\t\t\t\t\t<\/div>\n\t\t\t\t<div class=\"elementor-element elementor-element-d1d2acd elementor-widget elementor-widget-heading\" data-id=\"d1d2acd\" data-element_type=\"widget\" data-e-type=\"widget\" data-widget_type=\"heading.default\">\n\t\t\t\t\t<h2 class=\"elementor-heading-title elementor-size-default\">Pourquoi une solution d'\u00e9clairage doit-elle \u00eatre con\u00e7ue par un professionnel ?<\/h2>\t\t\t\t<\/div>\n\t\t\t\t<div class=\"elementor-element elementor-element-9c47787 elementor-widget elementor-widget-text-editor\" data-id=\"9c47787\" data-element_type=\"widget\" data-e-type=\"widget\" data-widget_type=\"text-editor.default\">\n\t\t\t\t\t\t\t\t\t<p>De nombreux chefs de projet partent du principe que l'\u00e9clairage se r\u00e9sume \u00e0 \"choisir quelques luminaires et les \u00e9clairer suffisamment\". Cependant, dans la pratique, un syst\u00e8me d'\u00e9clairage sans conception professionnelle souffre souvent d'une luminosit\u00e9 in\u00e9gale, d'\u00e9blouissements, d'angles morts importants, de gaspillage d'\u00e9nergie et de co\u00fbts de maintenance \u00e9lev\u00e9s. Ces probl\u00e8mes ont non seulement un impact sur l'exp\u00e9rience de l'utilisateur, mais augmentent \u00e9galement les co\u00fbts d'exploitation \u00e0 long terme.<\/p><p>L'importance de la conception professionnelle de l'\u00e9clairage r\u00e9side dans la r\u00e9alisation des objectifs suivants par le biais de la simulation optique et de l'agencement scientifique :<\/p><ul><li>Assurer un \u00e9clairage standard et uniforme, en \u00e9vitant les zones de luminosit\u00e9 ou d'obscurit\u00e9 excessives ;<\/li><li>Contr\u00f4le de l'\u00e9blouissement UGR pour am\u00e9liorer le confort, en particulier dans les environnements sportifs, industriels et routiers ;<\/li><li>D\u00e9terminer la hauteur d'installation et l'angle de projection appropri\u00e9s en fonction de la structure du site ;<\/li><li>\u00c9viter la surconfiguration ou la sous-configuration des appareils d'\u00e9clairage, afin d'atteindre un \u00e9quilibre entre performance et co\u00fbt ;<\/li><li>Fournir une base de planification pour le contr\u00f4le intelligent futur, la gradation \u00e0 \u00e9conomie d'\u00e9nergie, la maintenance et le remplacement.<\/li><\/ul>\t\t\t\t\t\t\t\t<\/div>\n\t\t\t\t\t<\/div>\n\t\t\t\t<\/div>\n\t\t\t\t<\/div>","protected":false},"excerpt":{"rendered":"<p>Conception d'\u00e9clairage professionnel Fournir des services personnalis\u00e9s de conception d'\u00e9clairage pour divers projets, y compris des recommandations d'appareils, des simulations optiques et des simulations Dialux. Veillez \u00e0 ce que vos besoins et vos normes soient respect\u00e9s tout en r\u00e9duisant les co\u00fbts d'exploitation. Obtenir un service Tous les produits Chez LEDRHYTHM, nous ne fournissons pas seulement des produits LED, mais aussi des services professionnels de conception d'\u00e9clairage. Que vous ayez besoin d'un \u00e9clairage de base, d'un \u00e9clairage fonctionnel de qualit\u00e9...<\/p>","protected":false},"author":1,"featured_media":0,"parent":0,"menu_order":0,"comment_status":"closed","ping_status":"closed","template":"elementor_header_footer","meta":{"_acf_changed":false,"_kadence_starter_templates_imported_post":false,"_kad_post_transparent":"","_kad_post_title":"hide","_kad_post_layout":"fullwidth","_kad_post_sidebar_id":"","_kad_post_content_style":"unboxed","_kad_post_vertical_padding":"hide","_kad_post_feature":"hide","_kad_post_feature_position":"","_kad_post_header":false,"_kad_post_footer":false,"footnotes":""},"class_list":["post-8551","page","type-page","status-publish","hentry"],"acf":[],"_links":{"self":[{"href":"https:\/\/ledrhythm.com\/fr\/wp-json\/wp\/v2\/pages\/8551","targetHints":{"allow":["GET"]}}],"collection":[{"href":"https:\/\/ledrhythm.com\/fr\/wp-json\/wp\/v2\/pages"}],"about":[{"href":"https:\/\/ledrhythm.com\/fr\/wp-json\/wp\/v2\/types\/page"}],"author":[{"embeddable":true,"href":"https:\/\/ledrhythm.com\/fr\/wp-json\/wp\/v2\/users\/1"}],"replies":[{"embeddable":true,"href":"https:\/\/ledrhythm.com\/fr\/wp-json\/wp\/v2\/comments?post=8551"}],"version-history":[{"count":13,"href":"https:\/\/ledrhythm.com\/fr\/wp-json\/wp\/v2\/pages\/8551\/revisions"}],"predecessor-version":[{"id":8617,"href":"https:\/\/ledrhythm.com\/fr\/wp-json\/wp\/v2\/pages\/8551\/revisions\/8617"}],"wp:attachment":[{"href":"https:\/\/ledrhythm.com\/fr\/wp-json\/wp\/v2\/media?parent=8551"}],"curies":[{"name":"wp","href":"https:\/\/api.w.org\/{rel}","templated":true}]}}