{"id":4061,"date":"2025-03-31T08:22:45","date_gmt":"2025-03-31T08:22:45","guid":{"rendered":"https:\/\/ledrhythm.com\/?page_id=4061"},"modified":"2025-10-15T02:10:13","modified_gmt":"2025-10-15T02:10:13","slug":"technology-process","status":"publish","type":"page","link":"https:\/\/ledrhythm.com\/fr\/technology-process","title":{"rendered":"Processus technologique"},"content":{"rendered":"<div data-elementor-type=\"wp-page\" data-elementor-id=\"4061\" class=\"elementor elementor-4061\" data-elementor-post-type=\"page\">\n\t\t\t\t<div class=\"elementor-element elementor-element-f53d35f e-flex e-con-boxed e-con e-parent\" data-id=\"f53d35f\" data-element_type=\"container\" data-e-type=\"container\" data-settings=\"{&quot;background_background&quot;:&quot;classic&quot;}\">\n\t\t\t\t\t<div class=\"e-con-inner\">\n\t\t<div class=\"elementor-element elementor-element-8688750 e-con-full e-flex e-con e-child\" data-id=\"8688750\" data-element_type=\"container\" data-e-type=\"container\">\n\t\t\t\t<div class=\"elementor-element elementor-element-51bf443 elementor-widget elementor-widget-heading\" data-id=\"51bf443\" data-element_type=\"widget\" data-e-type=\"widget\" data-widget_type=\"heading.default\">\n\t\t\t\t\t<h1 class=\"elementor-heading-title elementor-size-default\">Processus technologique<\/h1>\t\t\t\t<\/div>\n\t\t\t\t<div class=\"elementor-element elementor-element-bcf2be0 elementor-widget__width-initial elementor-widget elementor-widget-text-editor\" data-id=\"bcf2be0\" data-element_type=\"widget\" data-e-type=\"widget\" data-widget_type=\"text-editor.default\">\n\t\t\t\t\t\t\t\t\t<p>LEDRHYTHM est un produit de marque unique \"Made in China\" avec un processus technologique complet. Chaque appareil de notre gamme de produits est un LEDRHYTHM original. Con\u00e7u par nos propres ing\u00e9nieurs, produit avec nos propres outils et approuv\u00e9 par la norme de qualit\u00e9 100%.<\/p>\t\t\t\t\t\t\t\t<\/div>\n\t\t\t\t<\/div>\n\t\t\t\t\t<\/div>\n\t\t\t\t<\/div>\n\t\t<div class=\"elementor-element elementor-element-0edf82b e-flex e-con-boxed e-con e-parent\" data-id=\"0edf82b\" data-element_type=\"container\" data-e-type=\"container\">\n\t\t\t\t\t<div class=\"e-con-inner\">\n\t\t\t\t<div class=\"elementor-element elementor-element-44ecb5f elementor-widget elementor-widget-text-editor\" data-id=\"44ecb5f\" data-element_type=\"widget\" data-e-type=\"widget\" data-widget_type=\"text-editor.default\">\n\t\t\t\t\t\t\t\t\t<p>De la conception \u00e0 l'assemblage final, nous r\u00e9alisons toutes les \u00e9tapes de conception, de test et de production des lampes LED dans notre usine de SuZhou. Cette philosophie globale nous permet de contr\u00f4ler tous les processus, ce qui est extr\u00eamement important pour la haute qualit\u00e9 de nos produits. En outre, elle nous permet de r\u00e9agir rapidement et avec souplesse aux besoins de nos clients ainsi qu'\u00e0 l'\u00e9volution des exigences du march\u00e9.<\/p>\t\t\t\t\t\t\t\t<\/div>\n\t\t\t\t<div class=\"elementor-element elementor-element-ad687ce elementor-widget elementor-widget-heading\" data-id=\"ad687ce\" data-element_type=\"widget\" data-e-type=\"widget\" data-widget_type=\"heading.default\">\n\t\t\t\t\t<h2 class=\"elementor-heading-title elementor-size-default\">LA RECHERCHE ET LE D\u00c9VELOPPEMENT<\/h2>\t\t\t\t<\/div>\n\t\t\t\t<div class=\"elementor-element elementor-element-aaec16b elementor-widget elementor-widget-text-editor\" data-id=\"aaec16b\" data-element_type=\"widget\" data-e-type=\"widget\" data-widget_type=\"text-editor.default\">\n\t\t\t\t\t\t\t\t\t<p>Nos ing\u00e9nieurs utilisent des syst\u00e8mes de CAO avanc\u00e9s pour concevoir de nouveaux luminaires et pour optimiser et modifier les produits actuels en fonction des besoins individuels des clients. Dans ce processus, nous b\u00e9n\u00e9ficions de notre expertise et de notre savoir-faire de plus de 11 ans dans le domaine de l'\u00e9clairage et de la collaboration avec des sp\u00e9cialistes des mat\u00e9riaux exp\u00e9riment\u00e9s.\u00a0<\/p><p>Gr\u00e2ce \u00e0 des programmes de simulation thermique, nous sommes en mesure de parvenir \u00e0 une gestion thermique parfaite pour chaque luminaire.<\/p><p>Gr\u00e2ce au service d'outillage interne, \u00e0 la production d'\u00e9chantillons par impression 3D et \u00e0 tous les services de fabrication, nos ing\u00e9nieurs sont en mesure d'examiner imm\u00e9diatement la faisabilit\u00e9 de leurs id\u00e9es et l'ad\u00e9quation du dispositif \u00e0 l'usage pr\u00e9vu.<\/p><p><img fetchpriority=\"high\" decoding=\"async\" class=\"alignnone size-full wp-image-4080\" src=\"https:\/\/ledrhythm.com\/wp-content\/uploads\/2025\/03\/622858c9bdf7b.png\" alt=\"\" width=\"1200\" height=\"600\" srcset=\"https:\/\/ledrhythm.com\/wp-content\/uploads\/2025\/03\/622858c9bdf7b.png 1200w, https:\/\/ledrhythm.com\/wp-content\/uploads\/2025\/03\/622858c9bdf7b-300x150.png 300w, https:\/\/ledrhythm.com\/wp-content\/uploads\/2025\/03\/622858c9bdf7b-1024x512.png 1024w, https:\/\/ledrhythm.com\/wp-content\/uploads\/2025\/03\/622858c9bdf7b-768x384.png 768w, https:\/\/ledrhythm.com\/wp-content\/uploads\/2025\/03\/622858c9bdf7b-700x350.png 700w\" sizes=\"(max-width: 1200px) 100vw, 1200px\" \/><\/p>\t\t\t\t\t\t\t\t<\/div>\n\t\t\t\t<div class=\"elementor-element elementor-element-83291b0 elementor-widget elementor-widget-heading\" data-id=\"83291b0\" data-element_type=\"widget\" data-e-type=\"widget\" data-widget_type=\"heading.default\">\n\t\t\t\t\t<h2 class=\"elementor-heading-title elementor-size-default\">LABORATOIRES R&amp;D<\/h2>\t\t\t\t<\/div>\n\t\t\t\t<div class=\"elementor-element elementor-element-b96bb94 elementor-widget elementor-widget-text-editor\" data-id=\"b96bb94\" data-element_type=\"widget\" data-e-type=\"widget\" data-widget_type=\"text-editor.default\">\n\t\t\t\t\t\t\t\t\t<p>Nos lampes LED ainsi que les composants et les mat\u00e9riaux sont test\u00e9s dans notre propre centre de laboratoire, accept\u00e9 par VDE.<\/p><p>Outre les mesures photom\u00e9triques des luminaires sur notre LMT Metrogon assist\u00e9 d'un robot, les mesures du flux lumineux et la repr\u00e9sentation graphique dans des diagrammes polaires, les luminaires sont test\u00e9s pour les interf\u00e9rences \u00e9mises et la r\u00e9sistance aux interf\u00e9rences conform\u00e9ment \u00e0 la directive CEM 2004\/108EG et aux r\u00e8gles de compatibilit\u00e9 \u00e9lectromagn\u00e9tique.<\/p><p>Des chambres \u00e0 poussi\u00e8re et \u00e0 eau sont utilis\u00e9es pour v\u00e9rifier l'indice de protection IP des luminaires, y compris les essais d'\u00e9tanch\u00e9it\u00e9 sous l'eau. Des mesures thermiques pour v\u00e9rifier la temp\u00e9rature ambiante maximale admissible, des essais \u00e0 basse temp\u00e9rature et des essais de vieillissement des mat\u00e9riaux r\u00e9alis\u00e9s dans des chambres climatiques, en particulier pour les luminaires antid\u00e9flagrants, compl\u00e8tent le programme d'essais de LEDRHYTHM.<\/p><p><img decoding=\"async\" class=\"alignnone size-full wp-image-4081\" src=\"https:\/\/ledrhythm.com\/wp-content\/uploads\/2025\/03\/625d2b0a6363e.jpg\" alt=\"\" width=\"1200\" height=\"600\" srcset=\"https:\/\/ledrhythm.com\/wp-content\/uploads\/2025\/03\/625d2b0a6363e.jpg 1200w, https:\/\/ledrhythm.com\/wp-content\/uploads\/2025\/03\/625d2b0a6363e-300x150.jpg 300w, https:\/\/ledrhythm.com\/wp-content\/uploads\/2025\/03\/625d2b0a6363e-1024x512.jpg 1024w, https:\/\/ledrhythm.com\/wp-content\/uploads\/2025\/03\/625d2b0a6363e-768x384.jpg 768w, https:\/\/ledrhythm.com\/wp-content\/uploads\/2025\/03\/625d2b0a6363e-700x350.jpg 700w\" sizes=\"(max-width: 1200px) 100vw, 1200px\" \/><\/p>\t\t\t\t\t\t\t\t<\/div>\n\t\t\t\t<div class=\"elementor-element elementor-element-6cc90b5 elementor-widget elementor-widget-heading\" data-id=\"6cc90b5\" data-element_type=\"widget\" data-e-type=\"widget\" data-widget_type=\"heading.default\">\n\t\t\t\t\t<h2 class=\"elementor-heading-title elementor-size-default\">L'OUTILLAGE ET LA FABRICATION M\u00c9CANIQUE<\/h2>\t\t\t\t<\/div>\n\t\t\t\t<div class=\"elementor-element elementor-element-dd67ab5 elementor-widget elementor-widget-text-editor\" data-id=\"dd67ab5\" data-element_type=\"widget\" data-e-type=\"widget\" data-widget_type=\"text-editor.default\">\n\t\t\t\t\t\t\t\t\t<p>Une forte int\u00e9gration verticale est l'une de nos principales caract\u00e9ristiques. Le poin\u00e7onnage, la d\u00e9coupe, le pliage et le soudage des pi\u00e8ces m\u00e9talliques sont effectu\u00e9s sur des centres d'usinage et des robots de soudage tr\u00e8s modernes. Il en r\u00e9sulte des bo\u00eetiers, des r\u00e9flecteurs et des accessoires de montage en t\u00f4le d'acier, en aluminium et en acier inoxydable de diff\u00e9rentes formes, tailles et sp\u00e9cifications.<\/p><p>Les outils n\u00e9cessaires au poin\u00e7onnage, \u00e0 la d\u00e9coupe et au pliage sont fabriqu\u00e9s et entretenus dans l'atelier d'outillage interne. Cela nous permet d'\u00eatre flexibles et ind\u00e9pendants et de r\u00e9agir rapidement et avec souplesse aux besoins de nos clients.<\/p><p><img decoding=\"async\" class=\"alignnone size-full wp-image-4082\" src=\"https:\/\/ledrhythm.com\/wp-content\/uploads\/2025\/03\/622c47dc14e22.png\" alt=\"\" width=\"1200\" height=\"600\" srcset=\"https:\/\/ledrhythm.com\/wp-content\/uploads\/2025\/03\/622c47dc14e22.png 1200w, https:\/\/ledrhythm.com\/wp-content\/uploads\/2025\/03\/622c47dc14e22-300x150.png 300w, https:\/\/ledrhythm.com\/wp-content\/uploads\/2025\/03\/622c47dc14e22-1024x512.png 1024w, https:\/\/ledrhythm.com\/wp-content\/uploads\/2025\/03\/622c47dc14e22-768x384.png 768w, https:\/\/ledrhythm.com\/wp-content\/uploads\/2025\/03\/622c47dc14e22-700x350.png 700w\" sizes=\"(max-width: 1200px) 100vw, 1200px\" \/><\/p>\t\t\t\t\t\t\t\t<\/div>\n\t\t\t\t<div class=\"elementor-element elementor-element-14967f0 elementor-widget elementor-widget-heading\" data-id=\"14967f0\" data-element_type=\"widget\" data-e-type=\"widget\" data-widget_type=\"heading.default\">\n\t\t\t\t\t<h2 class=\"elementor-heading-title elementor-size-default\">PRESSES \u00c0 MOULER LE POLYESTER ET INSTALLATIONS DE MOUSSAGE<\/h2>\t\t\t\t<\/div>\n\t\t\t\t<div class=\"elementor-element elementor-element-a2fcfbb elementor-widget elementor-widget-text-editor\" data-id=\"a2fcfbb\" data-element_type=\"widget\" data-e-type=\"widget\" data-widget_type=\"text-editor.default\">\n\t\t\t\t\t\t\t\t\t<p>Tous nos bo\u00eetiers de luminaires et r\u00e9flecteurs en polyester renforc\u00e9 de fibres de verre sont produits sur nos propres presses \u00e0 mouler. Gr\u00e2ce \u00e0 des d\u00e9cennies d'expertise, nous connaissons parfaitement l'interaction optimale entre la temp\u00e9rature, la pression, le temps de pressage et le mat\u00e9riau afin de produire des bo\u00eetiers de luminaires tr\u00e8s r\u00e9sistants.<\/p><p>Apr\u00e8s un stockage appropri\u00e9, ces bo\u00eetiers ainsi que la plupart des bo\u00eetiers en aluminium moul\u00e9 sous pression sont pourvus de joints en polyur\u00e9thane ou en silicone mouss\u00e9s dans des syst\u00e8mes de distribution enti\u00e8rement automatis\u00e9s. Les r\u00e9glages individuels de distribution et de moussage permettent d'obtenir des joints parfaitement adapt\u00e9s \u00e0 chaque bo\u00eetier et \u00e0 chaque couvercle.<\/p><p><img loading=\"lazy\" decoding=\"async\" class=\"alignnone size-full wp-image-4084\" src=\"https:\/\/ledrhythm.com\/wp-content\/uploads\/2025\/03\/622c48e4d2f3e.png\" alt=\"\" width=\"1200\" height=\"410\" srcset=\"https:\/\/ledrhythm.com\/wp-content\/uploads\/2025\/03\/622c48e4d2f3e.png 1200w, https:\/\/ledrhythm.com\/wp-content\/uploads\/2025\/03\/622c48e4d2f3e-300x103.png 300w, https:\/\/ledrhythm.com\/wp-content\/uploads\/2025\/03\/622c48e4d2f3e-1024x350.png 1024w, https:\/\/ledrhythm.com\/wp-content\/uploads\/2025\/03\/622c48e4d2f3e-768x262.png 768w, https:\/\/ledrhythm.com\/wp-content\/uploads\/2025\/03\/622c48e4d2f3e-700x239.png 700w\" sizes=\"(max-width: 1200px) 100vw, 1200px\" \/><\/p>\t\t\t\t\t\t\t\t<\/div>\n\t\t\t\t<div class=\"elementor-element elementor-element-7a63fbe elementor-widget elementor-widget-heading\" data-id=\"7a63fbe\" data-element_type=\"widget\" data-e-type=\"widget\" data-widget_type=\"heading.default\">\n\t\t\t\t\t<h2 class=\"elementor-heading-title elementor-size-default\">LE REV\u00caTEMENT PAR POUDRE ET LE REV\u00caTEMENT PAR VOIE HUMIDE<\/h2>\t\t\t\t<\/div>\n\t\t\t\t<div class=\"elementor-element elementor-element-b61799e elementor-widget elementor-widget-text-editor\" data-id=\"b61799e\" data-element_type=\"widget\" data-e-type=\"widget\" data-widget_type=\"text-editor.default\">\n\t\t\t\t\t\t\t\t\t<p>Tous nos bo\u00eetiers m\u00e9talliques et moul\u00e9s sous pression, ainsi que les r\u00e9flecteurs et autres pi\u00e8ces m\u00e9talliques, sont rev\u00eatus de peinture en poudre dans notre usine de peinture en poudre enti\u00e8rement automatis\u00e9e, la plus moderne, la plus \u00e9conome en \u00e9nergie et la plus respectueuse de l'environnement. Toutes les couleurs RAL ou DB sont possibles, selon les pr\u00e9f\u00e9rences du client.<\/p><p>Pour le rev\u00eatement par poudre de petits lots, en particulier dans des couleurs sp\u00e9ciales, l'usine propose \u00e9galement une cabine manuelle.<\/p><p>Dans les zones ext\u00e9rieures, les bo\u00eetiers en polyester sont fortement sollicit\u00e9s par les rayons UV et les intemp\u00e9ries. Au fil du temps, cela peut entra\u00eener une \u00e9rosion de la surface du bo\u00eetier, ce qui a des cons\u00e9quences inesth\u00e9tiques sur l'aspect visuel. C'est pourquoi nous proposons nos luminaires ext\u00e9rieurs en polyester avec un rev\u00eatement de protection contre les UV (sur demande), qui est appliqu\u00e9 dans une cabine de peinture humide s\u00e9par\u00e9e.<\/p><p><img loading=\"lazy\" decoding=\"async\" class=\"alignnone size-full wp-image-4083\" src=\"https:\/\/ledrhythm.com\/wp-content\/uploads\/2025\/03\/622c4899a9633.png\" alt=\"\" width=\"1200\" height=\"600\" srcset=\"https:\/\/ledrhythm.com\/wp-content\/uploads\/2025\/03\/622c4899a9633.png 1200w, https:\/\/ledrhythm.com\/wp-content\/uploads\/2025\/03\/622c4899a9633-300x150.png 300w, https:\/\/ledrhythm.com\/wp-content\/uploads\/2025\/03\/622c4899a9633-1024x512.png 1024w, https:\/\/ledrhythm.com\/wp-content\/uploads\/2025\/03\/622c4899a9633-768x384.png 768w, https:\/\/ledrhythm.com\/wp-content\/uploads\/2025\/03\/622c4899a9633-700x350.png 700w\" sizes=\"(max-width: 1200px) 100vw, 1200px\" \/><\/p>\t\t\t\t\t\t\t\t<\/div>\n\t\t\t\t<div class=\"elementor-element elementor-element-55fc57a elementor-widget elementor-widget-heading\" data-id=\"55fc57a\" data-element_type=\"widget\" data-e-type=\"widget\" data-widget_type=\"heading.default\">\n\t\t\t\t\t<h2 class=\"elementor-heading-title elementor-size-default\">ASSEMBLAGE FINAL ET TESTS<\/h2>\t\t\t\t<\/div>\n\t\t\t\t<div class=\"elementor-element elementor-element-7eb24ab elementor-widget elementor-widget-text-editor\" data-id=\"7eb24ab\" data-element_type=\"widget\" data-e-type=\"widget\" data-widget_type=\"text-editor.default\">\n\t\t\t\t\t\t\t\t\t<p>L'assemblage manuel minutieux des lampes \u00e0 DEL, la combinaison des composants m\u00e9caniques, \u00e9lectroniques et optiques du produit final, sont r\u00e9alis\u00e9s dans plusieurs d\u00e9partements d'assemblage. Enfin, chaque luminaire est soumis \u00e0 des tests fonctionnels sp\u00e9cifiques avant d'\u00eatre emball\u00e9 pour la livraison.\u00a0<\/p><p>Le contr\u00f4le continu de la qualit\u00e9, les audits internes et les formations de nos employ\u00e9s \u00e0 tous les stades de la production garantissent un niveau de qualit\u00e9 \u00e9lev\u00e9 pour l'ensemble de nos produits.\u00a0<\/p><p><img loading=\"lazy\" decoding=\"async\" class=\"alignnone size-full wp-image-4085\" src=\"https:\/\/ledrhythm.com\/wp-content\/uploads\/2025\/03\/622858ee6f4bd.png\" alt=\"\" width=\"1200\" height=\"600\" srcset=\"https:\/\/ledrhythm.com\/wp-content\/uploads\/2025\/03\/622858ee6f4bd.png 1200w, https:\/\/ledrhythm.com\/wp-content\/uploads\/2025\/03\/622858ee6f4bd-300x150.png 300w, https:\/\/ledrhythm.com\/wp-content\/uploads\/2025\/03\/622858ee6f4bd-1024x512.png 1024w, https:\/\/ledrhythm.com\/wp-content\/uploads\/2025\/03\/622858ee6f4bd-768x384.png 768w, https:\/\/ledrhythm.com\/wp-content\/uploads\/2025\/03\/622858ee6f4bd-700x350.png 700w\" sizes=\"(max-width: 1200px) 100vw, 1200px\" \/><\/p>\t\t\t\t\t\t\t\t<\/div>\n\t\t\t\t\t<\/div>\n\t\t\t\t<\/div>\n\t\t\t\t<\/div>","protected":false},"excerpt":{"rendered":"<p>Processus technologique L'\u00e9clairage LEDRHYTHM est un produit de marque unique \"Made in China\" dot\u00e9 d'un processus technologique complet. Chaque appareil de notre gamme de produits est un LEDRHYTHM original. Con\u00e7u par nos propres ing\u00e9nieurs, produit avec nos propres outils et approuv\u00e9 par la norme de qualit\u00e9 100%. De la conception \u00e0 l'assemblage final, nous r\u00e9alisons tous les...<\/p>","protected":false},"author":1,"featured_media":0,"parent":0,"menu_order":0,"comment_status":"closed","ping_status":"closed","template":"","meta":{"_acf_changed":false,"_kadence_starter_templates_imported_post":false,"_kad_post_transparent":"","_kad_post_title":"hide","_kad_post_layout":"fullwidth","_kad_post_sidebar_id":"","_kad_post_content_style":"unboxed","_kad_post_vertical_padding":"hide","_kad_post_feature":"hide","_kad_post_feature_position":"","_kad_post_header":false,"_kad_post_footer":false,"footnotes":""},"class_list":["post-4061","page","type-page","status-publish","hentry"],"acf":[],"_links":{"self":[{"href":"https:\/\/ledrhythm.com\/fr\/wp-json\/wp\/v2\/pages\/4061","targetHints":{"allow":["GET"]}}],"collection":[{"href":"https:\/\/ledrhythm.com\/fr\/wp-json\/wp\/v2\/pages"}],"about":[{"href":"https:\/\/ledrhythm.com\/fr\/wp-json\/wp\/v2\/types\/page"}],"author":[{"embeddable":true,"href":"https:\/\/ledrhythm.com\/fr\/wp-json\/wp\/v2\/users\/1"}],"replies":[{"embeddable":true,"href":"https:\/\/ledrhythm.com\/fr\/wp-json\/wp\/v2\/comments?post=4061"}],"version-history":[{"count":43,"href":"https:\/\/ledrhythm.com\/fr\/wp-json\/wp\/v2\/pages\/4061\/revisions"}],"predecessor-version":[{"id":8597,"href":"https:\/\/ledrhythm.com\/fr\/wp-json\/wp\/v2\/pages\/4061\/revisions\/8597"}],"wp:attachment":[{"href":"https:\/\/ledrhythm.com\/fr\/wp-json\/wp\/v2\/media?parent=4061"}],"curies":[{"name":"wp","href":"https:\/\/api.w.org\/{rel}","templated":true}]}}