{"id":4052,"date":"2025-03-31T08:18:42","date_gmt":"2025-03-31T08:18:42","guid":{"rendered":"https:\/\/ledrhythm.com\/?page_id=4052"},"modified":"2025-10-14T07:04:30","modified_gmt":"2025-10-14T07:04:30","slug":"certificate","status":"publish","type":"page","link":"https:\/\/ledrhythm.com\/fr\/certificate","title":{"rendered":"Certifications"},"content":{"rendered":"<div data-elementor-type=\"wp-page\" data-elementor-id=\"4052\" class=\"elementor elementor-4052\" data-elementor-post-type=\"page\">\n\t\t\t\t<div class=\"elementor-element elementor-element-7098755 e-flex e-con-boxed e-con e-parent\" data-id=\"7098755\" data-element_type=\"container\" data-e-type=\"container\">\n\t\t\t\t\t<div class=\"e-con-inner\">\n\t\t\t\t<div class=\"elementor-element elementor-element-0df69bb elementor-widget elementor-widget-heading\" data-id=\"0df69bb\" data-element_type=\"widget\" data-e-type=\"widget\" data-widget_type=\"heading.default\">\n\t\t\t\t\t<h1 class=\"elementor-heading-title elementor-size-default\">Certifications<\/h1>\t\t\t\t<\/div>\n\t\t\t\t<div class=\"elementor-element elementor-element-d3bf7cd elementor-widget elementor-widget-text-editor\" data-id=\"d3bf7cd\" data-element_type=\"widget\" data-e-type=\"widget\" data-widget_type=\"text-editor.default\">\n\t\t\t\t\t\t\t\t\t<p>LEDRHYTHM est un fabricant d'\u00e9clairage LED certifi\u00e9 ISO 9001:2015. Cela signifie que nos processus de production, le contr\u00f4le de la qualit\u00e9, la gestion de la cha\u00eene d'approvisionnement, le suivi de la qualit\u00e9 et l'am\u00e9lioration continue sont tous conformes aux normes internationales, ce qui garantit la coh\u00e9rence et la tra\u00e7abilit\u00e9 de chaque lot de produits.<\/p><p>En ce qui concerne les produits, nos s\u00e9ries d'\u00e9clairage LED ont toutes des certifications internationales et des normes d'essai diff\u00e9rentes. CE\/RoHS, CB\/IEC, UL\/DLC, ENEC\/TUV et SAA.<\/p><p>Ces certifications sont non seulement une condition pr\u00e9alable \u00e0 l'entr\u00e9e sur le march\u00e9, mais aussi une garantie de qualit\u00e9 et de soutien technique pour nos partenaires. Nous expliquerons les march\u00e9s et les normes techniques applicables \u00e0 ces certifications. Vous pouvez \u00e9galement <a href=\"https:\/\/ledrhythm.com\/fr\/livre-dor\/\" target=\"_blank\" rel=\"noopener\">nous contacter<\/a> pour consulter les d\u00e9tails de la certification de n'importe quel produit LED.<\/p>\t\t\t\t\t\t\t\t<\/div>\n\t\t<div class=\"elementor-element elementor-element-c67c6cd e-grid e-con-full e-con e-child\" data-id=\"c67c6cd\" data-element_type=\"container\" data-e-type=\"container\">\n\t\t\t\t<div class=\"elementor-element elementor-element-2c940ff elementor-position-top elementor-widget elementor-widget-image-box\" data-id=\"2c940ff\" data-element_type=\"widget\" data-e-type=\"widget\" data-widget_type=\"image-box.default\">\n\t\t\t\t\t<div class=\"elementor-image-box-wrapper\"><figure class=\"elementor-image-box-img\"><img decoding=\"async\" width=\"200\" height=\"200\" src=\"https:\/\/ledrhythm.com\/wp-content\/uploads\/2025\/10\/ce.png\" class=\"attachment-full size-full wp-image-8523\" alt=\"\" srcset=\"https:\/\/ledrhythm.com\/wp-content\/uploads\/2025\/10\/ce.png 200w, https:\/\/ledrhythm.com\/wp-content\/uploads\/2025\/10\/ce-150x150.png 150w, https:\/\/ledrhythm.com\/wp-content\/uploads\/2025\/10\/ce-12x12.png 12w, https:\/\/ledrhythm.com\/wp-content\/uploads\/2025\/10\/ce-100x100.png 100w\" sizes=\"(max-width: 200px) 100vw, 200px\" \/><\/figure><div class=\"elementor-image-box-content\"><p class=\"elementor-image-box-description\">CE, abr\u00e9viation de Conformit\u00e9 Europ\u00e9enne, indique qu'un produit est conforme aux exigences de l'UE en mati\u00e8re de s\u00e9curit\u00e9, de compatibilit\u00e9 \u00e9lectromagn\u00e9tique (CEM), de sant\u00e9 et d'environnement. Cela permet au produit d'\u00eatre vendu et install\u00e9 l\u00e9galement sur le march\u00e9 de l'UE. Elle certifie \u00e9galement que le produit est conforme aux normes de s\u00e9curit\u00e9 \u00e9lectrique et aux tests de compatibilit\u00e9 \u00e9lectromagn\u00e9tique.<\/p><\/div><\/div>\t\t\t\t<\/div>\n\t\t\t\t<div class=\"elementor-element elementor-element-67cc23c elementor-position-top elementor-widget elementor-widget-image-box\" data-id=\"67cc23c\" data-element_type=\"widget\" data-e-type=\"widget\" data-widget_type=\"image-box.default\">\n\t\t\t\t\t<div class=\"elementor-image-box-wrapper\"><figure class=\"elementor-image-box-img\"><img decoding=\"async\" width=\"200\" height=\"200\" src=\"https:\/\/ledrhythm.com\/wp-content\/uploads\/2025\/10\/cb.png\" class=\"attachment-full size-full wp-image-8522\" alt=\"\" srcset=\"https:\/\/ledrhythm.com\/wp-content\/uploads\/2025\/10\/cb.png 200w, https:\/\/ledrhythm.com\/wp-content\/uploads\/2025\/10\/cb-150x150.png 150w, https:\/\/ledrhythm.com\/wp-content\/uploads\/2025\/10\/cb-12x12.png 12w, https:\/\/ledrhythm.com\/wp-content\/uploads\/2025\/10\/cb-100x100.png 100w\" sizes=\"(max-width: 200px) 100vw, 200px\" \/><\/figure><div class=\"elementor-image-box-content\"><p class=\"elementor-image-box-description\">Le syst\u00e8me des organismes de certification (OC) trouve son origine dans la \"Commission europ\u00e9enne pour les essais de conformit\u00e9 du mat\u00e9riel \u00e9lectrique\" (CEE), qui a fusionn\u00e9 avec la CEI en 1985. Il s'agit d'un accord multilat\u00e9ral visant \u00e0 permettre la certification internationale des produits \u00e9lectriques et \u00e9lectroniques, de sorte qu'une certification unique permette l'acc\u00e8s au march\u00e9 mondial.<\/p><\/div><\/div>\t\t\t\t<\/div>\n\t\t\t\t<div class=\"elementor-element elementor-element-04f2705 elementor-position-top elementor-widget elementor-widget-image-box\" data-id=\"04f2705\" data-element_type=\"widget\" data-e-type=\"widget\" data-widget_type=\"image-box.default\">\n\t\t\t\t\t<div class=\"elementor-image-box-wrapper\"><figure class=\"elementor-image-box-img\"><img decoding=\"async\" width=\"200\" height=\"200\" src=\"https:\/\/ledrhythm.com\/wp-content\/uploads\/2025\/10\/rohs.png\" class=\"attachment-full size-full wp-image-8527\" alt=\"\" srcset=\"https:\/\/ledrhythm.com\/wp-content\/uploads\/2025\/10\/rohs.png 200w, https:\/\/ledrhythm.com\/wp-content\/uploads\/2025\/10\/rohs-150x150.png 150w, https:\/\/ledrhythm.com\/wp-content\/uploads\/2025\/10\/rohs-12x12.png 12w, https:\/\/ledrhythm.com\/wp-content\/uploads\/2025\/10\/rohs-100x100.png 100w\" sizes=\"(max-width: 200px) 100vw, 200px\" \/><\/figure><div class=\"elementor-image-box-content\"><p class=\"elementor-image-box-description\">La directive RoHS (Restriction of Hazardous Substances) vise principalement la d\u00e9tection et la restriction de six substances toxiques dans les produits \u00e9lectriques et \u00e9lectroniques : le plomb, le mercure, le cadmium, le chrome hexavalent, le PBB et le PBDE. Cela garantit que ces produits sont inoffensifs pour l'homme et ne lib\u00e8rent pas de gaz chimiques nocifs.<\/p><\/div><\/div>\t\t\t\t<\/div>\n\t\t\t\t<div class=\"elementor-element elementor-element-dd53b6f elementor-position-top elementor-widget elementor-widget-image-box\" data-id=\"dd53b6f\" data-element_type=\"widget\" data-e-type=\"widget\" data-widget_type=\"image-box.default\">\n\t\t\t\t\t<div class=\"elementor-image-box-wrapper\"><figure class=\"elementor-image-box-img\"><img loading=\"lazy\" decoding=\"async\" width=\"200\" height=\"200\" src=\"https:\/\/ledrhythm.com\/wp-content\/uploads\/2025\/10\/ul.png\" class=\"attachment-full size-full wp-image-8529\" alt=\"\" srcset=\"https:\/\/ledrhythm.com\/wp-content\/uploads\/2025\/10\/ul.png 200w, https:\/\/ledrhythm.com\/wp-content\/uploads\/2025\/10\/ul-150x150.png 150w, https:\/\/ledrhythm.com\/wp-content\/uploads\/2025\/10\/ul-12x12.png 12w, https:\/\/ledrhythm.com\/wp-content\/uploads\/2025\/10\/ul-100x100.png 100w\" sizes=\"(max-width: 200px) 100vw, 200px\" \/><\/figure><div class=\"elementor-image-box-content\"><p class=\"elementor-image-box-description\">UL (Underwriters Laboratories) est l'organisme de certification de s\u00e9curit\u00e9 qui fait le plus autorit\u00e9 en Am\u00e9rique du Nord. Pour les produits d'\u00e9clairage LED, la certification UL signifie qu'ils sont conformes aux normes de s\u00e9curit\u00e9 \u00e9lectrique am\u00e9ricaines et canadiennes et qu'ils peuvent \u00eatre install\u00e9s en toute s\u00e9curit\u00e9 dans des installations commerciales, industrielles et sportives. Les produits non certifi\u00e9s UL ne passeront pas les inspections techniques.<\/p><\/div><\/div>\t\t\t\t<\/div>\n\t\t\t\t<div class=\"elementor-element elementor-element-479a1b5 elementor-position-top elementor-widget elementor-widget-image-box\" data-id=\"479a1b5\" data-element_type=\"widget\" data-e-type=\"widget\" data-widget_type=\"image-box.default\">\n\t\t\t\t\t<div class=\"elementor-image-box-wrapper\"><figure class=\"elementor-image-box-img\"><img loading=\"lazy\" decoding=\"async\" width=\"200\" height=\"200\" src=\"https:\/\/ledrhythm.com\/wp-content\/uploads\/2025\/10\/dlc-premium.png\" class=\"attachment-full size-full wp-image-8524\" alt=\"\" srcset=\"https:\/\/ledrhythm.com\/wp-content\/uploads\/2025\/10\/dlc-premium.png 200w, https:\/\/ledrhythm.com\/wp-content\/uploads\/2025\/10\/dlc-premium-150x150.png 150w, https:\/\/ledrhythm.com\/wp-content\/uploads\/2025\/10\/dlc-premium-12x12.png 12w, https:\/\/ledrhythm.com\/wp-content\/uploads\/2025\/10\/dlc-premium-100x100.png 100w\" sizes=\"(max-width: 200px) 100vw, 200px\" \/><\/figure><div class=\"elementor-image-box-content\"><p class=\"elementor-image-box-description\">DLC (DesignLights Consortium) est un organisme tiers nord-am\u00e9ricain sp\u00e9cialis\u00e9 dans les produits d'\u00e9clairage LED. Il propose deux niveaux de certification : DLC Standard et DLC Premium. Premium est le niveau le plus \u00e9lev\u00e9, avec des exigences plus strictes, notamment une efficacit\u00e9 lumineuse plus \u00e9lev\u00e9e et une d\u00e9croissance lumineuse plus faible.<\/p><\/div><\/div>\t\t\t\t<\/div>\n\t\t\t\t<div class=\"elementor-element elementor-element-1f32c48 elementor-position-top elementor-widget elementor-widget-image-box\" data-id=\"1f32c48\" data-element_type=\"widget\" data-e-type=\"widget\" data-widget_type=\"image-box.default\">\n\t\t\t\t\t<div class=\"elementor-image-box-wrapper\"><figure class=\"elementor-image-box-img\"><img loading=\"lazy\" decoding=\"async\" width=\"200\" height=\"200\" src=\"https:\/\/ledrhythm.com\/wp-content\/uploads\/2025\/10\/saa.png\" class=\"attachment-full size-full wp-image-8528\" alt=\"\" srcset=\"https:\/\/ledrhythm.com\/wp-content\/uploads\/2025\/10\/saa.png 200w, https:\/\/ledrhythm.com\/wp-content\/uploads\/2025\/10\/saa-150x150.png 150w, https:\/\/ledrhythm.com\/wp-content\/uploads\/2025\/10\/saa-12x12.png 12w, https:\/\/ledrhythm.com\/wp-content\/uploads\/2025\/10\/saa-100x100.png 100w\" sizes=\"(max-width: 200px) 100vw, 200px\" \/><\/figure><div class=\"elementor-image-box-content\"><p class=\"elementor-image-box-description\">SAA est la marque de certification de Standards Australia \/ Standards New Zealand et constitue un agr\u00e9ment de s\u00e9curit\u00e9 obligatoire pour p\u00e9n\u00e9trer les march\u00e9s australien et n\u00e9o-z\u00e9landais. Sans SAA, les produits ne peuvent \u00eatre vendus l\u00e9galement en Australie\/Nouvelle-Z\u00e9lande.<\/p><\/div><\/div>\t\t\t\t<\/div>\n\t\t\t\t<div class=\"elementor-element elementor-element-a077b32 elementor-position-top elementor-widget elementor-widget-image-box\" data-id=\"a077b32\" data-element_type=\"widget\" data-e-type=\"widget\" data-widget_type=\"image-box.default\">\n\t\t\t\t\t<div class=\"elementor-image-box-wrapper\"><figure class=\"elementor-image-box-img\"><img loading=\"lazy\" decoding=\"async\" width=\"200\" height=\"200\" src=\"https:\/\/ledrhythm.com\/wp-content\/uploads\/2025\/10\/etl.png\" class=\"attachment-full size-full wp-image-8526\" alt=\"\" srcset=\"https:\/\/ledrhythm.com\/wp-content\/uploads\/2025\/10\/etl.png 200w, https:\/\/ledrhythm.com\/wp-content\/uploads\/2025\/10\/etl-150x150.png 150w, https:\/\/ledrhythm.com\/wp-content\/uploads\/2025\/10\/etl-12x12.png 12w, https:\/\/ledrhythm.com\/wp-content\/uploads\/2025\/10\/etl-100x100.png 100w\" sizes=\"(max-width: 200px) 100vw, 200px\" \/><\/figure><div class=\"elementor-image-box-content\"><p class=\"elementor-image-box-description\">ETL est une marque de certification d\u00e9livr\u00e9e par Intertek Laboratories. Comme UL, elle appartient au syst\u00e8me des laboratoires nationaux reconnus par l'OSHA (NRTL) et a le m\u00eame effet juridique qu'UL sur le march\u00e9 nord-am\u00e9ricain. Les produits ETL peuvent \u00e9galement \u00eatre install\u00e9s et utilis\u00e9s l\u00e9galement sur les march\u00e9s am\u00e9ricain et canadien.<\/p><\/div><\/div>\t\t\t\t<\/div>\n\t\t\t\t<div class=\"elementor-element elementor-element-c26eaa8 elementor-position-top elementor-widget elementor-widget-image-box\" data-id=\"c26eaa8\" data-element_type=\"widget\" data-e-type=\"widget\" data-widget_type=\"image-box.default\">\n\t\t\t\t\t<div class=\"elementor-image-box-wrapper\"><figure class=\"elementor-image-box-img\"><img loading=\"lazy\" decoding=\"async\" width=\"200\" height=\"200\" src=\"https:\/\/ledrhythm.com\/wp-content\/uploads\/2025\/10\/enec.png\" class=\"attachment-full size-full wp-image-8525\" alt=\"\" srcset=\"https:\/\/ledrhythm.com\/wp-content\/uploads\/2025\/10\/enec.png 200w, https:\/\/ledrhythm.com\/wp-content\/uploads\/2025\/10\/enec-150x150.png 150w, https:\/\/ledrhythm.com\/wp-content\/uploads\/2025\/10\/enec-12x12.png 12w, https:\/\/ledrhythm.com\/wp-content\/uploads\/2025\/10\/enec-100x100.png 100w\" sizes=\"(max-width: 200px) 100vw, 200px\" \/><\/figure><div class=\"elementor-image-box-content\"><p class=\"elementor-image-box-description\">L'ENEC (European Norms Electrical Certification) est une certification de s\u00e9curit\u00e9 de l'UE pour les \u00e9clairages de haute qualit\u00e9. Elle est plus stricte que la norme CE et est particuli\u00e8rement utilis\u00e9e pour l'\u00e9clairage public, les stades et les projets d'appels d'offres gouvernementaux. Elle comporte des exigences plus strictes en mati\u00e8re de s\u00e9curit\u00e9 \u00e9lectrique et de s\u00e9curit\u00e9 photobiologique.<\/p><\/div><\/div>\t\t\t\t<\/div>\n\t\t\t\t<div class=\"elementor-element elementor-element-1d886c7 elementor-position-top elementor-widget elementor-widget-image-box\" data-id=\"1d886c7\" data-element_type=\"widget\" data-e-type=\"widget\" data-widget_type=\"image-box.default\">\n\t\t\t\t\t<div class=\"elementor-image-box-wrapper\"><figure class=\"elementor-image-box-img\"><img loading=\"lazy\" decoding=\"async\" width=\"200\" height=\"200\" src=\"https:\/\/ledrhythm.com\/wp-content\/uploads\/2025\/10\/gs.png\" class=\"attachment-full size-full wp-image-8530\" alt=\"\" srcset=\"https:\/\/ledrhythm.com\/wp-content\/uploads\/2025\/10\/gs.png 200w, https:\/\/ledrhythm.com\/wp-content\/uploads\/2025\/10\/gs-150x150.png 150w, https:\/\/ledrhythm.com\/wp-content\/uploads\/2025\/10\/gs-12x12.png 12w, https:\/\/ledrhythm.com\/wp-content\/uploads\/2025\/10\/gs-100x100.png 100w\" sizes=\"(max-width: 200px) 100vw, 200px\" \/><\/figure><div class=\"elementor-image-box-content\"><p class=\"elementor-image-box-description\">La marque GS (Gepr\u00fcfte Sicherheit), d\u00e9livr\u00e9e par une agence allemande agr\u00e9\u00e9e, combine les normes de s\u00e9curit\u00e9 europ\u00e9ennes et allemandes. Elle fait particuli\u00e8rement autorit\u00e9 sur les march\u00e9s germanophones (Allemagne, Autriche, Suisse). La marque GS n'est pas obligatoire, mais elle est largement accept\u00e9e dans le monde entier.<\/p><\/div><\/div>\t\t\t\t<\/div>\n\t\t\t\t<\/div>\n\t\t\t\t\t<\/div>\n\t\t\t\t<\/div>\n\t\t\t\t<\/div>","protected":false},"excerpt":{"rendered":"<p>Certifications LEDRHYTHM est un fabricant d'\u00e9clairage LED certifi\u00e9 ISO 9001:2015. Cela signifie que nos processus de production, le contr\u00f4le de la qualit\u00e9, la gestion de la cha\u00eene d'approvisionnement, le suivi de la qualit\u00e9 et l'am\u00e9lioration continue sont tous conformes aux normes internationales, ce qui garantit la coh\u00e9rence et la tra\u00e7abilit\u00e9 de chaque lot de produits. En ce qui concerne les produits, nos s\u00e9ries d'\u00e9clairage LED ont toutes des certifications internationales et des normes d'essai diff\u00e9rentes. Telles que CE\/RoHS, CB\/IEC,...<\/p>","protected":false},"author":1,"featured_media":0,"parent":0,"menu_order":0,"comment_status":"closed","ping_status":"closed","template":"","meta":{"_acf_changed":false,"_kadence_starter_templates_imported_post":false,"_kad_post_transparent":"","_kad_post_title":"hide","_kad_post_layout":"fullwidth","_kad_post_sidebar_id":"","_kad_post_content_style":"unboxed","_kad_post_vertical_padding":"hide","_kad_post_feature":"hide","_kad_post_feature_position":"","_kad_post_header":false,"_kad_post_footer":false,"footnotes":""},"class_list":["post-4052","page","type-page","status-publish","hentry"],"acf":[],"_links":{"self":[{"href":"https:\/\/ledrhythm.com\/fr\/wp-json\/wp\/v2\/pages\/4052","targetHints":{"allow":["GET"]}}],"collection":[{"href":"https:\/\/ledrhythm.com\/fr\/wp-json\/wp\/v2\/pages"}],"about":[{"href":"https:\/\/ledrhythm.com\/fr\/wp-json\/wp\/v2\/types\/page"}],"author":[{"embeddable":true,"href":"https:\/\/ledrhythm.com\/fr\/wp-json\/wp\/v2\/users\/1"}],"replies":[{"embeddable":true,"href":"https:\/\/ledrhythm.com\/fr\/wp-json\/wp\/v2\/comments?post=4052"}],"version-history":[{"count":101,"href":"https:\/\/ledrhythm.com\/fr\/wp-json\/wp\/v2\/pages\/4052\/revisions"}],"predecessor-version":[{"id":8573,"href":"https:\/\/ledrhythm.com\/fr\/wp-json\/wp\/v2\/pages\/4052\/revisions\/8573"}],"wp:attachment":[{"href":"https:\/\/ledrhythm.com\/fr\/wp-json\/wp\/v2\/media?parent=4052"}],"curies":[{"name":"wp","href":"https:\/\/api.w.org\/{rel}","templated":true}]}}