{"id":8486,"date":"2025-10-13T02:26:15","date_gmt":"2025-10-13T02:26:15","guid":{"rendered":"https:\/\/ledrhythm.com\/?post_type=product&#038;p=8486"},"modified":"2026-03-23T07:13:30","modified_gmt":"2026-03-23T07:13:30","slug":"led-module-flood-light-for-high-mast-lighting","status":"publish","type":"product","link":"https:\/\/ledrhythm.com\/es\/product\/led-module-flood-light-for-high-mast-lighting","title":{"rendered":"Proyectores LED industriales para iluminaci\u00f3n de m\u00e1stiles altos"},"content":{"rendered":"","protected":false},"excerpt":{"rendered":"<p>Como uno de nuestros excelentes proyectores LED industriales modulares, suele montarse en postes altos o edificios altos. Ofrecemos dos dise\u00f1os diferentes y opciones de controlador, y ambas caracter\u00edsticas estructura resistente y excelente disipaci\u00f3n de calor. Admite ocho \u00e1ngulos de haz y un ajuste flexible del soporte, lo que garantiza una distribuci\u00f3n precisa de la luz y una cobertura uniforme. Dise\u00f1ada para funcionar de forma fiable en condiciones exteriores adversas, es resistente al agua, a la corrosi\u00f3n y a los impactos. Se utiliza ampliamente en <a href=\"https:\/\/ledrhythm.com\/es\/port-lighting\/\" target=\"_blank\" rel=\"noopener\">iluminaci\u00f3n de puertos<\/a>campos deportivos y <a href=\"https:\/\/ledrhythm.com\/es\/led-public-lighting\/\" target=\"_blank\" rel=\"noopener\">alumbrado p\u00fablico<\/a>.<\/p>\n<h4>Caracter\u00edsticas del producto<\/h4>\n<ul>\n<li>120W, 240W, 360W, 480W<\/li>\n<li>Ocho \u00e1ngulos de haz sim\u00e9tricos y asim\u00e9tricos opcionales<\/li>\n<li>Grado de protecci\u00f3n IP66 e IK10<\/li>\n<li>Amplio rango de tensi\u00f3n de entrada<\/li>\n<li>0-10V Regulable<\/li>\n<\/ul>","protected":false},"featured_media":8487,"template":"","meta":{"_acf_changed":false,"_kadence_starter_templates_imported_post":false,"_kad_post_transparent":"default","_kad_post_title":"","_kad_post_layout":"default","_kad_post_sidebar_id":"","_kad_post_content_style":"default","_kad_post_vertical_padding":"default","_kad_post_feature":"","_kad_post_feature_position":"","_kad_post_header":false,"_kad_post_footer":false},"product_brand":[],"product_cat":[42],"product_tag":[],"class_list":{"0":"post-8486","1":"product","2":"type-product","3":"status-publish","4":"has-post-thumbnail","6":"product_cat-flood-lighting","8":"first","9":"instock","10":"shipping-taxable","11":"product-type-simple","12":"entry","13":"content-bg","14":"loop-entry"},"acf":[],"_links":{"self":[{"href":"https:\/\/ledrhythm.com\/es\/wp-json\/wp\/v2\/product\/8486","targetHints":{"allow":["GET"]}}],"collection":[{"href":"https:\/\/ledrhythm.com\/es\/wp-json\/wp\/v2\/product"}],"about":[{"href":"https:\/\/ledrhythm.com\/es\/wp-json\/wp\/v2\/types\/product"}],"wp:featuredmedia":[{"embeddable":true,"href":"https:\/\/ledrhythm.com\/es\/wp-json\/wp\/v2\/media\/8487"}],"wp:attachment":[{"href":"https:\/\/ledrhythm.com\/es\/wp-json\/wp\/v2\/media?parent=8486"}],"wp:term":[{"taxonomy":"product_brand","embeddable":true,"href":"https:\/\/ledrhythm.com\/es\/wp-json\/wp\/v2\/product_brand?post=8486"},{"taxonomy":"product_cat","embeddable":true,"href":"https:\/\/ledrhythm.com\/es\/wp-json\/wp\/v2\/product_cat?post=8486"},{"taxonomy":"product_tag","embeddable":true,"href":"https:\/\/ledrhythm.com\/es\/wp-json\/wp\/v2\/product_tag?post=8486"}],"curies":[{"name":"wp","href":"https:\/\/api.w.org\/{rel}","templated":true}]}}