{"id":8472,"date":"2025-10-11T06:55:07","date_gmt":"2025-10-11T06:55:07","guid":{"rendered":"https:\/\/ledrhythm.com\/?post_type=product&#038;p=8472"},"modified":"2026-01-30T09:09:24","modified_gmt":"2026-01-30T09:09:24","slug":"ip66-commercial-led-flood-light-outside","status":"publish","type":"product","link":"https:\/\/ledrhythm.com\/es\/product\/ip66-commercial-led-flood-light-outside","title":{"rendered":"Moderno foco inundable LED industrial y comercial"},"content":{"rendered":"","protected":false},"excerpt":{"rendered":"<p>Se trata de un foco LED moderno de alto rendimiento y calidad industrial, fabricado en aluminio fundido a presi\u00f3n, con una estructura ultrafina y robusta, que proporciona una mayor \u00e1rea de disipaci\u00f3n del calor. Cuenta con IP66 y protecci\u00f3n contra sobretensiones de 10KV, por lo que es ideal para cualquier entorno exterior, incluidos jardines, instalaciones deportivas, aparcamientos, intersecciones e iluminaci\u00f3n de zonas. Su cableado simplificado y su soporte flexible ajustable en forma de U facilitan su instalaci\u00f3n. Dispone de m\u00faltiples \u00e1ngulos de haz sim\u00e9tricos para iluminar zonas de diferentes formas, con excelente uniformidad y control del deslumbramiento.<\/p>\n<h4>Caracter\u00edsticas del producto<\/h4>\n<ul>\n<li>36W, 50W, 70W, 100W, 120W, 150W, 180W, 200W, 250W, 300W<\/li>\n<li>IP66 y protecci\u00f3n contra sobretensiones de 10KV<\/li>\n<li>Equipado con ventilaci\u00f3n para evitar el empa\u00f1amiento interno y la formaci\u00f3n de escarcha<\/li>\n<li>Seis \u00e1ngulos de haz y regulaci\u00f3n 0-10V<\/li>\n<\/ul>","protected":false},"featured_media":11430,"template":"","meta":{"_acf_changed":false,"_kadence_starter_templates_imported_post":false,"_kad_post_transparent":"default","_kad_post_title":"","_kad_post_layout":"default","_kad_post_sidebar_id":"","_kad_post_content_style":"default","_kad_post_vertical_padding":"default","_kad_post_feature":"","_kad_post_feature_position":"","_kad_post_header":false,"_kad_post_footer":false},"product_brand":[],"product_cat":[42],"product_tag":[],"class_list":{"0":"post-8472","1":"product","2":"type-product","3":"status-publish","4":"has-post-thumbnail","6":"product_cat-flood-lighting","8":"first","9":"instock","10":"shipping-taxable","11":"product-type-simple","12":"entry","13":"content-bg","14":"loop-entry"},"acf":[],"_links":{"self":[{"href":"https:\/\/ledrhythm.com\/es\/wp-json\/wp\/v2\/product\/8472","targetHints":{"allow":["GET"]}}],"collection":[{"href":"https:\/\/ledrhythm.com\/es\/wp-json\/wp\/v2\/product"}],"about":[{"href":"https:\/\/ledrhythm.com\/es\/wp-json\/wp\/v2\/types\/product"}],"wp:featuredmedia":[{"embeddable":true,"href":"https:\/\/ledrhythm.com\/es\/wp-json\/wp\/v2\/media\/11430"}],"wp:attachment":[{"href":"https:\/\/ledrhythm.com\/es\/wp-json\/wp\/v2\/media?parent=8472"}],"wp:term":[{"taxonomy":"product_brand","embeddable":true,"href":"https:\/\/ledrhythm.com\/es\/wp-json\/wp\/v2\/product_brand?post=8472"},{"taxonomy":"product_cat","embeddable":true,"href":"https:\/\/ledrhythm.com\/es\/wp-json\/wp\/v2\/product_cat?post=8472"},{"taxonomy":"product_tag","embeddable":true,"href":"https:\/\/ledrhythm.com\/es\/wp-json\/wp\/v2\/product_tag?post=8472"}],"curies":[{"name":"wp","href":"https:\/\/api.w.org\/{rel}","templated":true}]}}