{"id":8455,"date":"2025-10-11T02:07:29","date_gmt":"2025-10-11T02:07:29","guid":{"rendered":"https:\/\/ledrhythm.com\/?post_type=product&#038;p=8455"},"modified":"2025-11-24T01:15:04","modified_gmt":"2025-11-24T01:15:04","slug":"190lmw-ufo-led-high-bay-light","status":"publish","type":"product","link":"https:\/\/ledrhythm.com\/es\/product\/190lmw-ufo-led-high-bay-light","title":{"rendered":"Luz LED de gran altura UFO 190lm\/W"},"content":{"rendered":"","protected":false},"excerpt":{"rendered":"<p>Las luces LED de gran altura UFO de alta eficiencia ahorran importantes costes operativos en <a href=\"https:\/\/ledrhythm.com\/es\/led-industrial-lighting\/\" target=\"_blank\" rel=\"noopener\">iluminaci\u00f3n industrial<\/a> aplicaciones como almacenes y f\u00e1bricas. Con una eficacia luminosa de 190 lm\/W, ahorran 30%-40% energ\u00eda que otras luces LED de gran altura con la misma luminosidad. Esto significa que se necesitan menos aparatos, se reducen los costes de funcionamiento y la generaci\u00f3n de calor, lo que prolonga la vida \u00fatil total.<\/p>\n<p>La carcasa de aluminio fundido a presi\u00f3n proporciona una excelente disipaci\u00f3n del calor, y la selecci\u00f3n de chips LED y controladores de varias marcas de renombre, mantiene una salida estable incluso durante el funcionamiento continuo. Lentes de PC ofrece tres \u00e1ngulos de haz, puede cobertura flexible para adaptarse a diferentes necesidades. Se trata de una excelente opci\u00f3n para la iluminaci\u00f3n de gran altura que combina un alto rendimiento con un bajo coste.<\/p>\n<h4>Caracter\u00edsticas del producto<\/h4>\n<ul>\n<li>60W, 100W, 150W, 200W<\/li>\n<li>Alta eficiencia luminosa 190lm\/W<\/li>\n<li>Nivel de protecci\u00f3n IP65 e IK08<\/li>\n<li>\u00c1ngulo del haz 60\u00b0, 90\u00b0, 120\u00b0<\/li>\n<li>Tecnolog\u00eda de regulaci\u00f3n 0-10V<\/li>\n<\/ul>","protected":false},"featured_media":8458,"template":"","meta":{"_acf_changed":false,"_kadence_starter_templates_imported_post":false,"_kad_post_transparent":"default","_kad_post_title":"","_kad_post_layout":"default","_kad_post_sidebar_id":"","_kad_post_content_style":"default","_kad_post_vertical_padding":"default","_kad_post_feature":"","_kad_post_feature_position":"","_kad_post_header":false,"_kad_post_footer":false},"product_brand":[],"product_cat":[41],"product_tag":[],"class_list":{"0":"post-8455","1":"product","2":"type-product","3":"status-publish","4":"has-post-thumbnail","6":"product_cat-high-bay-lighting","8":"first","9":"instock","10":"shipping-taxable","11":"product-type-simple","12":"entry","13":"content-bg","14":"loop-entry"},"acf":[],"_links":{"self":[{"href":"https:\/\/ledrhythm.com\/es\/wp-json\/wp\/v2\/product\/8455","targetHints":{"allow":["GET"]}}],"collection":[{"href":"https:\/\/ledrhythm.com\/es\/wp-json\/wp\/v2\/product"}],"about":[{"href":"https:\/\/ledrhythm.com\/es\/wp-json\/wp\/v2\/types\/product"}],"wp:featuredmedia":[{"embeddable":true,"href":"https:\/\/ledrhythm.com\/es\/wp-json\/wp\/v2\/media\/8458"}],"wp:attachment":[{"href":"https:\/\/ledrhythm.com\/es\/wp-json\/wp\/v2\/media?parent=8455"}],"wp:term":[{"taxonomy":"product_brand","embeddable":true,"href":"https:\/\/ledrhythm.com\/es\/wp-json\/wp\/v2\/product_brand?post=8455"},{"taxonomy":"product_cat","embeddable":true,"href":"https:\/\/ledrhythm.com\/es\/wp-json\/wp\/v2\/product_cat?post=8455"},{"taxonomy":"product_tag","embeddable":true,"href":"https:\/\/ledrhythm.com\/es\/wp-json\/wp\/v2\/product_tag?post=8455"}],"curies":[{"name":"wp","href":"https:\/\/api.w.org\/{rel}","templated":true}]}}