{"id":7225,"date":"2025-09-08T08:59:51","date_gmt":"2025-09-08T08:59:51","guid":{"rendered":"https:\/\/ledrhythm.com\/?post_type=product&#038;p=7225"},"modified":"2025-11-24T01:08:12","modified_gmt":"2025-11-24T01:08:12","slug":"2-4ft-linear-high-bay-led-light-for-stadium","status":"publish","type":"product","link":"https:\/\/ledrhythm.com\/es\/product\/2-4ft-linear-high-bay-led-light-for-stadium","title":{"rendered":"L\u00e1mpara LED lineal de techo alto de 2\/4 pies para iluminaci\u00f3n deportiva interior"},"content":{"rendered":"","protected":false},"excerpt":{"rendered":"<p>Esta luminaria LED lineal de gran altura est\u00e1 disponible en longitudes de 2 y 4 pies, con carcasa fabricada en chapa met\u00e1lica de alta resistencia. Cuenta con dos superficies emisoras de luz lineales, \u00e1ngulos de haz seleccionables a 90\u00b0 y 120\u00b0, proporcionando un \u00e1rea de cobertura m\u00e1s amplia, 20% aumento sobre \"<a href=\"https:\/\/ledrhythm.com\/es\/product\/4ft-linear-led-high-bay-lights-indoor-industrial\/\" target=\"_blank\" rel=\"noopener\">Oc\u00e9ano II<\/a>\". La pantalla es un difusor de material de PC que resiste el envejecimiento y la deformaci\u00f3n y proporciona una luz m\u00e1s suave. Todos los dise\u00f1os est\u00e1n destinados a resolver la iluminaci\u00f3n desigual y el deslumbramiento. Con un \u00edndice de reproducci\u00f3n crom\u00e1tica de 90 o superior, se ha dise\u00f1ado espec\u00edficamente para la iluminaci\u00f3n de estadios deportivos de interior, como los de b\u00e1dminton, tenis y baloncesto.<\/p>\n<h4>Caracter\u00edsticas del producto<\/h4>\n<ul>\n<li>80W,100W,120W,150W,200W,240W<\/li>\n<li>Dos superficies luminosas lineales<\/li>\n<li>Uniformidad de la retroiluminaci\u00f3n &gt;80%<\/li>\n<li>Difusor de material PC de alta calidad<\/li>\n<li><a href=\"https:\/\/ledrhythm.com\/es\/news\/how-does-0-10v-dimming-work.html\/\" target=\"_blank\" rel=\"noopener\">0-10V Regulable<\/a><\/li>\n<\/ul>","protected":false},"featured_media":7227,"template":"","meta":{"_acf_changed":false,"_kadence_starter_templates_imported_post":false,"_kad_post_transparent":"default","_kad_post_title":"","_kad_post_layout":"default","_kad_post_sidebar_id":"","_kad_post_content_style":"default","_kad_post_vertical_padding":"default","_kad_post_feature":"","_kad_post_feature_position":"","_kad_post_header":false,"_kad_post_footer":false},"product_brand":[],"product_cat":[131,41],"product_tag":[],"class_list":{"0":"post-7225","1":"product","2":"type-product","3":"status-publish","4":"has-post-thumbnail","6":"product_cat-linear-lighting","7":"product_cat-high-bay-lighting","9":"first","10":"instock","11":"shipping-taxable","12":"product-type-simple","13":"entry","14":"content-bg","15":"loop-entry"},"acf":[],"_links":{"self":[{"href":"https:\/\/ledrhythm.com\/es\/wp-json\/wp\/v2\/product\/7225","targetHints":{"allow":["GET"]}}],"collection":[{"href":"https:\/\/ledrhythm.com\/es\/wp-json\/wp\/v2\/product"}],"about":[{"href":"https:\/\/ledrhythm.com\/es\/wp-json\/wp\/v2\/types\/product"}],"wp:featuredmedia":[{"embeddable":true,"href":"https:\/\/ledrhythm.com\/es\/wp-json\/wp\/v2\/media\/7227"}],"wp:attachment":[{"href":"https:\/\/ledrhythm.com\/es\/wp-json\/wp\/v2\/media?parent=7225"}],"wp:term":[{"taxonomy":"product_brand","embeddable":true,"href":"https:\/\/ledrhythm.com\/es\/wp-json\/wp\/v2\/product_brand?post=7225"},{"taxonomy":"product_cat","embeddable":true,"href":"https:\/\/ledrhythm.com\/es\/wp-json\/wp\/v2\/product_cat?post=7225"},{"taxonomy":"product_tag","embeddable":true,"href":"https:\/\/ledrhythm.com\/es\/wp-json\/wp\/v2\/product_tag?post=7225"}],"curies":[{"name":"wp","href":"https:\/\/api.w.org\/{rel}","templated":true}]}}