{"id":7072,"date":"2025-09-01T03:14:36","date_gmt":"2025-09-01T03:14:36","guid":{"rendered":"https:\/\/ledrhythm.com\/?post_type=product&#038;p=7072"},"modified":"2026-01-30T02:20:58","modified_gmt":"2026-01-30T02:20:58","slug":"classic-outdoor-led-post-top-light-yard","status":"publish","type":"product","link":"https:\/\/ledrhythm.com\/es\/product\/classic-outdoor-led-post-top-light-yard","title":{"rendered":"Piloto LED cl\u00e1sico"},"content":{"rendered":"","protected":false},"excerpt":{"rendered":"<p>\u201cLa luz LED para poste \u201dCloud II\u00bb presenta un dise\u00f1o cl\u00e1sico que no solo proporciona una iluminaci\u00f3n brillante y segura, sino que tambi\u00e9n tiene un efecto decorativo, mejorando la est\u00e9tica del paisaje exterior, y admite tanto el montaje en la parte superior del poste como el montaje en un solo poste con doble brazo. La lente de cristal controla con precisi\u00f3n la direcci\u00f3n del haz hacia abajo y garantiza una distribuci\u00f3n uniforme de la luz, reduciendo eficazmente el deslumbramiento. La carcasa de aluminio y la protecci\u00f3n IP66 permiten soportar f\u00e1cilmente diversas condiciones clim\u00e1ticas exteriores. Se ofrecen opciones de regulaci\u00f3n y m\u00faltiples controles inteligentes para mejorar la eficiencia energ\u00e9tica y facilitar la gesti\u00f3n. El CCT se puede seleccionar desde amarillo c\u00e1lido hasta blanco.<\/p>\n<h4>Caracter\u00edsticas del producto<\/h4>\n<ol>\n<li>20W,30W,40W,50W,60W,80W,100W<\/li>\n<li>Carcasa completa de aluminio fundido a presi\u00f3n<\/li>\n<li>Aspecto cl\u00e1sico<\/li>\n<li>Protecci\u00f3n contra sobretensiones de 10KV, IP66<\/li>\n<li>Regulaci\u00f3n de intensidad y control inteligente<\/li>\n<\/ol>","protected":false},"featured_media":7074,"template":"","meta":{"_acf_changed":false,"_kadence_starter_templates_imported_post":false,"_kad_post_transparent":"default","_kad_post_title":"","_kad_post_layout":"default","_kad_post_sidebar_id":"","_kad_post_content_style":"default","_kad_post_vertical_padding":"default","_kad_post_feature":"","_kad_post_feature_position":"","_kad_post_header":false,"_kad_post_footer":false},"product_brand":[],"product_cat":[44],"product_tag":[],"class_list":{"0":"post-7072","1":"product","2":"type-product","3":"status-publish","4":"has-post-thumbnail","6":"product_cat-led-post-top-lights","8":"first","9":"instock","10":"shipping-taxable","11":"product-type-simple","12":"entry","13":"content-bg","14":"loop-entry"},"acf":[],"_links":{"self":[{"href":"https:\/\/ledrhythm.com\/es\/wp-json\/wp\/v2\/product\/7072","targetHints":{"allow":["GET"]}}],"collection":[{"href":"https:\/\/ledrhythm.com\/es\/wp-json\/wp\/v2\/product"}],"about":[{"href":"https:\/\/ledrhythm.com\/es\/wp-json\/wp\/v2\/types\/product"}],"wp:featuredmedia":[{"embeddable":true,"href":"https:\/\/ledrhythm.com\/es\/wp-json\/wp\/v2\/media\/7074"}],"wp:attachment":[{"href":"https:\/\/ledrhythm.com\/es\/wp-json\/wp\/v2\/media?parent=7072"}],"wp:term":[{"taxonomy":"product_brand","embeddable":true,"href":"https:\/\/ledrhythm.com\/es\/wp-json\/wp\/v2\/product_brand?post=7072"},{"taxonomy":"product_cat","embeddable":true,"href":"https:\/\/ledrhythm.com\/es\/wp-json\/wp\/v2\/product_cat?post=7072"},{"taxonomy":"product_tag","embeddable":true,"href":"https:\/\/ledrhythm.com\/es\/wp-json\/wp\/v2\/product_tag?post=7072"}],"curies":[{"name":"wp","href":"https:\/\/api.w.org\/{rel}","templated":true}]}}