{"id":7031,"date":"2025-08-28T09:03:58","date_gmt":"2025-08-28T09:03:58","guid":{"rendered":"https:\/\/ledrhythm.com\/?post_type=product&#038;p=7031"},"modified":"2025-11-28T07:28:56","modified_gmt":"2025-11-28T07:28:56","slug":"super-bright-led-flood-light-stadiums-ports","status":"publish","type":"product","link":"https:\/\/ledrhythm.com\/es\/product\/super-bright-led-flood-light-stadiums-ports","title":{"rendered":"Proyectores LED superbrillantes para estadios y puertos"},"content":{"rendered":"","protected":false},"excerpt":{"rendered":"<p>Proyectores LED de alta potencia y alto flujo luminoso, cada m\u00f3dulo es de 300 W y el m\u00e1ximo de 1.500 W, con un flujo luminoso de m\u00e1s de 22.5000 l\u00famenes. Seis \u00e1ngulos de haz disponibles para adaptarse a varias alturas y minimizar la contaminaci\u00f3n lum\u00ednica y el deslumbramiento. El CRI de hasta 90+ est\u00e1 dise\u00f1ado para crear una experiencia visual suave, natural y realista. Su marco de una sola pieza tiene una excelente resistencia a los golpes y tiene 3G vibraci\u00f3n-probado asegura que no se afloje cuando se instala en postes altos. Con clasificaci\u00f3n IP66 y atenuaci\u00f3n de 0-10 V, se presenta en dos opciones de dise\u00f1o diferentes, adecuadas para grandes <a href=\"https:\/\/ledrhythm.com\/es\/led-stadium-arena-lights\/\" target=\"_blank\" rel=\"noopener\">estadios<\/a>, <a href=\"https:\/\/ledrhythm.com\/es\/port-lighting\/\" target=\"_blank\" rel=\"noopener\">iluminaci\u00f3n de puertos<\/a>y otros.<\/p>\n<h4>Caracter\u00edsticas del producto<\/h4>\n<ul>\n<li>300W, 600W, 900W, 1200W, 1500W<\/li>\n<li>\u00c1ngulo del haz: 10\u00b0\u300120\u00b0\u300140\u00b0\u300160\u00b0\u300190\u00b0\u3001Asim\u00e9trico 50<\/li>\n<li>Eficacia luminosa 150lm\/W+<\/li>\n<li>Regulaci\u00f3n 0-10V y control inteligente<\/li>\n<li>Dise\u00f1o de la caja de potencia con cierre r\u00e1pido<\/li>\n<\/ul>","protected":false},"featured_media":7035,"template":"","meta":{"_acf_changed":false,"_kadence_starter_templates_imported_post":false,"_kad_post_transparent":"default","_kad_post_title":"","_kad_post_layout":"default","_kad_post_sidebar_id":"","_kad_post_content_style":"default","_kad_post_vertical_padding":"default","_kad_post_feature":"","_kad_post_feature_position":"","_kad_post_header":false,"_kad_post_footer":false},"product_brand":[],"product_cat":[42],"product_tag":[],"class_list":{"0":"post-7031","1":"product","2":"type-product","3":"status-publish","4":"has-post-thumbnail","6":"product_cat-flood-lighting","8":"first","9":"instock","10":"shipping-taxable","11":"product-type-simple","12":"entry","13":"content-bg","14":"loop-entry"},"acf":[],"_links":{"self":[{"href":"https:\/\/ledrhythm.com\/es\/wp-json\/wp\/v2\/product\/7031","targetHints":{"allow":["GET"]}}],"collection":[{"href":"https:\/\/ledrhythm.com\/es\/wp-json\/wp\/v2\/product"}],"about":[{"href":"https:\/\/ledrhythm.com\/es\/wp-json\/wp\/v2\/types\/product"}],"wp:featuredmedia":[{"embeddable":true,"href":"https:\/\/ledrhythm.com\/es\/wp-json\/wp\/v2\/media\/7035"}],"wp:attachment":[{"href":"https:\/\/ledrhythm.com\/es\/wp-json\/wp\/v2\/media?parent=7031"}],"wp:term":[{"taxonomy":"product_brand","embeddable":true,"href":"https:\/\/ledrhythm.com\/es\/wp-json\/wp\/v2\/product_brand?post=7031"},{"taxonomy":"product_cat","embeddable":true,"href":"https:\/\/ledrhythm.com\/es\/wp-json\/wp\/v2\/product_cat?post=7031"},{"taxonomy":"product_tag","embeddable":true,"href":"https:\/\/ledrhythm.com\/es\/wp-json\/wp\/v2\/product_tag?post=7031"}],"curies":[{"name":"wp","href":"https:\/\/api.w.org\/{rel}","templated":true}]}}