{"id":6461,"date":"2025-08-08T07:53:03","date_gmt":"2025-08-08T07:53:03","guid":{"rendered":"https:\/\/ledrhythm.com\/?post_type=product&#038;p=6461"},"modified":"2025-12-03T08:31:35","modified_gmt":"2025-12-03T08:31:35","slug":"led-sports-court-smart-flood-light-lens-modular","status":"publish","type":"product","link":"https:\/\/ledrhythm.com\/es\/product\/led-sports-court-smart-flood-light-lens-modular","title":{"rendered":"Proyectores LED deportivos modulares con lente"},"content":{"rendered":"","protected":false},"excerpt":{"rendered":"<p>\"Galileo\" es uno de nuestros mejores proyectores LED. Cada m\u00f3dulo es de 300W, soporta hasta tres m\u00f3dulos de 900W, y cuenta con disipador de aluminio de gran superficie en la parte trasera para una refrigeraci\u00f3n independiente. Dispone de dos m\u00e9todos de distribuci\u00f3n de la luz: vaso reflector y lente de precisi\u00f3n. La lente ofrece diferentes \u00e1ngulos de haz y un excelente control del deslumbramiento. Su dise\u00f1o tiene como objetivo proporcionar una iluminancia del suelo m\u00e1s uniforme, una experiencia visual m\u00e1s suave y menos deslumbramiento. El soporte de montaje ajustable permite una mayor flexibilidad de instalaci\u00f3n. Puede satisfacer la mayor\u00eda de las necesidades en interiores o exteriores. <a href=\"https:\/\/ledrhythm.com\/es\/led-sports-lighting\/\" target=\"_blank\" rel=\"noopener\">iluminaci\u00f3n deportiva<\/a> normas.<\/p>\n<h4>Caracter\u00edsticas del producto<\/h4>\n<ol>\n<li>300W, 600W, 900W<\/li>\n<li>\u00c1ngulo del haz: 24\u00b0, 40\u00b0, 60\u00b0, asim\u00e9trico 50<\/li>\n<li>IP66, todo de aluminio<\/li>\n<li>Distribuci\u00f3n precisa de la luz y excelente control del deslumbramiento<\/li>\n<li>Admite los modos de entrenamiento, competici\u00f3n y limpieza<\/li>\n<li>Sistema de control inteligente, regulaci\u00f3n por zonas<\/li>\n<\/ol>","protected":false},"featured_media":6455,"template":"","meta":{"_acf_changed":false,"_kadence_starter_templates_imported_post":false,"_kad_post_transparent":"default","_kad_post_title":"","_kad_post_layout":"default","_kad_post_sidebar_id":"","_kad_post_content_style":"default","_kad_post_vertical_padding":"default","_kad_post_feature":"","_kad_post_feature_position":"","_kad_post_header":false,"_kad_post_footer":false},"product_brand":[],"product_cat":[42],"product_tag":[],"class_list":{"0":"post-6461","1":"product","2":"type-product","3":"status-publish","4":"has-post-thumbnail","6":"product_cat-flood-lighting","8":"first","9":"instock","10":"shipping-taxable","11":"product-type-simple","12":"entry","13":"content-bg","14":"loop-entry"},"acf":[],"_links":{"self":[{"href":"https:\/\/ledrhythm.com\/es\/wp-json\/wp\/v2\/product\/6461","targetHints":{"allow":["GET"]}}],"collection":[{"href":"https:\/\/ledrhythm.com\/es\/wp-json\/wp\/v2\/product"}],"about":[{"href":"https:\/\/ledrhythm.com\/es\/wp-json\/wp\/v2\/types\/product"}],"wp:featuredmedia":[{"embeddable":true,"href":"https:\/\/ledrhythm.com\/es\/wp-json\/wp\/v2\/media\/6455"}],"wp:attachment":[{"href":"https:\/\/ledrhythm.com\/es\/wp-json\/wp\/v2\/media?parent=6461"}],"wp:term":[{"taxonomy":"product_brand","embeddable":true,"href":"https:\/\/ledrhythm.com\/es\/wp-json\/wp\/v2\/product_brand?post=6461"},{"taxonomy":"product_cat","embeddable":true,"href":"https:\/\/ledrhythm.com\/es\/wp-json\/wp\/v2\/product_cat?post=6461"},{"taxonomy":"product_tag","embeddable":true,"href":"https:\/\/ledrhythm.com\/es\/wp-json\/wp\/v2\/product_tag?post=6461"}],"curies":[{"name":"wp","href":"https:\/\/api.w.org\/{rel}","templated":true}]}}