{"id":5429,"date":"2025-06-17T01:46:23","date_gmt":"2025-06-17T01:46:23","guid":{"rendered":"https:\/\/ledrhythm.com\/?post_type=product&#038;p=5429"},"modified":"2025-11-17T01:02:39","modified_gmt":"2025-11-17T01:02:39","slug":"small-and-harsh-space-led-tri-proof-light","status":"publish","type":"product","link":"https:\/\/ledrhythm.com\/es\/product\/small-and-harsh-space-led-tri-proof-light","title":{"rendered":"L\u00e1mpara trif\u00e1sica LED estanca lineal con casquillo"},"content":{"rendered":"","protected":false},"excerpt":{"rendered":"<p>Esta luz LED tri-proof es para uso en espacios estrechos. Combina caracter\u00edsticas impermeables, a prueba de polvo y resistentes a la corrosi\u00f3n, y tiene 2 pies de superficie luminosa y es f\u00e1cil de instalar. Presenta una pantalla de PC robusta y duradera y una cubierta trasera de aleaci\u00f3n de aluminio de alta resistencia, que ofrece resistencia a la corrosi\u00f3n, protecci\u00f3n UV y resistencia a los impactos. El \u00e1ngulo de haz de 120\u00b0 permite una cobertura m\u00e1s amplia. Cuerpo de la l\u00e1mpara con enchufe para toma de corriente de 220 V, que permite la conexi\u00f3n simult\u00e1nea a otros dispositivos, mejorando la flexibilidad y practicidad del trabajo.<\/p>\n<h4>Caracter\u00edsticas del producto<\/h4>\n<ol>\n<li>Superficie luminosa est\u00e1ndar de 18 W y 2 pies<\/li>\n<li>IP65, resistente al agua, al polvo y a la corrosi\u00f3n<\/li>\n<li>F\u00e1cil instalaci\u00f3n, dise\u00f1o integrado<\/li>\n<li>Enchufe integrado, proporciona potencia de salida<\/li>\n<li>PC robusto y duradero<\/li>\n<\/ol>","protected":false},"featured_media":6857,"template":"","meta":{"_acf_changed":false,"_kadence_starter_templates_imported_post":false,"_kad_post_transparent":"default","_kad_post_title":"","_kad_post_layout":"default","_kad_post_sidebar_id":"","_kad_post_content_style":"default","_kad_post_vertical_padding":"default","_kad_post_feature":"","_kad_post_feature_position":"","_kad_post_header":false,"_kad_post_footer":false},"product_brand":[],"product_cat":[20,132],"product_tag":[],"class_list":{"0":"post-5429","1":"product","2":"type-product","3":"status-publish","4":"has-post-thumbnail","6":"product_cat-wind-energy-lighting","7":"product_cat-tri-proof-lighting","9":"first","10":"instock","11":"shipping-taxable","12":"product-type-simple","13":"entry","14":"content-bg","15":"loop-entry"},"acf":[],"_links":{"self":[{"href":"https:\/\/ledrhythm.com\/es\/wp-json\/wp\/v2\/product\/5429","targetHints":{"allow":["GET"]}}],"collection":[{"href":"https:\/\/ledrhythm.com\/es\/wp-json\/wp\/v2\/product"}],"about":[{"href":"https:\/\/ledrhythm.com\/es\/wp-json\/wp\/v2\/types\/product"}],"wp:featuredmedia":[{"embeddable":true,"href":"https:\/\/ledrhythm.com\/es\/wp-json\/wp\/v2\/media\/6857"}],"wp:attachment":[{"href":"https:\/\/ledrhythm.com\/es\/wp-json\/wp\/v2\/media?parent=5429"}],"wp:term":[{"taxonomy":"product_brand","embeddable":true,"href":"https:\/\/ledrhythm.com\/es\/wp-json\/wp\/v2\/product_brand?post=5429"},{"taxonomy":"product_cat","embeddable":true,"href":"https:\/\/ledrhythm.com\/es\/wp-json\/wp\/v2\/product_cat?post=5429"},{"taxonomy":"product_tag","embeddable":true,"href":"https:\/\/ledrhythm.com\/es\/wp-json\/wp\/v2\/product_tag?post=5429"}],"curies":[{"name":"wp","href":"https:\/\/api.w.org\/{rel}","templated":true}]}}