{"id":5327,"date":"2025-06-10T08:17:53","date_gmt":"2025-06-10T08:17:53","guid":{"rendered":"https:\/\/ledrhythm.com\/?post_type=product&#038;p=5327"},"modified":"2025-11-17T00:59:09","modified_gmt":"2025-11-17T00:59:09","slug":"2ft-led-wet-location-light-fixtures","status":"publish","type":"product","link":"https:\/\/ledrhythm.com\/es\/product\/2ft-led-wet-location-light-fixtures","title":{"rendered":"Luminaria LED Tri Proof de 2 pies para lugares h\u00famedos"},"content":{"rendered":"","protected":false},"excerpt":{"rendered":"<p>Se trata de una peque\u00f1a luz LED trif\u00e1sica dise\u00f1ada espec\u00edficamente para la iluminaci\u00f3n interior de aerogeneradores. Debido a su longitud de s\u00f3lo 2 pies, tambi\u00e9n se puede utilizar como iluminaci\u00f3n de espacios peque\u00f1os en zonas h\u00famedas. La estructura de material de PC totalmente sellada le confiere la clasificaci\u00f3n IP65 de resistencia al polvo y al agua, y proporciona una luz m\u00e1s uniforme y suave. Puede soportar fuertes vibraciones y corrosi\u00f3n por niebla salina en zonas costeras. A la vez que ahorra energ\u00eda 50% que las l\u00e1mparas tradicionales, mantiene una vida \u00fatil de m\u00e1s de 50.000 horas. La instalaci\u00f3n es m\u00e1s sencilla y r\u00e1pida, es la primera opci\u00f3n para la iluminaci\u00f3n en lugares h\u00famedos con espacio limitado.<\/p>\n<h4>Caracter\u00edsticas del producto<\/h4>\n<ol>\n<li>Est\u00e1ndar 18W, longitud 2 pies<\/li>\n<li>Protecci\u00f3n IP65, resistente a la corrosi\u00f3n<\/li>\n<li>Respiradero para equilibrar la presi\u00f3n de aire interna y externa.<\/li>\n<li>F\u00e1cil instalaci\u00f3n, dise\u00f1o integrado<\/li>\n<li>\u00cdndice de reproducci\u00f3n crom\u00e1tica &gt; 80, bajo deslumbramiento<\/li>\n<\/ol>","protected":false},"featured_media":6859,"template":"","meta":{"_acf_changed":false,"_kadence_starter_templates_imported_post":false,"_kad_post_transparent":"default","_kad_post_title":"","_kad_post_layout":"default","_kad_post_sidebar_id":"","_kad_post_content_style":"default","_kad_post_vertical_padding":"default","_kad_post_feature":"","_kad_post_feature_position":"","_kad_post_header":false,"_kad_post_footer":false},"product_brand":[],"product_cat":[20,132],"product_tag":[],"class_list":{"0":"post-5327","1":"product","2":"type-product","3":"status-publish","4":"has-post-thumbnail","6":"product_cat-wind-energy-lighting","7":"product_cat-tri-proof-lighting","9":"first","10":"instock","11":"shipping-taxable","12":"product-type-simple","13":"entry","14":"content-bg","15":"loop-entry"},"acf":[],"_links":{"self":[{"href":"https:\/\/ledrhythm.com\/es\/wp-json\/wp\/v2\/product\/5327","targetHints":{"allow":["GET"]}}],"collection":[{"href":"https:\/\/ledrhythm.com\/es\/wp-json\/wp\/v2\/product"}],"about":[{"href":"https:\/\/ledrhythm.com\/es\/wp-json\/wp\/v2\/types\/product"}],"wp:featuredmedia":[{"embeddable":true,"href":"https:\/\/ledrhythm.com\/es\/wp-json\/wp\/v2\/media\/6859"}],"wp:attachment":[{"href":"https:\/\/ledrhythm.com\/es\/wp-json\/wp\/v2\/media?parent=5327"}],"wp:term":[{"taxonomy":"product_brand","embeddable":true,"href":"https:\/\/ledrhythm.com\/es\/wp-json\/wp\/v2\/product_brand?post=5327"},{"taxonomy":"product_cat","embeddable":true,"href":"https:\/\/ledrhythm.com\/es\/wp-json\/wp\/v2\/product_cat?post=5327"},{"taxonomy":"product_tag","embeddable":true,"href":"https:\/\/ledrhythm.com\/es\/wp-json\/wp\/v2\/product_tag?post=5327"}],"curies":[{"name":"wp","href":"https:\/\/api.w.org\/{rel}","templated":true}]}}