{"id":5318,"date":"2025-06-10T07:24:40","date_gmt":"2025-06-10T07:24:40","guid":{"rendered":"https:\/\/ledrhythm.com\/?post_type=product&#038;p=5318"},"modified":"2025-11-13T07:25:50","modified_gmt":"2025-11-13T07:25:50","slug":"lightweight-tri-proof-vapor-tight-light-fixture","status":"publish","type":"product","link":"https:\/\/ledrhythm.com\/es\/product\/lightweight-tri-proof-vapor-tight-light-fixture","title":{"rendered":"2\/3\/4\/5ft LED Tri-proof Vapor Tight Luz Con Emergencia"},"content":{"rendered":"","protected":false},"excerpt":{"rendered":"<p>Esta luz estanca al vapor LED se utiliza principalmente para la iluminaci\u00f3n de trabajo, como en zonas de gran altitud y costeras, y tambi\u00e9n puede utilizarse como iluminaci\u00f3n suplementaria en otros entornos dif\u00edciles. Presume de una excelente impermeabilidad, resistencia a la corrosi\u00f3n y a los golpes, y tambi\u00e9n suele denominarse <a href=\"https:\/\/ledrhythm.com\/es\/categories\/tri-proof-lighting\/\" target=\"_blank\" rel=\"noopener\">Luz LED trif\u00e1sica<\/a>. Dise\u00f1o ligero con carcasa de una sola pieza fabricada \u00edntegramente en material de PC que ofrece bajo deslumbramiento, resistencia a la corrosi\u00f3n y buen rendimiento antienvejecimiento. El accionamiento de corriente constante garantiza un funcionamiento estable a largo plazo sin mantenimiento, con una vida \u00fatil superior a 50.000 horas. Disponible en longitudes de 2, 3, 4 y 5 pies. F\u00e1cil de instalar y ofrece una buena resistencia a las vibraciones.<\/p>\n<h4>Caracter\u00edsticas del producto<\/h4>\n<ol>\n<li>15W, 18W, 25W, 36W, 50W<\/li>\n<li>Iluminaci\u00f3n de emergencia: 5W, 90min<\/li>\n<li>El respiradero equilibra la presi\u00f3n del aire y evita la condensaci\u00f3n<\/li>\n<li>IP66 impermeable y resistente a la corrosi\u00f3n por niebla salina<\/li>\n<li>Dise\u00f1o ligero, peso m\u00ednimo 0,7 kg<\/li>\n<li>Instalaci\u00f3n r\u00e1pida en superficie y suspendida<\/li>\n<\/ol>","protected":false},"featured_media":6860,"template":"","meta":{"_acf_changed":false,"_kadence_starter_templates_imported_post":false,"_kad_post_transparent":"default","_kad_post_title":"","_kad_post_layout":"default","_kad_post_sidebar_id":"","_kad_post_content_style":"default","_kad_post_vertical_padding":"default","_kad_post_feature":"","_kad_post_feature_position":"","_kad_post_header":false,"_kad_post_footer":false},"product_brand":[],"product_cat":[20,132],"product_tag":[],"class_list":{"0":"post-5318","1":"product","2":"type-product","3":"status-publish","4":"has-post-thumbnail","6":"product_cat-wind-energy-lighting","7":"product_cat-tri-proof-lighting","9":"first","10":"instock","11":"shipping-taxable","12":"product-type-simple","13":"entry","14":"content-bg","15":"loop-entry"},"acf":[],"_links":{"self":[{"href":"https:\/\/ledrhythm.com\/es\/wp-json\/wp\/v2\/product\/5318","targetHints":{"allow":["GET"]}}],"collection":[{"href":"https:\/\/ledrhythm.com\/es\/wp-json\/wp\/v2\/product"}],"about":[{"href":"https:\/\/ledrhythm.com\/es\/wp-json\/wp\/v2\/types\/product"}],"wp:featuredmedia":[{"embeddable":true,"href":"https:\/\/ledrhythm.com\/es\/wp-json\/wp\/v2\/media\/6860"}],"wp:attachment":[{"href":"https:\/\/ledrhythm.com\/es\/wp-json\/wp\/v2\/media?parent=5318"}],"wp:term":[{"taxonomy":"product_brand","embeddable":true,"href":"https:\/\/ledrhythm.com\/es\/wp-json\/wp\/v2\/product_brand?post=5318"},{"taxonomy":"product_cat","embeddable":true,"href":"https:\/\/ledrhythm.com\/es\/wp-json\/wp\/v2\/product_cat?post=5318"},{"taxonomy":"product_tag","embeddable":true,"href":"https:\/\/ledrhythm.com\/es\/wp-json\/wp\/v2\/product_tag?post=5318"}],"curies":[{"name":"wp","href":"https:\/\/api.w.org\/{rel}","templated":true}]}}