{"id":4573,"date":"2025-04-25T02:26:16","date_gmt":"2025-04-25T02:26:16","guid":{"rendered":"https:\/\/ledrhythm.com\/?post_type=product&#038;p=4573"},"modified":"2025-12-05T08:59:08","modified_gmt":"2025-12-05T08:59:08","slug":"commercial-led-street-light-road-public-lighting","status":"publish","type":"product","link":"https:\/\/ledrhythm.com\/es\/product\/commercial-led-street-light-road-public-lighting","title":{"rendered":"Farolas comerciales LED para alumbrado p\u00fablico y de carreteras"},"content":{"rendered":"","protected":false},"excerpt":{"rendered":"<p>\"Moon\u2161\" es una farola LED comercial ampliamente utilizada con una potencia que oscila entre 50W-240W. Cumple con el tipo de haz est\u00e1ndar internacional y los tipos opcionales de corte y semicorte, garantizan una luz precisa, libre de contaminaci\u00f3n lum\u00ednica y m\u00e1s suave, adecuada para diversos exteriores. <a href=\"https:\/\/ledrhythm.com\/es\/led-street-roadway-lighting\/\" target=\"_blank\" rel=\"noopener\">carreteras<\/a> o <a href=\"https:\/\/ledrhythm.com\/es\/led-area-lights\/\" target=\"_blank\" rel=\"noopener\">iluminaci\u00f3n de zonas<\/a>. El manguito de montaje admite instalaciones en poste y en pared, y el \u00e1ngulo puede ajustarse en \u00b115\u00b0. Fabricado en aluminio fundido a presi\u00f3n m\u00e1s fuerte, ofrece una mejor disipaci\u00f3n del calor y resistencia a la intemperie. El compartimento de alimentaci\u00f3n del driver presenta un dise\u00f1o de encaje a presi\u00f3n, que permite abrirlo sin herramientas para su mantenimiento. Consigue una mayor eficiencia luminosa, ahorrando energ\u00eda hasta 80%.<\/p>\n<h4>Caracter\u00edsticas del producto<\/h4>\n<ol>\n<li>50W,70W,100W,120W,150W,200W,240W<\/li>\n<li>Eficacia luminosa de hasta 180 lm\/W<\/li>\n<li>IP66\/IK08 y protecci\u00f3n contra sobretensiones de 10KV<\/li>\n<li>Tipo de viga\u2161,Tipo\u2162,Tipo\u2163,Tipo\u2164<\/li>\n<li>Regulaci\u00f3n 0-10V y sensor de fotoc\u00e9lula<\/li>\n<\/ol>","protected":false},"featured_media":6921,"template":"","meta":{"_acf_changed":false,"_kadence_starter_templates_imported_post":false,"_kad_post_transparent":"default","_kad_post_title":"","_kad_post_layout":"default","_kad_post_sidebar_id":"","_kad_post_content_style":"default","_kad_post_vertical_padding":"default","_kad_post_feature":"","_kad_post_feature_position":"","_kad_post_header":false,"_kad_post_footer":false},"product_brand":[],"product_cat":[44,148],"product_tag":[],"class_list":{"0":"post-4573","1":"product","2":"type-product","3":"status-publish","4":"has-post-thumbnail","6":"product_cat-led-post-top-lights","7":"product_cat-led-street-lights","9":"first","10":"instock","11":"downloadable","12":"virtual","13":"product-type-simple","14":"entry","15":"content-bg","16":"loop-entry"},"acf":[],"_links":{"self":[{"href":"https:\/\/ledrhythm.com\/es\/wp-json\/wp\/v2\/product\/4573","targetHints":{"allow":["GET"]}}],"collection":[{"href":"https:\/\/ledrhythm.com\/es\/wp-json\/wp\/v2\/product"}],"about":[{"href":"https:\/\/ledrhythm.com\/es\/wp-json\/wp\/v2\/types\/product"}],"wp:featuredmedia":[{"embeddable":true,"href":"https:\/\/ledrhythm.com\/es\/wp-json\/wp\/v2\/media\/6921"}],"wp:attachment":[{"href":"https:\/\/ledrhythm.com\/es\/wp-json\/wp\/v2\/media?parent=4573"}],"wp:term":[{"taxonomy":"product_brand","embeddable":true,"href":"https:\/\/ledrhythm.com\/es\/wp-json\/wp\/v2\/product_brand?post=4573"},{"taxonomy":"product_cat","embeddable":true,"href":"https:\/\/ledrhythm.com\/es\/wp-json\/wp\/v2\/product_cat?post=4573"},{"taxonomy":"product_tag","embeddable":true,"href":"https:\/\/ledrhythm.com\/es\/wp-json\/wp\/v2\/product_tag?post=4573"}],"curies":[{"name":"wp","href":"https:\/\/api.w.org\/{rel}","templated":true}]}}