{"id":4570,"date":"2025-04-24T08:12:37","date_gmt":"2025-04-24T08:12:37","guid":{"rendered":"https:\/\/ledrhythm.com\/?post_type=product&#038;p=4570"},"modified":"2025-11-12T07:08:50","modified_gmt":"2025-11-12T07:08:50","slug":"high-temp-industrial-led-flood-light","status":"publish","type":"product","link":"https:\/\/ledrhythm.com\/es\/product\/high-temp-industrial-led-flood-light","title":{"rendered":"Foco reflector LED de alta temperatura 65\u2103"},"content":{"rendered":"","protected":false},"excerpt":{"rendered":"<p>Esta luz de inundaci\u00f3n LED de alta temperatura se actualizan a partir de <a href=\"https:\/\/ledrhythm.com\/es\/product\/large-industrial-outdoor-flood-lighting-work-parking-lot-lighting\/\" target=\"_blank\" rel=\"noopener\">Proyector est\u00e1ndar 'Slim\u2162<\/a>. Su carcasa est\u00e1 hecha de aluminio fundido a presi\u00f3n con un disipador de calor m\u00e1s grande, combinado con una potencia de driver m\u00e1s resistente al calor, y separa el driver del cuerpo de la luz, lo que garantiza un funcionamiento estable a temperaturas ambiente de hasta 65\u00b0C. A diferencia de <a href=\"https:\/\/ledrhythm.com\/es\/product\/diamond-industrial-led-high-bay-lighting-75-high-temp-lights\/\" target=\"_blank\" rel=\"noopener\">high temp high bay lights<\/a>IP66\/IK08 y el soporte de montaje flexible hacen que esta luminaria sea adecuada no s\u00f3lo para uso en interiores, sino tambi\u00e9n para aplicaciones de calor intenso en exteriores. El \u00e1ngulo de haz de 120\u00b0 proporciona una cobertura de luz m\u00e1s amplia y uniforme. Admite regulaci\u00f3n de 0-10 V para mejorar a\u00fan m\u00e1s la eficiencia energ\u00e9tica.<\/p>\n<h4>Caracter\u00edsticas del producto<\/h4>\n<ol>\n<li>80W,100W,120W,150W,200W<\/li>\n<li>Eficacia luminosa 150lm\/W+<\/li>\n<li>Soporta una temperatura ambiente de 65\u2103<\/li>\n<li>Excelente resistencia y disipaci\u00f3n del calor<\/li>\n<li>Estanqueidad IP66 y protecci\u00f3n contra sobretensiones 10KV<\/li>\n<li>Regulaci\u00f3n 0-10V opcional<\/li>\n<\/ol>","protected":false},"featured_media":6854,"template":"","meta":{"_acf_changed":false,"_kadence_starter_templates_imported_post":false,"_kad_post_transparent":"default","_kad_post_title":"","_kad_post_layout":"default","_kad_post_sidebar_id":"","_kad_post_content_style":"default","_kad_post_vertical_padding":"default","_kad_post_feature":"","_kad_post_feature_position":"","_kad_post_header":false,"_kad_post_footer":false},"product_brand":[],"product_cat":[145,42],"product_tag":[],"class_list":{"0":"post-4570","1":"product","2":"type-product","3":"status-publish","4":"has-post-thumbnail","6":"product_cat-high-temp-lighting","7":"product_cat-flood-lighting","9":"first","10":"instock","11":"downloadable","12":"virtual","13":"product-type-simple","14":"entry","15":"content-bg","16":"loop-entry"},"acf":[],"_links":{"self":[{"href":"https:\/\/ledrhythm.com\/es\/wp-json\/wp\/v2\/product\/4570","targetHints":{"allow":["GET"]}}],"collection":[{"href":"https:\/\/ledrhythm.com\/es\/wp-json\/wp\/v2\/product"}],"about":[{"href":"https:\/\/ledrhythm.com\/es\/wp-json\/wp\/v2\/types\/product"}],"wp:featuredmedia":[{"embeddable":true,"href":"https:\/\/ledrhythm.com\/es\/wp-json\/wp\/v2\/media\/6854"}],"wp:attachment":[{"href":"https:\/\/ledrhythm.com\/es\/wp-json\/wp\/v2\/media?parent=4570"}],"wp:term":[{"taxonomy":"product_brand","embeddable":true,"href":"https:\/\/ledrhythm.com\/es\/wp-json\/wp\/v2\/product_brand?post=4570"},{"taxonomy":"product_cat","embeddable":true,"href":"https:\/\/ledrhythm.com\/es\/wp-json\/wp\/v2\/product_cat?post=4570"},{"taxonomy":"product_tag","embeddable":true,"href":"https:\/\/ledrhythm.com\/es\/wp-json\/wp\/v2\/product_tag?post=4570"}],"curies":[{"name":"wp","href":"https:\/\/api.w.org\/{rel}","templated":true}]}}