{"id":4566,"date":"2025-04-21T08:36:06","date_gmt":"2025-04-21T08:36:06","guid":{"rendered":"https:\/\/ledrhythm.com\/?post_type=product&#038;p=4566"},"modified":"2025-11-27T09:04:52","modified_gmt":"2025-11-27T09:04:52","slug":"outdoor-waterproof-led-flood-light-ip66","status":"publish","type":"product","link":"https:\/\/ledrhythm.com\/es\/product\/outdoor-waterproof-led-flood-light-ip66","title":{"rendered":"Luz sumergible LED para exteriores IP66"},"content":{"rendered":"","protected":false},"excerpt":{"rendered":"<p>El cuerpo de la l\u00e1mpara es delgado y robusto, tanto la carcasa como el soporte de montaje son de aluminio fundido a presi\u00f3n, tiene una fuerte resistencia a la corrosi\u00f3n al tiempo que proporciona una eficiente disipaci\u00f3n del calor. Grado de impermeabilidad IP66, cumple con los est\u00e1ndares de luz LED industrial para exteriores. Lente de cristal transparente est\u00e1ndar y haces estrechos y anchos seleccionables, consiguiendo una iluminaci\u00f3n uniforme y confortable. La potencia oscila entre 30 W y 200 W, con regulaci\u00f3n de 0-10 V y la opci\u00f3n de sensor inteligente, lo que significa que puede satisfacer las necesidades de iluminaci\u00f3n de todo tipo de espacios, desde peque\u00f1os jardines hasta entradas de garajes o zonas m\u00e1s amplias.<\/p>\n<h4>Caracter\u00edsticas del producto<\/h4>\n<ol>\n<li>30W,40W,50W,60W,80W,100W,150W,200W<\/li>\n<li>\u00c1ngulos de haz 60\u00b0, 90\u00b0, 120\u00b0.<\/li>\n<li>Compatible con m\u00faltiples sistemas de control inteligente<\/li>\n<li>La vida \u00fatil est\u00e1ndar supera las 50.000 horas<\/li>\n<li>Dise\u00f1o SMD de alto rendimiento<\/li>\n<\/ol>","protected":false},"featured_media":6918,"template":"","meta":{"_acf_changed":false,"_kadence_starter_templates_imported_post":false,"_kad_post_transparent":"default","_kad_post_title":"","_kad_post_layout":"default","_kad_post_sidebar_id":"","_kad_post_content_style":"default","_kad_post_vertical_padding":"default","_kad_post_feature":"","_kad_post_feature_position":"","_kad_post_header":false,"_kad_post_footer":false},"product_brand":[],"product_cat":[42],"product_tag":[],"class_list":{"0":"post-4566","1":"product","2":"type-product","3":"status-publish","4":"has-post-thumbnail","6":"product_cat-flood-lighting","8":"first","9":"instock","10":"downloadable","11":"virtual","12":"product-type-simple","13":"entry","14":"content-bg","15":"loop-entry"},"acf":[],"_links":{"self":[{"href":"https:\/\/ledrhythm.com\/es\/wp-json\/wp\/v2\/product\/4566","targetHints":{"allow":["GET"]}}],"collection":[{"href":"https:\/\/ledrhythm.com\/es\/wp-json\/wp\/v2\/product"}],"about":[{"href":"https:\/\/ledrhythm.com\/es\/wp-json\/wp\/v2\/types\/product"}],"wp:featuredmedia":[{"embeddable":true,"href":"https:\/\/ledrhythm.com\/es\/wp-json\/wp\/v2\/media\/6918"}],"wp:attachment":[{"href":"https:\/\/ledrhythm.com\/es\/wp-json\/wp\/v2\/media?parent=4566"}],"wp:term":[{"taxonomy":"product_brand","embeddable":true,"href":"https:\/\/ledrhythm.com\/es\/wp-json\/wp\/v2\/product_brand?post=4566"},{"taxonomy":"product_cat","embeddable":true,"href":"https:\/\/ledrhythm.com\/es\/wp-json\/wp\/v2\/product_cat?post=4566"},{"taxonomy":"product_tag","embeddable":true,"href":"https:\/\/ledrhythm.com\/es\/wp-json\/wp\/v2\/product_tag?post=4566"}],"curies":[{"name":"wp","href":"https:\/\/api.w.org\/{rel}","templated":true}]}}