{"id":4527,"date":"2025-04-14T07:53:18","date_gmt":"2025-04-14T07:53:18","guid":{"rendered":"https:\/\/ledrhythm.com\/?post_type=product&#038;p=4527"},"modified":"2026-03-23T07:15:29","modified_gmt":"2026-03-23T07:15:29","slug":"diamond-industrial-led-high-bay-lighting-75-high-temp-lights","status":"publish","type":"product","link":"https:\/\/ledrhythm.com\/es\/product\/diamond-industrial-led-high-bay-lighting-75-high-temp-lights","title":{"rendered":"L\u00e1mpara LED de techo alto 75\u2103 de alta temperatura"},"content":{"rendered":"","protected":false},"excerpt":{"rendered":"<p>Esta luminaria LED de gran altura puede funcionar las 24 horas del d\u00eda, los 7 d\u00edas de la semana, a temperaturas ambiente de 75\u00b0C, sin afectar a la calidad ni a la vida \u00fatil de la iluminaci\u00f3n. En comparaci\u00f3n con nuestro ordinario \"<a href=\"https:\/\/ledrhythm.com\/es\/product\/round-led-high-bay-light-high-power-lumen\/\" target=\"_blank\" rel=\"noopener\">Diamante I<\/a>LED de gran altura\", sus materiales y el controlador se han mejorado, la resistencia al calor y la disipaci\u00f3n del calor estructural ser\u00e1n superiores. Es uno de los mejores <a href=\"https:\/\/ledrhythm.com\/es\/categories\/high-temp-lighting\/\" target=\"_blank\" rel=\"noopener\">serie LED de alta temperatura<\/a>. Abandonamos la voluminosa y larga fuente de alimentaci\u00f3n del driver de las luces LED high bay de alta temperatura tradicionales, utilizando nuestro driver de desarrollo propio, es m\u00e1s peque\u00f1o y m\u00e1s resistente al calor. IP65, soporta cuatro m\u00e9todos de instalaci\u00f3n y \u00e1ngulos de haz de 120\u00b0, amplia cobertura de luz. Es adecuada para la iluminaci\u00f3n de f\u00e1bricas y talleres expuestos a un calor sostenido.<\/p>\n<h4>Caracter\u00edsticas del producto<\/h4>\n<ul>\n<li>80W, 100W, 120W, 150W, 180W<\/li>\n<li>Soporta una temperatura ambiente de 75\u2103<\/li>\n<li>Temperatura de color 1800K (alta penetraci\u00f3n) - 6500K<\/li>\n<li>La refrigeraci\u00f3n eficaz reduce la temperatura de la luminaria en 40%.<\/li>\n<li>Fundici\u00f3n a presi\u00f3n integrada de grado aeroespacial, aumento de resistencia 300%.<\/li>\n<li>Tecnolog\u00eda de regulaci\u00f3n 0-10V<\/li>\n<\/ul>","protected":false},"featured_media":6861,"template":"","meta":{"_acf_changed":false,"_kadence_starter_templates_imported_post":false,"_kad_post_transparent":"default","_kad_post_title":"","_kad_post_layout":"default","_kad_post_sidebar_id":"","_kad_post_content_style":"default","_kad_post_vertical_padding":"default","_kad_post_feature":"","_kad_post_feature_position":"","_kad_post_header":false,"_kad_post_footer":false},"product_brand":[],"product_cat":[41,145],"product_tag":[],"class_list":{"0":"post-4527","1":"product","2":"type-product","3":"status-publish","4":"has-post-thumbnail","6":"product_cat-high-bay-lighting","7":"product_cat-high-temp-lighting","9":"first","10":"instock","11":"downloadable","12":"virtual","13":"product-type-simple","14":"entry","15":"content-bg","16":"loop-entry"},"acf":[],"_links":{"self":[{"href":"https:\/\/ledrhythm.com\/es\/wp-json\/wp\/v2\/product\/4527","targetHints":{"allow":["GET"]}}],"collection":[{"href":"https:\/\/ledrhythm.com\/es\/wp-json\/wp\/v2\/product"}],"about":[{"href":"https:\/\/ledrhythm.com\/es\/wp-json\/wp\/v2\/types\/product"}],"wp:featuredmedia":[{"embeddable":true,"href":"https:\/\/ledrhythm.com\/es\/wp-json\/wp\/v2\/media\/6861"}],"wp:attachment":[{"href":"https:\/\/ledrhythm.com\/es\/wp-json\/wp\/v2\/media?parent=4527"}],"wp:term":[{"taxonomy":"product_brand","embeddable":true,"href":"https:\/\/ledrhythm.com\/es\/wp-json\/wp\/v2\/product_brand?post=4527"},{"taxonomy":"product_cat","embeddable":true,"href":"https:\/\/ledrhythm.com\/es\/wp-json\/wp\/v2\/product_cat?post=4527"},{"taxonomy":"product_tag","embeddable":true,"href":"https:\/\/ledrhythm.com\/es\/wp-json\/wp\/v2\/product_tag?post=4527"}],"curies":[{"name":"wp","href":"https:\/\/api.w.org\/{rel}","templated":true}]}}