{"id":3282,"date":"2025-03-28T07:37:51","date_gmt":"2025-03-28T07:37:51","guid":{"rendered":"https:\/\/ledrhythm.com\/products\/high-temperature-high-bay-light"},"modified":"2025-10-31T01:05:18","modified_gmt":"2025-10-31T01:05:18","slug":"diamond-i-pro-high-temperature-high-bay-light","status":"publish","type":"product","link":"https:\/\/ledrhythm.com\/es\/product\/diamond-i-pro-high-temperature-high-bay-light","title":{"rendered":"L\u00e1mpara LED de techo alto 65\u2103 de alta temperatura"},"content":{"rendered":"","protected":false},"excerpt":{"rendered":"<p>Combinaci\u00f3n de LED de gran altura y resistencia al calor en una sola luminaria, que puede funcionar a largo plazo a temperaturas ambiente de 65\u00b0C. El controlador y el cuerpo de la l\u00e1mpara tienen un espacio de disipaci\u00f3n de calor, y los componentes internos utilizan chips LED resistentes al calor, lentes de cristal y cables de silicona. En comparaci\u00f3n con nuestras <a href=\"https:\/\/ledrhythm.com\/es\/product\/diamond-industrial-led-high-bay-lighting-75-high-temp-lights\/\" target=\"_blank\" rel=\"noopener\">75\u00b0C luz de gran altura<\/a>Esta luminaria cuenta con un controlador m\u00e1s peque\u00f1o y ligero. Combinado con disipadores de calor de aluminio fundido de gran superficie, mejora la estabilidad de la iluminaci\u00f3n y la vida \u00fatil est\u00e1ndar sigue siendo de m\u00e1s de 50.000 horas en zonas de alta temperatura. Temperatura de color seleccionable de 1800K a 6500K, y tanto colgando y soporte de montaje son compatibles. Adecuada para diversos talleres o entornos dif\u00edciles. <a href=\"https:\/\/ledrhythm.com\/es\/led-factory-lights\/\" target=\"_blank\" rel=\"noopener\">iluminaci\u00f3n de f\u00e1brica<\/a>.<\/p>\n<h4>Caracter\u00edsticas del producto<\/h4>\n<ul>\n<li>80W, 100W, 120W, 150W, 200W<\/li>\n<li>Soporta una temperatura ambiente de 65\u2103<\/li>\n<li>Temperatura de color 1800K (alta penetraci\u00f3n) - 6500K<\/li>\n<li>IP65 resistente al agua, al polvo y a la corrosi\u00f3n<\/li>\n<li>Varios \u00e1ngulos de haz y regulaci\u00f3n 0-10V<\/li>\n<\/ul>","protected":false},"featured_media":6856,"template":"","meta":{"_acf_changed":false,"_kadence_starter_templates_imported_post":false,"_kad_post_transparent":"default","_kad_post_title":"","_kad_post_layout":"default","_kad_post_sidebar_id":"","_kad_post_content_style":"default","_kad_post_vertical_padding":"default","_kad_post_feature":"","_kad_post_feature_position":"","_kad_post_header":false,"_kad_post_footer":false},"product_brand":[],"product_cat":[41,145],"product_tag":[],"class_list":{"0":"post-3282","1":"product","2":"type-product","3":"status-publish","4":"has-post-thumbnail","6":"product_cat-high-bay-lighting","7":"product_cat-high-temp-lighting","9":"first","10":"instock","11":"downloadable","12":"virtual","13":"product-type-simple","14":"entry","15":"content-bg","16":"loop-entry"},"acf":[],"_links":{"self":[{"href":"https:\/\/ledrhythm.com\/es\/wp-json\/wp\/v2\/product\/3282","targetHints":{"allow":["GET"]}}],"collection":[{"href":"https:\/\/ledrhythm.com\/es\/wp-json\/wp\/v2\/product"}],"about":[{"href":"https:\/\/ledrhythm.com\/es\/wp-json\/wp\/v2\/types\/product"}],"wp:featuredmedia":[{"embeddable":true,"href":"https:\/\/ledrhythm.com\/es\/wp-json\/wp\/v2\/media\/6856"}],"wp:attachment":[{"href":"https:\/\/ledrhythm.com\/es\/wp-json\/wp\/v2\/media?parent=3282"}],"wp:term":[{"taxonomy":"product_brand","embeddable":true,"href":"https:\/\/ledrhythm.com\/es\/wp-json\/wp\/v2\/product_brand?post=3282"},{"taxonomy":"product_cat","embeddable":true,"href":"https:\/\/ledrhythm.com\/es\/wp-json\/wp\/v2\/product_cat?post=3282"},{"taxonomy":"product_tag","embeddable":true,"href":"https:\/\/ledrhythm.com\/es\/wp-json\/wp\/v2\/product_tag?post=3282"}],"curies":[{"name":"wp","href":"https:\/\/api.w.org\/{rel}","templated":true}]}}