{"id":3276,"date":"2025-03-28T07:37:44","date_gmt":"2025-03-28T07:37:44","guid":{"rendered":"https:\/\/ledrhythm.com\/products\/linear-low-bay-lighting"},"modified":"2025-11-21T02:41:36","modified_gmt":"2025-11-21T02:41:36","slug":"4ft-linear-led-high-bay-lights-indoor-industrial","status":"publish","type":"product","link":"https:\/\/ledrhythm.com\/es\/product\/4ft-linear-led-high-bay-lights-indoor-industrial","title":{"rendered":"Luz LED lineal de gran altura de 1,2 m con sensor de movimiento"},"content":{"rendered":"","protected":false},"excerpt":{"rendered":"<p>La l\u00e1mpara LED lineal de techo alto de 4 pies adopta una estructura de chapa met\u00e1lica integrada, y el compartimiento de alimentaci\u00f3n tiene una ventana de disipaci\u00f3n de calor, proporcionando un excelente rendimiento de disipaci\u00f3n de calor. <a href=\"https:\/\/ledrhythm.com\/es\/news\/motion-sensor-lights-and-security-light.html\/\" target=\"_blank\" rel=\"noopener\">Sensor de movimiento<\/a> opcional, tiene un amplio rango de voltaje, <a href=\"https:\/\/ledrhythm.com\/es\/news\/how-long-do-led-lights-last-industrial-and-home-led.html\/\" target=\"_blank\" rel=\"noopener\">vida \u00fatil est\u00e1ndar<\/a> 50000-100000 horas. El difusor de PC de 4 pies a juego no s\u00f3lo proporciona una luz uniforme y controla eficazmente el deslumbramiento, sino que tambi\u00e9n resiste la deformaci\u00f3n y no es f\u00e1cil de romper. Admite el montaje tanto en el techo como en la pared, por lo que resulta adecuado para diversos entornos interiores con techos altos, como tiendas, instalaciones deportivas, etc. <a href=\"https:\/\/ledrhythm.com\/es\/led-warehouse-lighting\/\" target=\"_blank\" rel=\"noopener\">iluminaci\u00f3n de almacenes<\/a>.<\/p>\n<h4>Caracter\u00edsticas del producto<\/h4>\n<ol>\n<li>60W, 80W, 100W, 120W, 150W<\/li>\n<li>Carcasa de chapa integrada<\/li>\n<li>F\u00e1cil instalaci\u00f3n y mantenimiento<\/li>\n<li>Eficacia luminosa 150lm\/W+<\/li>\n<li>\u00cdndice de reproducci\u00f3n crom\u00e1tica superior al 80<\/li>\n<li>Sensor de movimiento y regulaci\u00f3n inteligente<\/li>\n<\/ol>","protected":false},"featured_media":6865,"template":"","meta":{"_acf_changed":false,"_kadence_starter_templates_imported_post":false,"_kad_post_transparent":"default","_kad_post_title":"","_kad_post_layout":"default","_kad_post_sidebar_id":"","_kad_post_content_style":"default","_kad_post_vertical_padding":"default","_kad_post_feature":"","_kad_post_feature_position":"","_kad_post_header":false,"_kad_post_footer":false},"product_brand":[],"product_cat":[131,41],"product_tag":[],"class_list":{"0":"post-3276","1":"product","2":"type-product","3":"status-publish","4":"has-post-thumbnail","6":"product_cat-linear-lighting","7":"product_cat-high-bay-lighting","9":"first","10":"instock","11":"downloadable","12":"virtual","13":"product-type-simple","14":"entry","15":"content-bg","16":"loop-entry"},"acf":[],"_links":{"self":[{"href":"https:\/\/ledrhythm.com\/es\/wp-json\/wp\/v2\/product\/3276","targetHints":{"allow":["GET"]}}],"collection":[{"href":"https:\/\/ledrhythm.com\/es\/wp-json\/wp\/v2\/product"}],"about":[{"href":"https:\/\/ledrhythm.com\/es\/wp-json\/wp\/v2\/types\/product"}],"wp:featuredmedia":[{"embeddable":true,"href":"https:\/\/ledrhythm.com\/es\/wp-json\/wp\/v2\/media\/6865"}],"wp:attachment":[{"href":"https:\/\/ledrhythm.com\/es\/wp-json\/wp\/v2\/media?parent=3276"}],"wp:term":[{"taxonomy":"product_brand","embeddable":true,"href":"https:\/\/ledrhythm.com\/es\/wp-json\/wp\/v2\/product_brand?post=3276"},{"taxonomy":"product_cat","embeddable":true,"href":"https:\/\/ledrhythm.com\/es\/wp-json\/wp\/v2\/product_cat?post=3276"},{"taxonomy":"product_tag","embeddable":true,"href":"https:\/\/ledrhythm.com\/es\/wp-json\/wp\/v2\/product_tag?post=3276"}],"curies":[{"name":"wp","href":"https:\/\/api.w.org\/{rel}","templated":true}]}}