{"id":3271,"date":"2025-03-28T07:37:37","date_gmt":"2025-03-28T07:37:37","guid":{"rendered":"https:\/\/ledrhythm.com\/products\/industrial-linear-lighting-led"},"modified":"2025-11-21T02:26:12","modified_gmt":"2025-11-21T02:26:12","slug":"modular-linear-high-bay-led-lights-for-hallway-and-shop","status":"publish","type":"product","link":"https:\/\/ledrhythm.com\/es\/product\/modular-linear-high-bay-led-lights-for-hallway-and-shop","title":{"rendered":"Luz LED lineal modular de gran altura - 60 W por m\u00f3dulo"},"content":{"rendered":"","protected":false},"excerpt":{"rendered":"<p>Esta luminaria LED de gran altura presenta un dise\u00f1o modular lineal, con cada m\u00f3dulo de 60 W y compatible con cuatro m\u00f3dulos de hasta 240 W, lo que proporciona una potencia total de 36.000 l\u00famenes. IP65 a prueba de agua y polvo, y ofrece una variedad de \u00e1ngulos de haz de estrecho a ancho. Es ideal para iluminaci\u00f3n lineal en zonas industriales interiores o porches semiexteriores. Tambi\u00e9n puede utilizar su tel\u00e9fono m\u00f3vil \/ tableta para controlar de forma inal\u00e1mbrica el encendido \/ apagado y la atenuaci\u00f3n a trav\u00e9s de Zigbee Wifi, y puede controlar con precisi\u00f3n uno o m\u00e1s dispositivos de iluminaci\u00f3n en un \u00e1rea determinada. Admite montaje tanto en superficie como suspendido.<\/p>\n<h4>Caracter\u00edsticas del producto<\/h4>\n<ol>\n<li>60W, 120W, 180W, 240W<\/li>\n<li>Control inteligente, regulaci\u00f3n 0-10V<\/li>\n<li>Dise\u00f1o lineal modular<\/li>\n<li>IP65 y protecci\u00f3n contra sobretensiones de 4KV<\/li>\n<li>\u00c1ngulos de haz 15\u00b0, 40\u00b0, 60\u00b0, 70*30\u00b0, 49*21\u00b0, 90\u00b0<\/li>\n<li>Carcasa de aleaci\u00f3n de aluminio extruido de alta resistencia<\/li>\n<li>Chip LED de alta densidad para una mayor uniformidad<\/li>\n<\/ol>","protected":false},"featured_media":6864,"template":"","meta":{"_acf_changed":false,"_kadence_starter_templates_imported_post":false,"_kad_post_transparent":"default","_kad_post_title":"","_kad_post_layout":"default","_kad_post_sidebar_id":"","_kad_post_content_style":"default","_kad_post_vertical_padding":"default","_kad_post_feature":"","_kad_post_feature_position":"","_kad_post_header":false,"_kad_post_footer":false},"product_brand":[],"product_cat":[41,131],"product_tag":[],"class_list":{"0":"post-3271","1":"product","2":"type-product","3":"status-publish","4":"has-post-thumbnail","6":"product_cat-high-bay-lighting","7":"product_cat-linear-lighting","9":"first","10":"instock","11":"downloadable","12":"virtual","13":"product-type-simple","14":"entry","15":"content-bg","16":"loop-entry"},"acf":[],"_links":{"self":[{"href":"https:\/\/ledrhythm.com\/es\/wp-json\/wp\/v2\/product\/3271","targetHints":{"allow":["GET"]}}],"collection":[{"href":"https:\/\/ledrhythm.com\/es\/wp-json\/wp\/v2\/product"}],"about":[{"href":"https:\/\/ledrhythm.com\/es\/wp-json\/wp\/v2\/types\/product"}],"wp:featuredmedia":[{"embeddable":true,"href":"https:\/\/ledrhythm.com\/es\/wp-json\/wp\/v2\/media\/6864"}],"wp:attachment":[{"href":"https:\/\/ledrhythm.com\/es\/wp-json\/wp\/v2\/media?parent=3271"}],"wp:term":[{"taxonomy":"product_brand","embeddable":true,"href":"https:\/\/ledrhythm.com\/es\/wp-json\/wp\/v2\/product_brand?post=3271"},{"taxonomy":"product_cat","embeddable":true,"href":"https:\/\/ledrhythm.com\/es\/wp-json\/wp\/v2\/product_cat?post=3271"},{"taxonomy":"product_tag","embeddable":true,"href":"https:\/\/ledrhythm.com\/es\/wp-json\/wp\/v2\/product_tag?post=3271"}],"curies":[{"name":"wp","href":"https:\/\/api.w.org\/{rel}","templated":true}]}}