{"id":3266,"date":"2025-03-28T07:37:31","date_gmt":"2025-03-28T07:37:31","guid":{"rendered":"https:\/\/ledrhythm.com\/products\/40w60w80w100w120w-1200mm-anticorrosive-led-tri-proof-light-suppiler-in-china"},"modified":"2025-11-13T07:09:47","modified_gmt":"2025-11-13T07:09:47","slug":"2-4ft-vapor-proof-light-fixture-motion-sensor","status":"publish","type":"product","link":"https:\/\/ledrhythm.com\/es\/product\/2-4ft-vapor-proof-light-fixture-motion-sensor","title":{"rendered":"2\/4\/5ft L\u00e1mpara LED a prueba de vapor con sensor de movimiento"},"content":{"rendered":"","protected":false},"excerpt":{"rendered":"<p>\"Venus I\" es una luminaria LED a prueba de vapor m\u00e1s completa. Dise\u00f1o lineal y longitud disponible de 2, 4 y 5 pies. Clasificaci\u00f3n IP66\/IP69K a prueba de agua y polvo, puede soportar chorros de agua a alta presi\u00f3n. La robusta cubierta de PC es resistente a la corrosi\u00f3n de diversos gases y l\u00edquidos, y combinada con la excelente cubierta trasera de aleaci\u00f3n de aluminio de disipaci\u00f3n de calor, forma una estructura totalmente sellada y presume de resistencia a impactos IK10.<\/p>\n<p>Potencia m\u00e1xima de 150W, por lo que tambi\u00e9n se denomina luz LED estanca al vapor de alta bah\u00eda, que proporciona una salida de l\u00famenes alta y estable incluso en entornos grandes y duros, luz uniforme y poco deslumbramiento. Soporta inteligente <a href=\"https:\/\/ledrhythm.com\/es\/news\/motion-sensor-lights-and-security-light.html\/\" target=\"_blank\" rel=\"noopener\">sensores de movimiento<\/a> y regulaci\u00f3n 0-10V. El respiradero est\u00e1ndar equilibra la presi\u00f3n de aire interna y externa, evitando la condensaci\u00f3n y el fallo de las juntas. Mejora \"<a href=\"https:\/\/ledrhythm.com\/es\/product\/venus-%e2%85%b0-pro-vapor-tight-led-light-fixture-high-temp-tri-proof-lighting\/\" target=\"_blank\" rel=\"noopener\">Venus Pro<\/a>\" soportan temperaturas ambiente de hasta 75\u2103.<\/p>\n<h4>Caracter\u00edsticas del producto<\/h4>\n<ol>\n<li>40W, 60W, 80W, 100W, 120W, 150W<\/li>\n<li>IP66\/IP69K e IK10<\/li>\n<li>Estructura de alta resistencia totalmente sellada<\/li>\n<li>\u00c1ngulo de haz de 120\u00b0, uniforme, sin deslumbramiento<\/li>\n<li>Sensores de movimiento y regulaci\u00f3n 0-10V<\/li>\n<\/ol>","protected":false},"featured_media":6925,"template":"","meta":{"_acf_changed":false,"_kadence_starter_templates_imported_post":false,"_kad_post_transparent":"default","_kad_post_title":"","_kad_post_layout":"default","_kad_post_sidebar_id":"","_kad_post_content_style":"default","_kad_post_vertical_padding":"default","_kad_post_feature":"","_kad_post_feature_position":"","_kad_post_header":false,"_kad_post_footer":false},"product_brand":[],"product_cat":[132],"product_tag":[],"class_list":{"0":"post-3266","1":"product","2":"type-product","3":"status-publish","4":"has-post-thumbnail","6":"product_cat-tri-proof-lighting","8":"first","9":"instock","10":"downloadable","11":"virtual","12":"product-type-simple","13":"entry","14":"content-bg","15":"loop-entry"},"acf":[],"_links":{"self":[{"href":"https:\/\/ledrhythm.com\/es\/wp-json\/wp\/v2\/product\/3266","targetHints":{"allow":["GET"]}}],"collection":[{"href":"https:\/\/ledrhythm.com\/es\/wp-json\/wp\/v2\/product"}],"about":[{"href":"https:\/\/ledrhythm.com\/es\/wp-json\/wp\/v2\/types\/product"}],"wp:featuredmedia":[{"embeddable":true,"href":"https:\/\/ledrhythm.com\/es\/wp-json\/wp\/v2\/media\/6925"}],"wp:attachment":[{"href":"https:\/\/ledrhythm.com\/es\/wp-json\/wp\/v2\/media?parent=3266"}],"wp:term":[{"taxonomy":"product_brand","embeddable":true,"href":"https:\/\/ledrhythm.com\/es\/wp-json\/wp\/v2\/product_brand?post=3266"},{"taxonomy":"product_cat","embeddable":true,"href":"https:\/\/ledrhythm.com\/es\/wp-json\/wp\/v2\/product_cat?post=3266"},{"taxonomy":"product_tag","embeddable":true,"href":"https:\/\/ledrhythm.com\/es\/wp-json\/wp\/v2\/product_tag?post=3266"}],"curies":[{"name":"wp","href":"https:\/\/api.w.org\/{rel}","templated":true}]}}