{"id":3261,"date":"2025-03-28T07:37:21","date_gmt":"2025-03-28T07:37:21","guid":{"rendered":"https:\/\/ledrhythm.com\/products\/20w30w40w-high-temperature-and-low-bay-lighting-solutions"},"modified":"2026-03-10T08:13:00","modified_gmt":"2026-03-10T08:13:00","slug":"venus-%e2%85%b0-pro-vapor-tight-led-light-fixture-high-temp-tri-proof-lighting","status":"publish","type":"product","link":"https:\/\/ledrhythm.com\/es\/product\/venus-%e2%85%b0-pro-vapor-tight-led-light-fixture-high-temp-tri-proof-lighting","title":{"rendered":"75\u2103 Luminaria LED lineal estanca al vapor de alta temperatura"},"content":{"rendered":"","protected":false},"excerpt":{"rendered":"<p>Se trata de una luminaria LED estanca al vapor que puede soportar temperaturas ambiente de 75\u2103. El cuerpo de la luz es extremadamente robusto y tiene una excelente disipaci\u00f3n de calor, cuenta con m\u00faltiples grados de protecci\u00f3n incluyendo IP66\/IP69K &amp; IK10 y es resistente a la corrosi\u00f3n. El uso de una potencia de accionamiento m\u00e1s resistente al calor es clave para garantizar la estabilidad a largo plazo en zonas de altas temperaturas. Est\u00e1 dise\u00f1ado para lograr una larga vida \u00fatil, bajo mantenimiento y alta eficiencia en entornos dif\u00edciles. El dise\u00f1o lineal de 2\/4 pies lo hace m\u00e1s ventajoso que <a href=\"https:\/\/ledrhythm.com\/es\/product\/diamond-industrial-led-high-bay-lighting-75-high-temp-lights\/\" target=\"_blank\" rel=\"noopener\">tipos de bah\u00eda alta temperatura<\/a> en espacios reducidos y calurosos. Montaje opcional en techo o suspendido, muy utilizado en zonas industriales y comerciales.<\/p>\n<h4>Caracter\u00edsticas del producto<\/h4>\n<ol>\n<li>40W, 60W, 75W, 100W<\/li>\n<li>Soporta una temperatura ambiente de 75\u2103<\/li>\n<li>Totalmente sellado, resistente al vapor<\/li>\n<li>Protecci\u00f3n IP66\/IP69K e IK10<\/li>\n<li>PC de alta intensidad y aluminio extruido<\/li>\n<li>0-10V regulable<\/li>\n<\/ol>","protected":false},"featured_media":6928,"template":"","meta":{"_acf_changed":false,"_kadence_starter_templates_imported_post":false,"_kad_post_transparent":"default","_kad_post_title":"","_kad_post_layout":"default","_kad_post_sidebar_id":"","_kad_post_content_style":"default","_kad_post_vertical_padding":"default","_kad_post_feature":"","_kad_post_feature_position":"","_kad_post_header":false,"_kad_post_footer":false},"product_brand":[],"product_cat":[132,145],"product_tag":[],"class_list":{"0":"post-3261","1":"product","2":"type-product","3":"status-publish","4":"has-post-thumbnail","6":"product_cat-tri-proof-lighting","7":"product_cat-high-temp-lighting","9":"first","10":"instock","11":"downloadable","12":"virtual","13":"product-type-simple","14":"entry","15":"content-bg","16":"loop-entry"},"acf":[],"_links":{"self":[{"href":"https:\/\/ledrhythm.com\/es\/wp-json\/wp\/v2\/product\/3261","targetHints":{"allow":["GET"]}}],"collection":[{"href":"https:\/\/ledrhythm.com\/es\/wp-json\/wp\/v2\/product"}],"about":[{"href":"https:\/\/ledrhythm.com\/es\/wp-json\/wp\/v2\/types\/product"}],"wp:featuredmedia":[{"embeddable":true,"href":"https:\/\/ledrhythm.com\/es\/wp-json\/wp\/v2\/media\/6928"}],"wp:attachment":[{"href":"https:\/\/ledrhythm.com\/es\/wp-json\/wp\/v2\/media?parent=3261"}],"wp:term":[{"taxonomy":"product_brand","embeddable":true,"href":"https:\/\/ledrhythm.com\/es\/wp-json\/wp\/v2\/product_brand?post=3261"},{"taxonomy":"product_cat","embeddable":true,"href":"https:\/\/ledrhythm.com\/es\/wp-json\/wp\/v2\/product_cat?post=3261"},{"taxonomy":"product_tag","embeddable":true,"href":"https:\/\/ledrhythm.com\/es\/wp-json\/wp\/v2\/product_tag?post=3261"}],"curies":[{"name":"wp","href":"https:\/\/api.w.org\/{rel}","templated":true}]}}