{"id":3256,"date":"2025-03-28T07:37:15","date_gmt":"2025-03-28T07:37:15","guid":{"rendered":"https:\/\/ledrhythm.com\/products\/led-high-bay-lights-brightening-industrial-warehouses"},"modified":"2025-11-08T09:04:50","modified_gmt":"2025-11-08T09:04:50","slug":"round-best-ufo-led-high-bay-lights-high-light-efficiency","status":"publish","type":"product","link":"https:\/\/ledrhythm.com\/es\/product\/round-best-ufo-led-high-bay-lights-high-light-efficiency","title":{"rendered":"La mejor l\u00e1mpara LED UFO de gran altura con respiradero y sensor de movimiento"},"content":{"rendered":"","protected":false},"excerpt":{"rendered":"<p>Esta luminaria LED UFO de gran altura adopta un dise\u00f1o aerodin\u00e1mico de apariencia hueca, carcasa de aluminio fundido a presi\u00f3n de alta resistencia. Su estructura de aleta \u00fanica facilita el flujo de aire y mejora la disipaci\u00f3n de calor, y permite opciones flexibles para la instalaci\u00f3n suspendida o en U. Equipado <a href=\"https:\/\/ledrhythm.com\/es\/news\/motion-sensor-lights-and-security-light.html\/\" target=\"_blank\" rel=\"noopener\">sensor de movimiento<\/a>Con una potencia lum\u00ednica de 180 lm\/W y una atenuaci\u00f3n inteligente, garantiza una iluminaci\u00f3n de bajo consumo energ\u00e9tico y bajas emisiones de carbono; Equipado con un respiradero para evitar la condensaci\u00f3n en entornos de baja temperatura y equilibrar la presi\u00f3n del aire. Proporciona una cubierta acr\u00edlica mate de alta transmitancia para reducir eficazmente el deslumbramiento, ampliamente utilizada en la iluminaci\u00f3n industrial de interiores, como almacenes, <a href=\"https:\/\/ledrhythm.com\/es\/led-factory-lights\/\" target=\"_blank\" rel=\"noopener\">f\u00e1bricas<\/a> y <a href=\"https:\/\/ledrhythm.com\/es\/led-lights-for-walk-in-coolers-freezers\/\" target=\"_blank\" rel=\"noopener\">neveras port\u00e1tiles<\/a>.<\/p>\n<h4>Caracter\u00edsticas del producto<\/h4>\n<ol>\n<li>60, 80W, 100W, 120W, 150W, 180W, 240W<\/li>\n<li>Eficacia luminosa de hasta 180 lm\/W<\/li>\n<li>\u00c1rea de disipaci\u00f3n de calor por 25%<\/li>\n<li>Funcionamiento estable de -40\u2103 a -45\u2103.<\/li>\n<li>Antideslumbrante, alta reproducci\u00f3n crom\u00e1tica, excelente iluminaci\u00f3n<\/li>\n<li>Regulaci\u00f3n 0-10V y detecci\u00f3n autom\u00e1tica<\/li>\n<\/ol>","protected":false},"featured_media":6862,"template":"","meta":{"_acf_changed":false,"_kadence_starter_templates_imported_post":false,"_kad_post_transparent":"default","_kad_post_title":"","_kad_post_layout":"default","_kad_post_sidebar_id":"","_kad_post_content_style":"default","_kad_post_vertical_padding":"default","_kad_post_feature":"","_kad_post_feature_position":"","_kad_post_header":false,"_kad_post_footer":false},"product_brand":[],"product_cat":[41],"product_tag":[],"class_list":{"0":"post-3256","1":"product","2":"type-product","3":"status-publish","4":"has-post-thumbnail","6":"product_cat-high-bay-lighting","8":"first","9":"instock","10":"downloadable","11":"virtual","12":"product-type-simple","13":"entry","14":"content-bg","15":"loop-entry"},"acf":[],"_links":{"self":[{"href":"https:\/\/ledrhythm.com\/es\/wp-json\/wp\/v2\/product\/3256","targetHints":{"allow":["GET"]}}],"collection":[{"href":"https:\/\/ledrhythm.com\/es\/wp-json\/wp\/v2\/product"}],"about":[{"href":"https:\/\/ledrhythm.com\/es\/wp-json\/wp\/v2\/types\/product"}],"wp:featuredmedia":[{"embeddable":true,"href":"https:\/\/ledrhythm.com\/es\/wp-json\/wp\/v2\/media\/6862"}],"wp:attachment":[{"href":"https:\/\/ledrhythm.com\/es\/wp-json\/wp\/v2\/media?parent=3256"}],"wp:term":[{"taxonomy":"product_brand","embeddable":true,"href":"https:\/\/ledrhythm.com\/es\/wp-json\/wp\/v2\/product_brand?post=3256"},{"taxonomy":"product_cat","embeddable":true,"href":"https:\/\/ledrhythm.com\/es\/wp-json\/wp\/v2\/product_cat?post=3256"},{"taxonomy":"product_tag","embeddable":true,"href":"https:\/\/ledrhythm.com\/es\/wp-json\/wp\/v2\/product_tag?post=3256"}],"curies":[{"name":"wp","href":"https:\/\/api.w.org\/{rel}","templated":true}]}}