{"id":3251,"date":"2025-03-28T07:37:09","date_gmt":"2025-03-28T07:37:09","guid":{"rendered":"https:\/\/ledrhythm.com\/products\/how-much-does-a-smart-street-light-cost"},"modified":"2025-12-05T08:55:10","modified_gmt":"2025-12-05T08:55:10","slug":"smart-outdoor-led-street-light-for-40-300w","status":"publish","type":"product","link":"https:\/\/ledrhythm.com\/es\/product\/smart-outdoor-led-street-light-for-40-300w","title":{"rendered":"Farola LED inteligente de exterior para 40W-300W"},"content":{"rendered":"","protected":false},"excerpt":{"rendered":"<p>\"Moon\u2162\" exterior inteligente <a href=\"https:\/\/ledrhythm.com\/es\/categories\/led-street-lights\/\" target=\"_blank\" rel=\"noopener\">Farolas LED<\/a> es el producto m\u00e1s innovador y duradero de <a href=\"https:\/\/ledrhythm.com\/es\/led-public-lighting\/\" target=\"_blank\" rel=\"noopener\">alumbrado p\u00fablico<\/a>. La luminaria puede equiparse con fotoc\u00e9lula y tomas NEMA\/Zhaga en la parte superior, lo que permite un control inteligente como la atenuaci\u00f3n y el sensor autom\u00e1tico. El material de aluminio fundido a presi\u00f3n con revestimiento anticorrosi\u00f3n soporta f\u00e1cilmente diversas condiciones clim\u00e1ticas exteriores adversas. La superficie lisa evita la acumulaci\u00f3n de polvo, insectos y hojas. El dise\u00f1o de encaje a presi\u00f3n permite abrir la cubierta trasera sin herramientas para inspeccionarla. CCT tan baja como 1800-2200K est\u00e1 disponible, por lo que es m\u00e1s amigable para los animales. M\u00faltiples \u00e1ngulos precisos de distribuci\u00f3n de la luz que se adaptan a diversas \u00e1reas o necesidades. <a href=\"https:\/\/ledrhythm.com\/es\/led-street-roadway-lighting\/\" target=\"_blank\" rel=\"noopener\">iluminaci\u00f3n de carreteras<\/a> necesidades.<\/p>\n<h4>Caracter\u00edsticas del producto<\/h4>\n<ol>\n<li>40W, 60W, 80W, 100W, 120W, 150W, 200W, 240W, 300W<\/li>\n<li>Fotoc\u00e9lula, toma NEMA y toma Zhaga opcionales<\/li>\n<li>IP66, IK09, protecci\u00f3n contra sobretensiones 10KV\/20KV<\/li>\n<li>Acabado con recubrimiento en polvo resistente a la corrosi\u00f3n de 3 mm como m\u00ednimo<\/li>\n<li>La base de montaje admite montaje horizontal y vertical<\/li>\n<\/ol>","protected":false},"featured_media":6923,"template":"","meta":{"_acf_changed":false,"_kadence_starter_templates_imported_post":false,"_kad_post_transparent":"default","_kad_post_title":"","_kad_post_layout":"default","_kad_post_sidebar_id":"","_kad_post_content_style":"default","_kad_post_vertical_padding":"default","_kad_post_feature":"","_kad_post_feature_position":"","_kad_post_header":false,"_kad_post_footer":false},"product_brand":[],"product_cat":[44,148],"product_tag":[],"class_list":{"0":"post-3251","1":"product","2":"type-product","3":"status-publish","4":"has-post-thumbnail","6":"product_cat-led-post-top-lights","7":"product_cat-led-street-lights","9":"first","10":"instock","11":"downloadable","12":"virtual","13":"product-type-simple","14":"entry","15":"content-bg","16":"loop-entry"},"acf":[],"_links":{"self":[{"href":"https:\/\/ledrhythm.com\/es\/wp-json\/wp\/v2\/product\/3251","targetHints":{"allow":["GET"]}}],"collection":[{"href":"https:\/\/ledrhythm.com\/es\/wp-json\/wp\/v2\/product"}],"about":[{"href":"https:\/\/ledrhythm.com\/es\/wp-json\/wp\/v2\/types\/product"}],"wp:featuredmedia":[{"embeddable":true,"href":"https:\/\/ledrhythm.com\/es\/wp-json\/wp\/v2\/media\/6923"}],"wp:attachment":[{"href":"https:\/\/ledrhythm.com\/es\/wp-json\/wp\/v2\/media?parent=3251"}],"wp:term":[{"taxonomy":"product_brand","embeddable":true,"href":"https:\/\/ledrhythm.com\/es\/wp-json\/wp\/v2\/product_brand?post=3251"},{"taxonomy":"product_cat","embeddable":true,"href":"https:\/\/ledrhythm.com\/es\/wp-json\/wp\/v2\/product_cat?post=3251"},{"taxonomy":"product_tag","embeddable":true,"href":"https:\/\/ledrhythm.com\/es\/wp-json\/wp\/v2\/product_tag?post=3251"}],"curies":[{"name":"wp","href":"https:\/\/api.w.org\/{rel}","templated":true}]}}