{"id":3246,"date":"2025-03-28T07:37:01","date_gmt":"2025-03-28T07:37:01","guid":{"rendered":"https:\/\/ledrhythm.com\/products\/project-specific-led-garden-lights"},"modified":"2025-12-06T08:44:05","modified_gmt":"2025-12-06T08:44:05","slug":"modern-outdoor-led-post-light-pole-hoisting","status":"publish","type":"product","link":"https:\/\/ledrhythm.com\/es\/product\/modern-outdoor-led-post-light-pole-hoisting","title":{"rendered":"Moderna l\u00e1mpara LED de exterior para montaje en poste e izado"},"content":{"rendered":"","protected":false},"excerpt":{"rendered":"<p>El poste de luz LED para exteriores presenta un dise\u00f1o moderno y minimalista, y admite cuatro m\u00e9todos de instalaci\u00f3n diferentes, que pueden aportar atractivo visual al \u00e1rea de aplicaci\u00f3n. Controla estrictamente la proyecci\u00f3n de luz hacia abajo y ofrece tres \u00e1ngulos de haz seleccionables para evitar la contaminaci\u00f3n lum\u00ednica y lograr una cobertura general uniforme y suave. Construidos en aluminio fundido a presi\u00f3n, ofrecen una excelente disipaci\u00f3n del calor e IP66\/IK08, protegiendo eficazmente contra el polvo, el agua y la corrosi\u00f3n. Con potencias que van de 20W a 100W, es una buena elecci\u00f3n tanto para la iluminaci\u00f3n paisaj\u00edstica como para la iluminaci\u00f3n funcional de carreteras.<\/p>\n<h4>Caracter\u00edsticas del producto<\/h4>\n<ol>\n<li>20W,30W,40W,50W,60W,80W,100W<\/li>\n<li>Carcasa completa de aluminio fundido a presi\u00f3n<\/li>\n<li>Instalaci\u00f3n de 3 postes de luz y 1 izado<\/li>\n<li>Protecci\u00f3n contra sobretensiones 10 \/20KV, IP66\/IK08<\/li>\n<li>Regulaci\u00f3n 0-10V opcional<\/li>\n<li>Anticorrosi\u00f3n, control preciso de la luz, bajo deslumbramiento<\/li>\n<\/ol>","protected":false},"featured_media":7098,"template":"","meta":{"_acf_changed":false,"_kadence_starter_templates_imported_post":false,"_kad_post_transparent":"default","_kad_post_title":"","_kad_post_layout":"default","_kad_post_sidebar_id":"","_kad_post_content_style":"default","_kad_post_vertical_padding":"default","_kad_post_feature":"","_kad_post_feature_position":"","_kad_post_header":false,"_kad_post_footer":false},"product_brand":[],"product_cat":[44],"product_tag":[],"class_list":{"0":"post-3246","1":"product","2":"type-product","3":"status-publish","4":"has-post-thumbnail","6":"product_cat-led-post-top-lights","8":"first","9":"instock","10":"downloadable","11":"virtual","12":"product-type-simple","13":"entry","14":"content-bg","15":"loop-entry"},"acf":[],"_links":{"self":[{"href":"https:\/\/ledrhythm.com\/es\/wp-json\/wp\/v2\/product\/3246","targetHints":{"allow":["GET"]}}],"collection":[{"href":"https:\/\/ledrhythm.com\/es\/wp-json\/wp\/v2\/product"}],"about":[{"href":"https:\/\/ledrhythm.com\/es\/wp-json\/wp\/v2\/types\/product"}],"wp:featuredmedia":[{"embeddable":true,"href":"https:\/\/ledrhythm.com\/es\/wp-json\/wp\/v2\/media\/7098"}],"wp:attachment":[{"href":"https:\/\/ledrhythm.com\/es\/wp-json\/wp\/v2\/media?parent=3246"}],"wp:term":[{"taxonomy":"product_brand","embeddable":true,"href":"https:\/\/ledrhythm.com\/es\/wp-json\/wp\/v2\/product_brand?post=3246"},{"taxonomy":"product_cat","embeddable":true,"href":"https:\/\/ledrhythm.com\/es\/wp-json\/wp\/v2\/product_cat?post=3246"},{"taxonomy":"product_tag","embeddable":true,"href":"https:\/\/ledrhythm.com\/es\/wp-json\/wp\/v2\/product_tag?post=3246"}],"curies":[{"name":"wp","href":"https:\/\/api.w.org\/{rel}","templated":true}]}}