{"id":3236,"date":"2025-03-28T07:36:47","date_gmt":"2025-03-28T07:36:47","guid":{"rendered":"https:\/\/ledrhythm.com\/products\/wholesale-led-high-bay-lights"},"modified":"2025-11-17T05:41:36","modified_gmt":"2025-11-17T05:41:36","slug":"high-bay-led-light-for-commercial-industrial","status":"publish","type":"product","link":"https:\/\/ledrhythm.com\/es\/product\/high-bay-led-light-for-commercial-industrial","title":{"rendered":"Luz LED inteligente de gran altura para uso comercial e industrial"},"content":{"rendered":"","protected":false},"excerpt":{"rendered":"<p>Se trata de una elegante y vers\u00e1til luz LED redonda UFO de gran altura. CCT se puede ajustar entre 3000K-5000K, y la potencia se puede ajustar entre 0 y m\u00e1ximo. Equipado con <a href=\"https:\/\/ledrhythm.com\/es\/news\/motion-sensor-lights-and-security-light.html\/\" target=\"_blank\" rel=\"noopener\">sensor de movimiento inteligente<\/a> para un mayor ahorro de energ\u00eda. La versi\u00f3n de alta eficiencia puede proporcionar hasta 200 lm\/W de salida. Puede conectarse a la alimentaci\u00f3n de emergencia para proporcionar iluminaci\u00f3n de emergencia en caso de corte del suministro el\u00e9ctrico. Tambi\u00e9n puede utilizarse en <a href=\"https:\/\/ledrhythm.com\/es\/led-lights-for-walk-in-coolers-freezers\/\" target=\"_blank\" rel=\"noopener\">walk in freezers iluminaci\u00f3n<\/a> hasta -40\u00b0C. Adem\u00e1s, la luz de gran altura puede orientarse hacia arriba, consiguiendo una iluminaci\u00f3n indirecta a trav\u00e9s de la reflexi\u00f3n del techo con un deslumbramiento extremadamente bajo, lo que supone una ventaja significativa para la iluminaci\u00f3n de interiores. <a href=\"https:\/\/ledrhythm.com\/es\/led-sports-lighting\/\" target=\"_blank\" rel=\"noopener\">iluminaci\u00f3n deportiva<\/a>.<\/p>\n<p>Todas estas caracter\u00edsticas son seleccionables, admiten montaje suspendido, en superficie y en soporte, protecci\u00f3n IP66 e \u00edndice de reproducci\u00f3n crom\u00e1tica de 80+. Su objetivo es satisfacer las necesidades de iluminaci\u00f3n de diversas aplicaciones industriales y comerciales.<\/p>\n<h4>Caracter\u00edsticas del producto<\/h4>\n<ol>\n<li>80W,100W,120W,150W,200W,240W<\/li>\n<li>Estructura de disipaci\u00f3n de calor en forma de panal, buena<\/li>\n<li>M\u00faltiples \u00e1ngulos de haz, reflexi\u00f3n difusa, bajo deslumbramiento<\/li>\n<li>Sensor de movimiento, alimentaci\u00f3n de emergencia, opciones de temperatura ultrabaja<\/li>\n<li>Regulaci\u00f3n de intensidad de 0-10 V, potencia y temperatura de color tambi\u00e9n ajustables<\/li>\n<\/ol>","protected":false},"featured_media":9552,"template":"","meta":{"_acf_changed":false,"_kadence_starter_templates_imported_post":false,"_kad_post_transparent":"default","_kad_post_title":"","_kad_post_layout":"default","_kad_post_sidebar_id":"","_kad_post_content_style":"default","_kad_post_vertical_padding":"default","_kad_post_feature":"","_kad_post_feature_position":"","_kad_post_header":false,"_kad_post_footer":false},"product_brand":[],"product_cat":[41],"product_tag":[],"class_list":{"0":"post-3236","1":"product","2":"type-product","3":"status-publish","4":"has-post-thumbnail","6":"product_cat-high-bay-lighting","8":"first","9":"instock","10":"downloadable","11":"virtual","12":"product-type-simple","13":"entry","14":"content-bg","15":"loop-entry"},"acf":[],"_links":{"self":[{"href":"https:\/\/ledrhythm.com\/es\/wp-json\/wp\/v2\/product\/3236","targetHints":{"allow":["GET"]}}],"collection":[{"href":"https:\/\/ledrhythm.com\/es\/wp-json\/wp\/v2\/product"}],"about":[{"href":"https:\/\/ledrhythm.com\/es\/wp-json\/wp\/v2\/types\/product"}],"wp:featuredmedia":[{"embeddable":true,"href":"https:\/\/ledrhythm.com\/es\/wp-json\/wp\/v2\/media\/9552"}],"wp:attachment":[{"href":"https:\/\/ledrhythm.com\/es\/wp-json\/wp\/v2\/media?parent=3236"}],"wp:term":[{"taxonomy":"product_brand","embeddable":true,"href":"https:\/\/ledrhythm.com\/es\/wp-json\/wp\/v2\/product_brand?post=3236"},{"taxonomy":"product_cat","embeddable":true,"href":"https:\/\/ledrhythm.com\/es\/wp-json\/wp\/v2\/product_cat?post=3236"},{"taxonomy":"product_tag","embeddable":true,"href":"https:\/\/ledrhythm.com\/es\/wp-json\/wp\/v2\/product_tag?post=3236"}],"curies":[{"name":"wp","href":"https:\/\/api.w.org\/{rel}","templated":true}]}}