{"id":3231,"date":"2025-03-28T07:36:42","date_gmt":"2025-03-28T07:36:42","guid":{"rendered":"https:\/\/ledrhythm.com\/products\/ugr"},"modified":"2025-11-25T07:06:21","modified_gmt":"2025-11-25T07:06:21","slug":"linear-low-bay-led-light-low-glare","status":"publish","type":"product","link":"https:\/\/ledrhythm.com\/es\/product\/linear-low-bay-led-light-low-glare","title":{"rendered":"Luz LED lineal industrial y comercial de 4 pies"},"content":{"rendered":"","protected":false},"excerpt":{"rendered":"<p>La estructura es de chapa lineal y tiene una longitud aproximada de 4 pies. Ofrece una alta eficacia luminosa, con una potencia que oscila entre 80 y 150 W, y puede utilizarse tanto para iluminaci\u00f3n alta como baja. Est\u00e1 equipado con tres m\u00e9todos de distribuci\u00f3n de la luz: placa difusora, placa antideslumbrante y lente, que consiguen un control preciso de la luz, filtran eficazmente el deslumbramiento y producen una luz uniforme y suave para satisfacer diversas necesidades de iluminaci\u00f3n. Los tres m\u00e9todos pueden equiparse con rejillas anticolisi\u00f3n para proteger contra impactos de balones.<\/p>\n<p>La instalaci\u00f3n es sencilla y admite el empalme de varios m\u00f3dulos. Es adecuado para diversas aplicaciones industriales y comerciales de iluminaci\u00f3n lineal LED, como <a href=\"https:\/\/ledrhythm.com\/es\/led-sports-lighting\/\" target=\"_blank\" rel=\"noopener\">campos deportivos<\/a>almacenes y <a href=\"https:\/\/ledrhythm.com\/es\/led-garage-lighting\/\" target=\"_blank\" rel=\"noopener\">garajes<\/a>etc.<\/p>\n<h4>Caracter\u00edsticas del producto<\/h4>\n<ol>\n<li>80W, 100W, 120W, 150W<\/li>\n<li>Eficacia luminosa de hasta 170 lm\/W<\/li>\n<li>Luz suave, bajo deslumbramiento, anticolisi\u00f3n IK08<\/li>\n<li>Placa difusora, placa antideslumbrante y lente opcionales<\/li>\n<li>0-10V regulable<\/li>\n<\/ol>","protected":false},"featured_media":6866,"template":"","meta":{"_acf_changed":false,"_kadence_starter_templates_imported_post":false,"_kad_post_transparent":"default","_kad_post_title":"","_kad_post_layout":"default","_kad_post_sidebar_id":"","_kad_post_content_style":"default","_kad_post_vertical_padding":"default","_kad_post_feature":"","_kad_post_feature_position":"","_kad_post_header":false,"_kad_post_footer":false},"product_brand":[],"product_cat":[131],"product_tag":[],"class_list":{"0":"post-3231","1":"product","2":"type-product","3":"status-publish","4":"has-post-thumbnail","6":"product_cat-linear-lighting","8":"first","9":"instock","10":"downloadable","11":"virtual","12":"product-type-simple","13":"entry","14":"content-bg","15":"loop-entry"},"acf":[],"_links":{"self":[{"href":"https:\/\/ledrhythm.com\/es\/wp-json\/wp\/v2\/product\/3231","targetHints":{"allow":["GET"]}}],"collection":[{"href":"https:\/\/ledrhythm.com\/es\/wp-json\/wp\/v2\/product"}],"about":[{"href":"https:\/\/ledrhythm.com\/es\/wp-json\/wp\/v2\/types\/product"}],"wp:featuredmedia":[{"embeddable":true,"href":"https:\/\/ledrhythm.com\/es\/wp-json\/wp\/v2\/media\/6866"}],"wp:attachment":[{"href":"https:\/\/ledrhythm.com\/es\/wp-json\/wp\/v2\/media?parent=3231"}],"wp:term":[{"taxonomy":"product_brand","embeddable":true,"href":"https:\/\/ledrhythm.com\/es\/wp-json\/wp\/v2\/product_brand?post=3231"},{"taxonomy":"product_cat","embeddable":true,"href":"https:\/\/ledrhythm.com\/es\/wp-json\/wp\/v2\/product_cat?post=3231"},{"taxonomy":"product_tag","embeddable":true,"href":"https:\/\/ledrhythm.com\/es\/wp-json\/wp\/v2\/product_tag?post=3231"}],"curies":[{"name":"wp","href":"https:\/\/api.w.org\/{rel}","templated":true}]}}