{"id":3212,"date":"2025-03-28T07:36:07","date_gmt":"2025-03-28T07:36:07","guid":{"rendered":"https:\/\/ledrhythm.com\/products\/professional-sports-mid-and-low-pole-lighting"},"modified":"2025-11-27T09:00:47","modified_gmt":"2025-11-27T09:00:47","slug":"slim-outside-led-flood-light","status":"publish","type":"product","link":"https:\/\/ledrhythm.com\/es\/product\/slim-outside-led-flood-light","title":{"rendered":"L\u00e1mpara de inundaci\u00f3n LED comercial delgada de 100W-400W"},"content":{"rendered":"","protected":false},"excerpt":{"rendered":"<p>El foco proyector LED comercial est\u00e1 dise\u00f1ado con un fino aluminio fundido a presi\u00f3n, pero a\u00fan as\u00ed cuenta con una gran superficie de aletas de disipaci\u00f3n de calor de aluminio para disipar r\u00e1pidamente el calor generado durante el funcionamiento. La potencia oscila entre 100 y 400 W, ofrece dos m\u00e9todos de distribuci\u00f3n de la luz: copa reflectora y lente, y selecciona m\u00faltiples \u00e1ngulos de haz, lo que permite un control muy preciso de la luz y garantiza una gran uniformidad y una luz suave. Es ideal para escenarios con elevados requisitos de calidad de iluminaci\u00f3n, como <a href=\"https:\/\/ledrhythm.com\/es\/led-sports-lighting\/\" target=\"_blank\" rel=\"noopener\">iluminaci\u00f3n deportiva<\/a> o comercial <a href=\"https:\/\/ledrhythm.com\/es\/led-area-lights\/\" target=\"_blank\" rel=\"noopener\">iluminaci\u00f3n de zonas<\/a>. El soporte de montaje ajustable est\u00e1 equipado con escala, lo que permite ajustar con precisi\u00f3n el \u00e1ngulo de iluminaci\u00f3n para evitar el desperdicio de luz.<\/p>\n<h4>Caracter\u00edsticas del producto<\/h4>\n<ol>\n<li>100W, 200W, 300W, 400W<\/li>\n<li>0-10V\/DALI 2 Regulaci\u00f3n<\/li>\n<li>IP66, protecci\u00f3n contra sobretensiones de 10KV<\/li>\n<li>Alta eficiencia y vida \u00fatil de m\u00e1s de 50.000 horas<\/li>\n<li>Dise\u00f1o estilizado, aluminio fundido a presi\u00f3n de alta resistencia<\/li>\n<li>Los m\u00faltiples dise\u00f1os \u00f3pticos asim\u00e9tricos reducen el deslumbramiento y la dispersi\u00f3n de la luz.<\/li>\n<\/ol>","protected":false},"featured_media":6919,"template":"","meta":{"_acf_changed":false,"_kadence_starter_templates_imported_post":false,"_kad_post_transparent":"default","_kad_post_title":"","_kad_post_layout":"default","_kad_post_sidebar_id":"","_kad_post_content_style":"default","_kad_post_vertical_padding":"default","_kad_post_feature":"","_kad_post_feature_position":"","_kad_post_header":false,"_kad_post_footer":false},"product_brand":[],"product_cat":[42],"product_tag":[],"class_list":{"0":"post-3212","1":"product","2":"type-product","3":"status-publish","4":"has-post-thumbnail","6":"product_cat-flood-lighting","8":"first","9":"instock","10":"downloadable","11":"virtual","12":"product-type-simple","13":"entry","14":"content-bg","15":"loop-entry"},"acf":[],"_links":{"self":[{"href":"https:\/\/ledrhythm.com\/es\/wp-json\/wp\/v2\/product\/3212","targetHints":{"allow":["GET"]}}],"collection":[{"href":"https:\/\/ledrhythm.com\/es\/wp-json\/wp\/v2\/product"}],"about":[{"href":"https:\/\/ledrhythm.com\/es\/wp-json\/wp\/v2\/types\/product"}],"wp:featuredmedia":[{"embeddable":true,"href":"https:\/\/ledrhythm.com\/es\/wp-json\/wp\/v2\/media\/6919"}],"wp:attachment":[{"href":"https:\/\/ledrhythm.com\/es\/wp-json\/wp\/v2\/media?parent=3212"}],"wp:term":[{"taxonomy":"product_brand","embeddable":true,"href":"https:\/\/ledrhythm.com\/es\/wp-json\/wp\/v2\/product_brand?post=3212"},{"taxonomy":"product_cat","embeddable":true,"href":"https:\/\/ledrhythm.com\/es\/wp-json\/wp\/v2\/product_cat?post=3212"},{"taxonomy":"product_tag","embeddable":true,"href":"https:\/\/ledrhythm.com\/es\/wp-json\/wp\/v2\/product_tag?post=3212"}],"curies":[{"name":"wp","href":"https:\/\/api.w.org\/{rel}","templated":true}]}}