{"id":3199,"date":"2025-03-28T07:35:40","date_gmt":"2025-03-28T07:35:40","guid":{"rendered":"https:\/\/ledrhythm.com\/products\/perfect-beam-angle-led-sports-flood-light"},"modified":"2025-12-01T09:08:42","modified_gmt":"2025-12-01T09:08:42","slug":"big-exterior-dimmable-led-flood-lights","status":"publish","type":"product","link":"https:\/\/ledrhythm.com\/es\/product\/big-exterior-dimmable-led-flood-lights","title":{"rendered":"Foco inundable LED grande para exterior - 60 W por m\u00f3dulo"},"content":{"rendered":"","protected":false},"excerpt":{"rendered":"<p>Dise\u00f1o de fuente de luz modular, un m\u00f3dulo es de 60W, con una potencia que va desde 120W a 600W. Estructura totalmente de aluminio, es verdadera luz de inundaci\u00f3n LED grande, proporcionando un mayor espacio de disipaci\u00f3n de calor. Y equipado con compartimiento de alimentaci\u00f3n del conductor independiente, lo que facilita el mantenimiento y no se ve afectado por el calor generado por el chip LED. Escudo puede prevenir eficazmente el derrame de luz, reducir la contaminaci\u00f3n lum\u00ednica, y evitar el deslumbramiento, la rejilla met\u00e1lica protege la superficie emisora de luz de los impactos, reduciendo el riesgo de da\u00f1os. El soporte de montaje se puede ajustar 360\u00b0. Adecuado para iluminaci\u00f3n en <a href=\"https:\/\/ledrhythm.com\/es\/led-stadium-arena-lights\/\" target=\"_blank\" rel=\"noopener\">estadios<\/a>, <a href=\"https:\/\/ledrhythm.com\/es\/led-parking-lot-lights\/\" target=\"_blank\" rel=\"noopener\">aparcamientos<\/a>y otras grandes zonas al aire libre.<\/p>\n<h4>Caracter\u00edsticas del producto<\/h4>\n<ol>\n<li>120W, 180W, 240W, 360W, 480W, 600W<\/li>\n<li>Seis \u00e1ngulos de haz, control preciso de la luz<\/li>\n<li>IP66 e IK08, protecci\u00f3n contra sobretensiones de 10KV<\/li>\n<li>Escudo y rejilla met\u00e1lica opcionales<\/li>\n<li>Regulaci\u00f3n 0-10V y DALI 2<\/li>\n<\/ol>","protected":false},"featured_media":9618,"template":"","meta":{"_acf_changed":false,"_kadence_starter_templates_imported_post":false,"_kad_post_transparent":"default","_kad_post_title":"","_kad_post_layout":"default","_kad_post_sidebar_id":"","_kad_post_content_style":"default","_kad_post_vertical_padding":"default","_kad_post_feature":"","_kad_post_feature_position":"","_kad_post_header":false,"_kad_post_footer":false},"product_brand":[],"product_cat":[42],"product_tag":[],"class_list":{"0":"post-3199","1":"product","2":"type-product","3":"status-publish","4":"has-post-thumbnail","6":"product_cat-flood-lighting","8":"first","9":"instock","10":"downloadable","11":"virtual","12":"product-type-simple","13":"entry","14":"content-bg","15":"loop-entry"},"acf":[],"_links":{"self":[{"href":"https:\/\/ledrhythm.com\/es\/wp-json\/wp\/v2\/product\/3199","targetHints":{"allow":["GET"]}}],"collection":[{"href":"https:\/\/ledrhythm.com\/es\/wp-json\/wp\/v2\/product"}],"about":[{"href":"https:\/\/ledrhythm.com\/es\/wp-json\/wp\/v2\/types\/product"}],"wp:featuredmedia":[{"embeddable":true,"href":"https:\/\/ledrhythm.com\/es\/wp-json\/wp\/v2\/media\/9618"}],"wp:attachment":[{"href":"https:\/\/ledrhythm.com\/es\/wp-json\/wp\/v2\/media?parent=3199"}],"wp:term":[{"taxonomy":"product_brand","embeddable":true,"href":"https:\/\/ledrhythm.com\/es\/wp-json\/wp\/v2\/product_brand?post=3199"},{"taxonomy":"product_cat","embeddable":true,"href":"https:\/\/ledrhythm.com\/es\/wp-json\/wp\/v2\/product_cat?post=3199"},{"taxonomy":"product_tag","embeddable":true,"href":"https:\/\/ledrhythm.com\/es\/wp-json\/wp\/v2\/product_tag?post=3199"}],"curies":[{"name":"wp","href":"https:\/\/api.w.org\/{rel}","templated":true}]}}