{"id":8574,"date":"2025-10-14T08:04:27","date_gmt":"2025-10-14T08:04:27","guid":{"rendered":"https:\/\/ledrhythm.com\/?page_id=8574"},"modified":"2025-10-15T05:12:11","modified_gmt":"2025-10-15T05:12:11","slug":"warranty","status":"publish","type":"page","link":"https:\/\/ledrhythm.com\/es\/warranty","title":{"rendered":"Garant\u00eda"},"content":{"rendered":"<div data-elementor-type=\"wp-page\" data-elementor-id=\"8574\" class=\"elementor elementor-8574\" data-elementor-post-type=\"page\">\n\t\t\t\t<div class=\"elementor-element elementor-element-02f366b e-flex e-con-boxed e-con e-parent\" data-id=\"02f366b\" data-element_type=\"container\" data-e-type=\"container\">\n\t\t\t\t\t<div class=\"e-con-inner\">\n\t\t\t\t<div class=\"elementor-element elementor-element-c1b21c1 elementor-widget elementor-widget-heading\" data-id=\"c1b21c1\" data-element_type=\"widget\" data-e-type=\"widget\" data-widget_type=\"heading.default\">\n\t\t\t\t\t<h1 class=\"elementor-heading-title elementor-size-default\">GARANT\u00cdA DE LAS LUMINARIAS LEDRHYTHM\u00ae LED<\/h1>\t\t\t\t<\/div>\n\t\t\t\t<div class=\"elementor-element elementor-element-5e99f6d elementor-widget elementor-widget-heading\" data-id=\"5e99f6d\" data-element_type=\"widget\" data-e-type=\"widget\" data-widget_type=\"heading.default\">\n\t\t\t\t\t<h2 class=\"elementor-heading-title elementor-size-default\">Alcance de la garant\u00eda<\/h2>\t\t\t\t<\/div>\n\t\t\t\t<div class=\"elementor-element elementor-element-2dcadbc elementor-widget elementor-widget-text-editor\" data-id=\"2dcadbc\" data-element_type=\"widget\" data-e-type=\"widget\" data-widget_type=\"text-editor.default\">\n\t\t\t\t\t\t\t\t\t<p>Esta garant\u00eda limitada se aplica a todos los productos de iluminaci\u00f3n LED fabricados y suministrados por nuestra empresa. La garant\u00eda cubre los defectos de material y mano de obra en condiciones normales y adecuadas de instalaci\u00f3n, uso y mantenimiento. La garant\u00eda reparar\u00e1 o sustituir\u00e1 los productos que, a juicio inobjetable del proveedor, resulten defectuosos o afectados por cualquier vicio de fabricaci\u00f3n.<\/p>\t\t\t\t\t\t\t\t<\/div>\n\t\t\t\t<div class=\"elementor-element elementor-element-9c88afd elementor-widget elementor-widget-heading\" data-id=\"9c88afd\" data-element_type=\"widget\" data-e-type=\"widget\" data-widget_type=\"heading.default\">\n\t\t\t\t\t<h2 class=\"elementor-heading-title elementor-size-default\">Periodo de garant\u00eda<\/h2>\t\t\t\t<\/div>\n\t\t\t\t<div class=\"elementor-element elementor-element-7583589 elementor-widget elementor-widget-text-editor\" data-id=\"7583589\" data-element_type=\"widget\" data-e-type=\"widget\" data-widget_type=\"text-editor.default\">\n\t\t\t\t\t\t\t\t\t<p>Sujeto a las disposiciones establecidas en los T\u00e9rminos y Condiciones de la Garant\u00eda y en el presente documento, el Comprador recibe una garant\u00eda est\u00e1ndar de 5 a\u00f1os. Un periodo de garant\u00eda m\u00e1s largo es opcional (algunos productos especiales se ofrecen con un periodo de garant\u00eda diferente. El comprador deber\u00e1 ponerse en contacto con el vendedor). El periodo de garant\u00eda comienza a partir de la fecha de entrega. Cualquier periodo de garant\u00eda especial deber\u00e1 indicarse en el contrato de venta.<\/p>\t\t\t\t\t\t\t\t<\/div>\n\t\t\t\t<div class=\"elementor-element elementor-element-92da95a elementor-widget elementor-widget-heading\" data-id=\"92da95a\" data-element_type=\"widget\" data-e-type=\"widget\" data-widget_type=\"heading.default\">\n\t\t\t\t\t<h2 class=\"elementor-heading-title elementor-size-default\">Cobertura de la garant\u00eda<\/h2>\t\t\t\t<\/div>\n\t\t\t\t<div class=\"elementor-element elementor-element-e4b3ce0 elementor-widget elementor-widget-text-editor\" data-id=\"e4b3ce0\" data-element_type=\"widget\" data-e-type=\"widget\" data-widget_type=\"text-editor.default\">\n\t\t\t\t\t\t\t\t\t<p>Durante el periodo de garant\u00eda, \u00e9sta cubre los siguientes componentes y funciones:<\/p><ul><li>Controladores LED y m\u00f3dulos de potencia<\/li><li>Chips LED y m\u00f3dulos de fuentes luminosas<\/li><li>Lente \u00f3ptica, difusor y componentes antirreflejos<\/li><li>Carcasa, estructura de sellado e integridad impermeable<\/li><li>Rendimiento el\u00e9ctrico que incluye protecci\u00f3n contra sobretensiones, seguridad de aislamiento y salida estable<\/li><\/ul>\t\t\t\t\t\t\t\t<\/div>\n\t\t\t\t<div class=\"elementor-element elementor-element-c5ce9cb elementor-widget elementor-widget-heading\" data-id=\"c5ce9cb\" data-element_type=\"widget\" data-e-type=\"widget\" data-widget_type=\"heading.default\">\n\t\t\t\t\t<h2 class=\"elementor-heading-title elementor-size-default\">Exclusiones de la garant\u00eda<\/h2>\t\t\t\t<\/div>\n\t\t\t\t<div class=\"elementor-element elementor-element-11e4bf6 elementor-widget elementor-widget-text-editor\" data-id=\"11e4bf6\" data-element_type=\"widget\" data-e-type=\"widget\" data-widget_type=\"text-editor.default\">\n\t\t\t\t\t\t\t\t\t<p>Esta garant\u00eda no se aplica a fallos o da\u00f1os causados por. Si el da\u00f1o es causado por los siguientes factores, LEDRHYTHM se reserva el derecho de cobrar los costes de mantenimiento:<\/p><ul><li>El producto est\u00e1 fuera de la fecha de validez de la garant\u00eda.\u00a0<\/li><li>Instalaci\u00f3n incorrecta, cableado o uso de sistemas de control incompatibles, o reparaci\u00f3n inadecuada de los productos.\u00a0<\/li><li>Modificaci\u00f3n no autorizada, desmontaje o uso de piezas de repuesto no originales.<\/li><li>Corrosi\u00f3n o da\u00f1os causados por exposici\u00f3n qu\u00edmica o entornos especiales sin declaraci\u00f3n previa.<\/li><li>Los da\u00f1os debidos a causas de fuerza mayor, como guerras, disturbios, sabotajes, ciclones, terremotos, maremotos, inundaciones, rayos, explosiones, incendios, inundaciones, etc.<\/li><\/ul>\t\t\t\t\t\t\t\t<\/div>\n\t\t\t\t<div class=\"elementor-element elementor-element-1d2d4b3 elementor-widget elementor-widget-heading\" data-id=\"1d2d4b3\" data-element_type=\"widget\" data-e-type=\"widget\" data-widget_type=\"heading.default\">\n\t\t\t\t\t<h2 class=\"elementor-heading-title elementor-size-default\">Responsabilidades del cliente<\/h2>\t\t\t\t<\/div>\n\t\t\t\t<div class=\"elementor-element elementor-element-dae8cad elementor-widget elementor-widget-text-editor\" data-id=\"dae8cad\" data-element_type=\"widget\" data-e-type=\"widget\" data-widget_type=\"text-editor.default\">\n\t\t\t\t\t\t\t\t\t<p>Para mantener la validez de la garant\u00eda, el cliente deber\u00e1<\/p><ul><li>Aseg\u00farese de que la instalaci\u00f3n sigue las directrices oficiales de instalaci\u00f3n y las normas el\u00e9ctricas<\/li><li>Conserve los documentos de compra originales (factura\/justificante de entrega)<\/li><li>Proporcionar informaci\u00f3n precisa sobre el fallo durante una reclamaci\u00f3n, incluido el modelo, la cantidad, el n\u00famero de lote y las pruebas visuales.<\/li><\/ul>\t\t\t\t\t\t\t\t<\/div>\n\t\t\t\t<div class=\"elementor-element elementor-element-1db4e3c elementor-widget elementor-widget-heading\" data-id=\"1db4e3c\" data-element_type=\"widget\" data-e-type=\"widget\" data-widget_type=\"heading.default\">\n\t\t\t\t\t<h2 class=\"elementor-heading-title elementor-size-default\">Procedimiento de reclamaci\u00f3n en garant\u00eda<\/h2>\t\t\t\t<\/div>\n\t\t\t\t<div class=\"elementor-element elementor-element-2f4c623 elementor-widget elementor-widget-text-editor\" data-id=\"2f4c623\" data-element_type=\"widget\" data-e-type=\"widget\" data-widget_type=\"text-editor.default\">\n\t\t\t\t\t\t\t\t\t<ol><li>El cliente presenta la solicitud de garant\u00eda con la documentaci\u00f3n requerida<\/li><li>El departamento t\u00e9cnico eval\u00faa el fallo en un plazo de respuesta razonable<\/li><li>En funci\u00f3n de los resultados de la evaluaci\u00f3n, se suministrar\u00e1n piezas de repuesto o accesorios.<\/li><li>El fabricante puede solicitar la devoluci\u00f3n de los art\u00edculos defectuosos para su an\u00e1lisis<\/li><\/ol>\t\t\t\t\t\t\t\t<\/div>\n\t\t\t\t<div class=\"elementor-element elementor-element-99beaf5 elementor-widget elementor-widget-heading\" data-id=\"99beaf5\" data-element_type=\"widget\" data-e-type=\"widget\" data-widget_type=\"heading.default\">\n\t\t\t\t\t<h2 class=\"elementor-heading-title elementor-size-default\">Condiciones de sustituci\u00f3n y reparaci\u00f3n<\/h2>\t\t\t\t<\/div>\n\t\t\t\t<div class=\"elementor-element elementor-element-d32d5a3 elementor-widget elementor-widget-text-editor\" data-id=\"d32d5a3\" data-element_type=\"widget\" data-e-type=\"widget\" data-widget_type=\"text-editor.default\">\n\t\t\t\t\t\t\t\t\t<ul><li>Los componentes o luminarias de sustituci\u00f3n se suministrar\u00e1n gratuitamente durante el periodo de garant\u00eda.<\/li><li>Los sustitutos pueden ser funcionalmente equivalentes, pero no necesariamente id\u00e9nticos en apariencia debido a la iteraci\u00f3n del producto.<\/li><li>La garant\u00eda no cubre los costes de mano de obra, servicio in situ ni equipos externos, a menos que se acuerde lo contrario.<\/li><\/ul><p>El fabricante no se hace responsable de los retrasos o limitaciones del servicio causados por factores externos incontrolables. Pueden aplicarse condiciones de garant\u00eda personalizadas para proyectos de ingenier\u00eda especiales. Para instalaciones a gran escala o proyectos gubernamentales\/comerciales, se pueden proporcionar opciones de garant\u00eda ampliada y paquetes de piezas de repuesto previa solicitud, sujetos a condiciones comerciales.<\/p>\t\t\t\t\t\t\t\t<\/div>\n\t\t\t\t\t<\/div>\n\t\t\t\t<\/div>\n\t\t\t\t<\/div>","protected":false},"excerpt":{"rendered":"<p>Esta garant\u00eda limitada se aplica a todos los productos de iluminaci\u00f3n LED fabricados y suministrados por nuestra empresa. La garant\u00eda cubre los defectos de materiales y mano de obra en condiciones normales y adecuadas de instalaci\u00f3n, uso y mantenimiento. La garant\u00eda reparar\u00e1 o sustituir\u00e1 los productos que resulten defectuosos...<\/p>","protected":false},"author":1,"featured_media":0,"parent":0,"menu_order":0,"comment_status":"closed","ping_status":"closed","template":"elementor_header_footer","meta":{"_acf_changed":false,"_kadence_starter_templates_imported_post":false,"_kad_post_transparent":"","_kad_post_title":"hide","_kad_post_layout":"fullwidth","_kad_post_sidebar_id":"","_kad_post_content_style":"unboxed","_kad_post_vertical_padding":"hide","_kad_post_feature":"hide","_kad_post_feature_position":"","_kad_post_header":false,"_kad_post_footer":false,"footnotes":""},"class_list":["post-8574","page","type-page","status-publish","hentry"],"acf":[],"_links":{"self":[{"href":"https:\/\/ledrhythm.com\/es\/wp-json\/wp\/v2\/pages\/8574","targetHints":{"allow":["GET"]}}],"collection":[{"href":"https:\/\/ledrhythm.com\/es\/wp-json\/wp\/v2\/pages"}],"about":[{"href":"https:\/\/ledrhythm.com\/es\/wp-json\/wp\/v2\/types\/page"}],"author":[{"embeddable":true,"href":"https:\/\/ledrhythm.com\/es\/wp-json\/wp\/v2\/users\/1"}],"replies":[{"embeddable":true,"href":"https:\/\/ledrhythm.com\/es\/wp-json\/wp\/v2\/comments?post=8574"}],"version-history":[{"count":7,"href":"https:\/\/ledrhythm.com\/es\/wp-json\/wp\/v2\/pages\/8574\/revisions"}],"predecessor-version":[{"id":8626,"href":"https:\/\/ledrhythm.com\/es\/wp-json\/wp\/v2\/pages\/8574\/revisions\/8626"}],"wp:attachment":[{"href":"https:\/\/ledrhythm.com\/es\/wp-json\/wp\/v2\/media?parent=8574"}],"curies":[{"name":"wp","href":"https:\/\/api.w.org\/{rel}","templated":true}]}}