{"id":8551,"date":"2025-10-14T02:45:34","date_gmt":"2025-10-14T02:45:34","guid":{"rendered":"https:\/\/ledrhythm.com\/?page_id=8551"},"modified":"2025-10-15T05:06:51","modified_gmt":"2025-10-15T05:06:51","slug":"lighting-design","status":"publish","type":"page","link":"https:\/\/ledrhythm.com\/es\/lighting-design","title":{"rendered":"Dise\u00f1o de iluminaci\u00f3n"},"content":{"rendered":"<div data-elementor-type=\"wp-page\" data-elementor-id=\"8551\" class=\"elementor elementor-8551\" data-elementor-post-type=\"page\">\n\t\t\t\t<div class=\"elementor-element elementor-element-8af596a e-flex e-con-boxed e-con e-parent\" data-id=\"8af596a\" data-element_type=\"container\" data-e-type=\"container\" data-settings=\"{&quot;background_background&quot;:&quot;gradient&quot;}\">\n\t\t\t\t\t<div class=\"e-con-inner\">\n\t\t<div class=\"elementor-element elementor-element-f55a04b e-con-full e-flex e-con e-child\" data-id=\"f55a04b\" data-element_type=\"container\" data-e-type=\"container\">\n\t\t\t\t<div class=\"elementor-element elementor-element-df68d94 elementor-widget elementor-widget-heading\" data-id=\"df68d94\" data-element_type=\"widget\" data-e-type=\"widget\" data-widget_type=\"heading.default\">\n\t\t\t\t\t<h1 class=\"elementor-heading-title elementor-size-default\">Dise\u00f1o profesional de iluminaci\u00f3n<\/h1>\t\t\t\t<\/div>\n\t\t\t\t<div class=\"elementor-element elementor-element-a5f9d30 elementor-widget elementor-widget-text-editor\" data-id=\"a5f9d30\" data-element_type=\"widget\" data-e-type=\"widget\" data-widget_type=\"text-editor.default\">\n\t\t\t\t\t\t\t\t\t<p>Proporcionamos servicios personalizados de dise\u00f1o de iluminaci\u00f3n para diversos proyectos, incluidas recomendaciones de luminarias, simulaciones \u00f3pticas y simulaciones Dialux. Garantizamos el cumplimiento de sus necesidades y normas al tiempo que reducimos los costes operativos.<\/p>\t\t\t\t\t\t\t\t<\/div>\n\t\t<div class=\"elementor-element elementor-element-1ce8449 e-con-full e-flex e-con e-child\" data-id=\"1ce8449\" data-element_type=\"container\" data-e-type=\"container\">\n\t\t\t\t<div class=\"elementor-element elementor-element-37c9ab8 elementor-widget elementor-widget-button\" data-id=\"37c9ab8\" data-element_type=\"widget\" data-e-type=\"widget\" data-widget_type=\"button.default\">\n\t\t\t\t\t\t\t\t\t\t<a class=\"elementor-button elementor-button-link elementor-size-sm\" href=\"#elementor-action%3Aaction%3Dpopup%3Aopen%26settings%3DeyJpZCI6IjQ3NzQiLCJ0b2dnbGUiOmZhbHNlfQ%3D%3D\">\n\t\t\t\t\t\t<span class=\"elementor-button-content-wrapper\">\n\t\t\t\t\t\t\t\t\t<span class=\"elementor-button-text\">Obtener servicio<\/span>\n\t\t\t\t\t<\/span>\n\t\t\t\t\t<\/a>\n\t\t\t\t\t\t\t\t<\/div>\n\t\t\t\t<div class=\"elementor-element elementor-element-803ac0f elementor-widget elementor-widget-button\" data-id=\"803ac0f\" data-element_type=\"widget\" data-e-type=\"widget\" data-widget_type=\"button.default\">\n\t\t\t\t\t\t\t\t\t\t<a class=\"elementor-button elementor-button-link elementor-size-sm\" href=\"https:\/\/ledrhythm.com\/es\/products\" target=\"_blank\">\n\t\t\t\t\t\t<span class=\"elementor-button-content-wrapper\">\n\t\t\t\t\t\t\t\t\t<span class=\"elementor-button-text\">Todos los productos<\/span>\n\t\t\t\t\t<\/span>\n\t\t\t\t\t<\/a>\n\t\t\t\t\t\t\t\t<\/div>\n\t\t\t\t<\/div>\n\t\t\t\t<\/div>\n\t\t<div class=\"elementor-element elementor-element-bf7efce e-con-full e-flex e-con e-child\" data-id=\"bf7efce\" data-element_type=\"container\" data-e-type=\"container\">\n\t\t\t\t<div class=\"elementor-element elementor-element-ebfa975 elementor-widget elementor-widget-text-editor\" data-id=\"ebfa975\" data-element_type=\"widget\" data-e-type=\"widget\" data-widget_type=\"text-editor.default\">\n\t\t\t\t\t\t\t\t\t<div style=\"width:100%; text-align:center;\">\n  <!-- \u7b2c\u4e00\u884c\uff0c\u4e24\u5f20\u56fe\u7247 -->\n  <div style=\"display:flex; justify-content:center; gap:20px; margin-bottom:20px;\">\n    <img decoding=\"async\" src=\"https:\/\/ledrhythm.com\/wp-content\/uploads\/2025\/10\/Warehouse-lighting-desgin.webp\" alt=\"Certificado 1\" style=\"max-width:260px; height:auto;\">\n    <img decoding=\"async\" src=\"https:\/\/ledrhythm.com\/wp-content\/uploads\/2025\/10\/Flood-Lighting-desgin.webp\" alt=\"Certificado 2\" style=\"max-width:260px; height:auto;\">\n  <\/div>\n\n  <!-- \u7b2c\u4e8c\u884c\uff0c\u4e00\u5f20\u56fe\u7247\uff08\u81ea\u52a8\u5c45\u4e2d\uff09 -->\n  <div style=\"display:flex; justify-content:center; gap:20px;\">\n    <img decoding=\"async\" src=\"https:\/\/ledrhythm.com\/wp-content\/uploads\/2025\/10\/barn-lighting-desgin.webp\" alt=\"Certificado 3\" style=\"max-width:300px; height:auto;\">\n  <\/div>\n<\/div>\n\t\t\t\t\t\t\t\t<\/div>\n\t\t\t\t<\/div>\n\t\t\t\t\t<\/div>\n\t\t\t\t<\/div>\n\t\t<div class=\"elementor-element elementor-element-542da3f e-flex e-con-boxed e-con e-parent\" data-id=\"542da3f\" data-element_type=\"container\" data-e-type=\"container\">\n\t\t\t\t\t<div class=\"e-con-inner\">\n\t\t\t\t<div class=\"elementor-element elementor-element-b1dee46 elementor-widget elementor-widget-text-editor\" data-id=\"b1dee46\" data-element_type=\"widget\" data-e-type=\"widget\" data-widget_type=\"text-editor.default\">\n\t\t\t\t\t\t\t\t\t<p>En LEDRHYTHM no s\u00f3lo ofrecemos productos LED, sino tambi\u00e9n servicios profesionales de dise\u00f1o de iluminaci\u00f3n. Tanto si necesita iluminaci\u00f3n b\u00e1sica, iluminaci\u00f3n funcional para almacenes o requisitos de iluminaci\u00f3n de competici\u00f3n (alta iluminaci\u00f3n, uniformidad, bajo control del deslumbramiento y m\u00e1xima eficiencia energ\u00e9tica), podemos adaptar una soluci\u00f3n a sus necesidades.<\/p><p>Basta con proporcionar informaci\u00f3n b\u00e1sica sobre el emplazamiento, como el tama\u00f1o, la altura de montaje, los escenarios de uso y los objetivos de dise\u00f1o, y nuestro equipo de ingenieros elaborar\u00e1 un informe completo de dise\u00f1o de iluminaci\u00f3n, que incluye la selecci\u00f3n de luminarias LED, la disposici\u00f3n de la instalaci\u00f3n, diagramas de simulaci\u00f3n de iluminancia (Dialux\/Relux) y evaluaciones de ahorro energ\u00e9tico.<\/p><p>Disponemos de una completa l\u00ednea de productos LED para aplicaciones interiores y exteriores. Dise\u00f1o de iluminaci\u00f3n incluye pero no se limita a:<\/p><ul><li>Instalaciones deportivas: pistas de tenis, campos de f\u00fatbol, baloncesto, salas de b\u00e1dminton y pabellones polideportivos;<\/li><li>Industrial y comercial: almacenes, centros log\u00edsticos, f\u00e1bricas, talleres y grandes superficies;<\/li><li>Zonas p\u00fablicas: carreteras, t\u00faneles, aparcamientos, puertos y aeropuertos;<\/li><li>Dise\u00f1o \u00f3ptico personalizado: aplicaciones especializadas que requieren una distribuci\u00f3n de la iluminaci\u00f3n especializada, antideslumbramiento, protecci\u00f3n contra impactos y resistencia a la corrosi\u00f3n.<\/li><\/ul>\t\t\t\t\t\t\t\t<\/div>\n\t\t\t\t<div class=\"elementor-element elementor-element-7fa47a6 elementor-widget elementor-widget-image-gallery\" data-id=\"7fa47a6\" data-element_type=\"widget\" data-e-type=\"widget\" data-widget_type=\"image-gallery.default\">\n\t\t\t\t\t\t\t<div class=\"elementor-image-gallery\">\n\t\t\t<div id='gallery-1' class='gallery galleryid-8551 gallery-columns-2 gallery-size-full'><figure class='gallery-item'>\n\t\t\t<div class='gallery-icon landscape'>\n\t\t\t\t<a data-elementor-open-lightbox=\"yes\" data-elementor-lightbox-slideshow=\"7fa47a6\" data-elementor-lightbox-title=\"LEDRHYTHM-lighting-design\" data-e-action-hash=\"#elementor-action%3Aaction%3Dlightbox%26settings%3DeyJpZCI6ODU2NiwidXJsIjoiaHR0cHM6XC9cL2xlZHJoeXRobS5jb21cL3dwLWNvbnRlbnRcL3VwbG9hZHNcLzIwMjVcLzEwXC9sZWRyaHl0aG0tbGlnaHRpbmctZGVzaWduLndlYnAiLCJzbGlkZXNob3ciOiI3ZmE0N2E2In0%3D\" href='https:\/\/ledrhythm.com\/wp-content\/uploads\/2025\/10\/ledrhythm-lighting-design.webp'><img fetchpriority=\"high\" decoding=\"async\" width=\"1200\" height=\"635\" src=\"https:\/\/ledrhythm.com\/wp-content\/uploads\/2025\/10\/ledrhythm-lighting-design.webp\" class=\"attachment-full size-full\" alt=\"Dise\u00f1o de iluminaci\u00f3n LEDRHYTHM\" srcset=\"https:\/\/ledrhythm.com\/wp-content\/uploads\/2025\/10\/ledrhythm-lighting-design.webp 1200w, https:\/\/ledrhythm.com\/wp-content\/uploads\/2025\/10\/ledrhythm-lighting-design-300x159.webp 300w, https:\/\/ledrhythm.com\/wp-content\/uploads\/2025\/10\/ledrhythm-lighting-design-1024x542.webp 1024w, https:\/\/ledrhythm.com\/wp-content\/uploads\/2025\/10\/ledrhythm-lighting-design-768x406.webp 768w, https:\/\/ledrhythm.com\/wp-content\/uploads\/2025\/10\/ledrhythm-lighting-design-18x10.webp 18w, https:\/\/ledrhythm.com\/wp-content\/uploads\/2025\/10\/ledrhythm-lighting-design-700x370.webp 700w\" sizes=\"(max-width: 1200px) 100vw, 1200px\" \/><\/a>\n\t\t\t<\/div><\/figure><figure class='gallery-item'>\n\t\t\t<div class='gallery-icon landscape'>\n\t\t\t\t<a data-elementor-open-lightbox=\"yes\" data-elementor-lightbox-slideshow=\"7fa47a6\" data-elementor-lightbox-title=\"sports-lighting-design\" data-e-action-hash=\"#elementor-action%3Aaction%3Dlightbox%26settings%3DeyJpZCI6ODU2NywidXJsIjoiaHR0cHM6XC9cL2xlZHJoeXRobS5jb21cL3dwLWNvbnRlbnRcL3VwbG9hZHNcLzIwMjVcLzEwXC9zcG9ydHMtbGlnaHRpbmctZGVzaWduLndlYnAiLCJzbGlkZXNob3ciOiI3ZmE0N2E2In0%3D\" href='https:\/\/ledrhythm.com\/wp-content\/uploads\/2025\/10\/sports-lighting-design.webp'><img decoding=\"async\" width=\"1076\" height=\"545\" src=\"https:\/\/ledrhythm.com\/wp-content\/uploads\/2025\/10\/sports-lighting-design.webp\" class=\"attachment-full size-full\" alt=\"dise\u00f1o de iluminaci\u00f3n deportiva\" srcset=\"https:\/\/ledrhythm.com\/wp-content\/uploads\/2025\/10\/sports-lighting-design.webp 1076w, https:\/\/ledrhythm.com\/wp-content\/uploads\/2025\/10\/sports-lighting-design-300x152.webp 300w, https:\/\/ledrhythm.com\/wp-content\/uploads\/2025\/10\/sports-lighting-design-1024x519.webp 1024w, https:\/\/ledrhythm.com\/wp-content\/uploads\/2025\/10\/sports-lighting-design-768x389.webp 768w, https:\/\/ledrhythm.com\/wp-content\/uploads\/2025\/10\/sports-lighting-design-18x9.webp 18w, https:\/\/ledrhythm.com\/wp-content\/uploads\/2025\/10\/sports-lighting-design-700x355.webp 700w\" sizes=\"(max-width: 1076px) 100vw, 1076px\" \/><\/a>\n\t\t\t<\/div><\/figure>\n\t\t<\/div>\n\t\t<\/div>\n\t\t\t\t\t\t<\/div>\n\t\t\t\t<div class=\"elementor-element elementor-element-d1d2acd elementor-widget elementor-widget-heading\" data-id=\"d1d2acd\" data-element_type=\"widget\" data-e-type=\"widget\" data-widget_type=\"heading.default\">\n\t\t\t\t\t<h2 class=\"elementor-heading-title elementor-size-default\">\u00bfPor qu\u00e9 hay que dise\u00f1ar profesionalmente una soluci\u00f3n de iluminaci\u00f3n?<\/h2>\t\t\t\t<\/div>\n\t\t\t\t<div class=\"elementor-element elementor-element-9c47787 elementor-widget elementor-widget-text-editor\" data-id=\"9c47787\" data-element_type=\"widget\" data-e-type=\"widget\" data-widget_type=\"text-editor.default\">\n\t\t\t\t\t\t\t\t\t<p>Muchos jefes de proyecto asumen inicialmente que la iluminaci\u00f3n es tan sencilla como \"elegir unas cuantas luminarias y que brillen lo suficiente\". Sin embargo, en la pr\u00e1ctica, un sistema de iluminaci\u00f3n sin un dise\u00f1o profesional suele adolecer de luminosidad desigual, deslumbramientos, puntos ciegos graves, derroche de energ\u00eda y elevados costes de mantenimiento. Estos problemas no s\u00f3lo afectan a la experiencia del usuario, sino que tambi\u00e9n aumentan los costes de funcionamiento a largo plazo.<\/p><p>La importancia del dise\u00f1o profesional de la iluminaci\u00f3n radica en lograr los siguientes objetivos mediante la simulaci\u00f3n \u00f3ptica y la disposici\u00f3n cient\u00edfica:<\/p><ul><li>Garantizar una iluminaci\u00f3n est\u00e1ndar y uniforme, evitando zonas de brillo u oscuridad excesivos;<\/li><li>Control del deslumbramiento UGR para mejorar el confort, especialmente en entornos deportivos, industriales y de carretera;<\/li><li>Determinar la altura de instalaci\u00f3n y el \u00e1ngulo de proyecci\u00f3n adecuados en funci\u00f3n de la estructura del emplazamiento;<\/li><li>Evitar la configuraci\u00f3n excesiva o insuficiente de las luminarias, logrando un equilibrio entre rendimiento y coste;<\/li><li>Proporcionar una base de planificaci\u00f3n para el futuro control inteligente, la regulaci\u00f3n de ahorro de energ\u00eda, el mantenimiento y la sustituci\u00f3n.<\/li><\/ul>\t\t\t\t\t\t\t\t<\/div>\n\t\t\t\t\t<\/div>\n\t\t\t\t<\/div>\n\t\t\t\t<\/div>","protected":false},"excerpt":{"rendered":"<p>Dise\u00f1o profesional de iluminaci\u00f3n Proporcionamos servicios personalizados de dise\u00f1o de iluminaci\u00f3n para diversos proyectos, incluyendo recomendaciones de luminarias, simulaciones \u00f3pticas y simulaciones Dialux. Aseg\u00farese de que se cumplen sus necesidades y normas al tiempo que se reducen los costes operativos. Obtener servicio Todos los productos En LEDRHYTHM, no s\u00f3lo ofrecemos productos LED, sino tambi\u00e9n servicios profesionales de dise\u00f1o de iluminaci\u00f3n. Tanto si necesita iluminaci\u00f3n b\u00e1sica, como iluminaci\u00f3n funcional para almacenes...<\/p>","protected":false},"author":1,"featured_media":0,"parent":0,"menu_order":0,"comment_status":"closed","ping_status":"closed","template":"elementor_header_footer","meta":{"_acf_changed":false,"_kadence_starter_templates_imported_post":false,"_kad_post_transparent":"","_kad_post_title":"hide","_kad_post_layout":"fullwidth","_kad_post_sidebar_id":"","_kad_post_content_style":"unboxed","_kad_post_vertical_padding":"hide","_kad_post_feature":"hide","_kad_post_feature_position":"","_kad_post_header":false,"_kad_post_footer":false,"footnotes":""},"class_list":["post-8551","page","type-page","status-publish","hentry"],"acf":[],"_links":{"self":[{"href":"https:\/\/ledrhythm.com\/es\/wp-json\/wp\/v2\/pages\/8551","targetHints":{"allow":["GET"]}}],"collection":[{"href":"https:\/\/ledrhythm.com\/es\/wp-json\/wp\/v2\/pages"}],"about":[{"href":"https:\/\/ledrhythm.com\/es\/wp-json\/wp\/v2\/types\/page"}],"author":[{"embeddable":true,"href":"https:\/\/ledrhythm.com\/es\/wp-json\/wp\/v2\/users\/1"}],"replies":[{"embeddable":true,"href":"https:\/\/ledrhythm.com\/es\/wp-json\/wp\/v2\/comments?post=8551"}],"version-history":[{"count":13,"href":"https:\/\/ledrhythm.com\/es\/wp-json\/wp\/v2\/pages\/8551\/revisions"}],"predecessor-version":[{"id":8617,"href":"https:\/\/ledrhythm.com\/es\/wp-json\/wp\/v2\/pages\/8551\/revisions\/8617"}],"wp:attachment":[{"href":"https:\/\/ledrhythm.com\/es\/wp-json\/wp\/v2\/media?parent=8551"}],"curies":[{"name":"wp","href":"https:\/\/api.w.org\/{rel}","templated":true}]}}